{"id":3790,"date":"2015-05-15T13:23:28","date_gmt":"2015-05-15T11:23:28","guid":{"rendered":"https:\/\/invest-park.com.pl\/?page_id=3790"},"modified":"2020-01-07T15:33:55","modified_gmt":"2020-01-07T14:33:55","slug":"investment-lands","status":"publish","type":"page","link":"https:\/\/archiwum.invest-park.com.pl\/en\/investment-lands\/","title":{"rendered":"Investment lands"},"content":{"rendered":"<div class=\"row my-3\">\n    <div class=\"col-lg-4 col-xl-3 pr-lg-0 col-wcag-12 col-side-menu\">\n        <div id=\"sidebar-wrapper\">\n            <div class=\"sidebar-inner pb-1\">\n                <h2 class=\"mb-0\">Search for investment area<\/h2>\n            <\/div>\n            <form>\n                <div class=\"form-ip-gis form-row row ml-0 mr-0  mt-3 p-3 mb-2\">\n                    <div class=\"col-lg-12 my-2\">\n                        <label for=\"expenditures\">Expenditures<\/label>\n                        <input type=\"text\" id=\"expenditures\" value=\"10000000\" class=\"form-control\" placeholder=\"Expenditures\">\n                    <\/div>\n                    <div class=\"col-lg-12  my-2\">\n                        <label for=\"currency\">Currency<\/label>\n                        <select id=\"currency\" class=\"form-control\">\n                            <option value=\"PLN\" selected>PLN<\/option>\n                            <option value=\"EUR\">EUR<\/option>\n                            <option value=\"USD\">USD<\/option>\n                            <option value=\"CZK\">CZK<\/option>\n                        <\/select>\n                    <\/div>\n                    <div class=\"col-lg-12  my-2\">\n                        <label for=\"sector\">Sector<\/label>\n                        <select id=\"sector\" class=\"form-control\">\n                            <option value=\"\" selected>All<\/option>\n                            <option value=\"przemysl\">Industry<\/option>\n                            <option value=\"uslugi\">Services<\/option>\n                        <\/select>\n                    <\/div>\n\n                    <div class=\"col-lg-12  my-2\">\n                        <label for=\"company-size\">Enterprise Size<\/label>\n                        <select id=\"company-size\" class=\"form-control\">\n                            <option value=\"mikro\">Micro<\/option>\n                            <option value=\"male\" selected>Small<\/option>\n                            <option value=\"srednie\">Medium<\/option>\n                            <option value=\"duze\">Big<\/option>\n                        <\/select>\n                    <\/div>\n                    <div class=\"col-lg-6 offset-lg-6 my-2\">\n                        <button id=\"search-button\" type=\"button\" class=\"mt-md-3 btn btn-primary form-control\"><span class=\"fa fa-search\"><\/span> Search<\/button>\n                    <\/div>\n\n                <\/div>\n            <\/form>\n            <div class=\"sidebar-inner\">\n                                <a class=\"btn btn-primary btn-ico mb-3\" href=\"\/en\/contact\/#doi\"> <span class=\"fa fa-user\"><\/span>\n                    <span>Investor Service Contact<\/span>\n                <\/a>\n                <a class=\"btn btn-primary btn-ico\" href=\"https:\/\/gis.invest-park.com.pl\/\"> <span class=\"fa fa-map\"><\/span>\n                    <span>Open the detailed GIS map<\/span>\n                <\/a>\n            <\/div>\n        <\/div>\n    <\/div>\n    <div class=\"col-lg-8 col-xl-9 col-wcag-12 pl-lg-3\">\n        <div class=\"d-flex position-relative \" id=\"wrapper-map-page\">\n            <div class=\"map-container\" id=\"page-content-wrapper\">\n                <div id=\"map\" class=\"map\"><\/div>\n                <div id=\"map-preloader\" class=\"map-preloader\" style=\"display: none;\"><\/div>\n                <div id=\"map-no-results\" class=\"map-no-results\" style=\"display: none;\">\n                    <p>There are no results to display.<\/p>\n                <\/div>\n            <\/div>\n        <\/div>\n    <\/div>\n<\/div>\n\n\n","protected":false},"excerpt":{"rendered":"\n<p class=\"text-right\"><a class=\"btn btn-secondary understrap-read-more-link\" href=\"https:\/\/archiwum.invest-park.com.pl\/en\/investment-lands\/\">Read More&#8230;<\/a><\/p>\n","protected":false},"author":1,"featured_media":0,"parent":0,"menu_order":0,"comment_status":"open","ping_status":"closed","template":"page-templates\/ip-gis-map.php","meta":{"_acf_changed":false,"footnotes":""},"class_list":["post-3790","page","type-page","status-publish","hentry"],"acf":[],"yoast_head":"<!-- This site is optimized with the Yoast SEO plugin v27.4 - https:\/\/yoast.com\/product\/yoast-seo-wordpress\/ -->\n<title>Investment lands - WSSE &quot;INVEST-PARK&quot;. Wa\u0142brzyska Specjalna Strefa Ekonomiczna &quot;INVEST-PARK&quot;.<\/title>\n<meta name=\"robots\" content=\"index, follow, max-snippet:-1, max-image-preview:large, max-video-preview:-1\" \/>\n<link rel=\"canonical\" href=\"https:\/\/archiwum.invest-park.com.pl\/en\/investment-lands\/\" \/>\n<meta property=\"og:locale\" content=\"en_US\" \/>\n<meta property=\"og:type\" content=\"article\" \/>\n<meta property=\"og:title\" content=\"Investment lands - WSSE &quot;INVEST-PARK&quot;. Wa\u0142brzyska Specjalna Strefa Ekonomiczna &quot;INVEST-PARK&quot;.\" \/>\n<meta property=\"og:description\" content=\"Read More...\" \/>\n<meta property=\"og:url\" content=\"https:\/\/archiwum.invest-park.com.pl\/en\/investment-lands\/\" \/>\n<meta property=\"og:site_name\" content=\"WSSE &quot;INVEST-PARK&quot;. Wa\u0142brzyska Specjalna Strefa Ekonomiczna &quot;INVEST-PARK&quot;.\" \/>\n<meta property=\"article:modified_time\" content=\"2020-01-07T14:33:55+00:00\" \/>\n<script type=\"application\/ld+json\" class=\"yoast-schema-graph\">{\"@context\":\"https:\\\/\\\/schema.org\",\"@graph\":[{\"@type\":\"WebPage\",\"@id\":\"https:\\\/\\\/archiwum.invest-park.com.pl\\\/en\\\/investment-lands\\\/\",\"url\":\"https:\\\/\\\/archiwum.invest-park.com.pl\\\/en\\\/investment-lands\\\/\",\"name\":\"Investment lands - WSSE &quot;INVEST-PARK&quot;. Wa\u0142brzyska Specjalna Strefa Ekonomiczna &quot;INVEST-PARK&quot;.\",\"isPartOf\":{\"@id\":\"https:\\\/\\\/archiwum.invest-park.com.pl\\\/#website\"},\"datePublished\":\"2015-05-15T11:23:28+00:00\",\"dateModified\":\"2020-01-07T14:33:55+00:00\",\"breadcrumb\":{\"@id\":\"https:\\\/\\\/archiwum.invest-park.com.pl\\\/en\\\/investment-lands\\\/#breadcrumb\"},\"inLanguage\":\"en-US\",\"potentialAction\":[{\"@type\":\"ReadAction\",\"target\":[\"https:\\\/\\\/archiwum.invest-park.com.pl\\\/en\\\/investment-lands\\\/\"]}]},{\"@type\":\"BreadcrumbList\",\"@id\":\"https:\\\/\\\/archiwum.invest-park.com.pl\\\/en\\\/investment-lands\\\/#breadcrumb\",\"itemListElement\":[{\"@type\":\"ListItem\",\"position\":1,\"name\":\"Strona g\u0142\u00f3wna\",\"item\":\"https:\\\/\\\/archiwum.invest-park.com.pl\\\/en\\\/\"},{\"@type\":\"ListItem\",\"position\":2,\"name\":\"Investment lands\"}]},{\"@type\":\"WebSite\",\"@id\":\"https:\\\/\\\/archiwum.invest-park.com.pl\\\/#website\",\"url\":\"https:\\\/\\\/archiwum.invest-park.com.pl\\\/\",\"name\":\"WSSE &quot;INVEST-PARK&quot;. Wa\u0142brzyska Specjalna Strefa Ekonomiczna &quot;INVEST-PARK&quot;.\",\"description\":\"Wa\u0142brzyska Specjalna Strefa Ekonomiczna to jedna z najwi\u0119kszych i najdynamiczniej rozwijaj\u0105cych si\u0119 stref ekonomicznych w Polsce | Znajd\u017a tereny inwestycyjne z ulgami podatkowymi | Dzia\u0142ki inwestycyjne | Tereny inwestycyjne | Strefy ekonomiczne w Polsce | Invest in Poland in Special Economic Zone\",\"potentialAction\":[{\"@type\":\"SearchAction\",\"target\":{\"@type\":\"EntryPoint\",\"urlTemplate\":\"https:\\\/\\\/archiwum.invest-park.com.pl\\\/?s={search_term_string}\"},\"query-input\":{\"@type\":\"PropertyValueSpecification\",\"valueRequired\":true,\"valueName\":\"search_term_string\"}}],\"inLanguage\":\"en-US\"}]}<\/script>\n<!-- \/ Yoast SEO plugin. -->","yoast_head_json":{"title":"Investment lands - WSSE &quot;INVEST-PARK&quot;. Wa\u0142brzyska Specjalna Strefa Ekonomiczna &quot;INVEST-PARK&quot;.","robots":{"index":"index","follow":"follow","max-snippet":"max-snippet:-1","max-image-preview":"max-image-preview:large","max-video-preview":"max-video-preview:-1"},"canonical":"https:\/\/archiwum.invest-park.com.pl\/en\/investment-lands\/","og_locale":"en_US","og_type":"article","og_title":"Investment lands - WSSE &quot;INVEST-PARK&quot;. Wa\u0142brzyska Specjalna Strefa Ekonomiczna &quot;INVEST-PARK&quot;.","og_description":"Read More...","og_url":"https:\/\/archiwum.invest-park.com.pl\/en\/investment-lands\/","og_site_name":"WSSE &quot;INVEST-PARK&quot;. Wa\u0142brzyska Specjalna Strefa Ekonomiczna &quot;INVEST-PARK&quot;.","article_modified_time":"2020-01-07T14:33:55+00:00","schema":{"@context":"https:\/\/schema.org","@graph":[{"@type":"WebPage","@id":"https:\/\/archiwum.invest-park.com.pl\/en\/investment-lands\/","url":"https:\/\/archiwum.invest-park.com.pl\/en\/investment-lands\/","name":"Investment lands - WSSE &quot;INVEST-PARK&quot;. Wa\u0142brzyska Specjalna Strefa Ekonomiczna &quot;INVEST-PARK&quot;.","isPartOf":{"@id":"https:\/\/archiwum.invest-park.com.pl\/#website"},"datePublished":"2015-05-15T11:23:28+00:00","dateModified":"2020-01-07T14:33:55+00:00","breadcrumb":{"@id":"https:\/\/archiwum.invest-park.com.pl\/en\/investment-lands\/#breadcrumb"},"inLanguage":"en-US","potentialAction":[{"@type":"ReadAction","target":["https:\/\/archiwum.invest-park.com.pl\/en\/investment-lands\/"]}]},{"@type":"BreadcrumbList","@id":"https:\/\/archiwum.invest-park.com.pl\/en\/investment-lands\/#breadcrumb","itemListElement":[{"@type":"ListItem","position":1,"name":"Strona g\u0142\u00f3wna","item":"https:\/\/archiwum.invest-park.com.pl\/en\/"},{"@type":"ListItem","position":2,"name":"Investment lands"}]},{"@type":"WebSite","@id":"https:\/\/archiwum.invest-park.com.pl\/#website","url":"https:\/\/archiwum.invest-park.com.pl\/","name":"WSSE &quot;INVEST-PARK&quot;. Wa\u0142brzyska Specjalna Strefa Ekonomiczna &quot;INVEST-PARK&quot;.","description":"Wa\u0142brzyska Specjalna Strefa Ekonomiczna to jedna z najwi\u0119kszych i najdynamiczniej rozwijaj\u0105cych si\u0119 stref ekonomicznych w Polsce | Znajd\u017a tereny inwestycyjne z ulgami podatkowymi | Dzia\u0142ki inwestycyjne | Tereny inwestycyjne | Strefy ekonomiczne w Polsce | Invest in Poland in Special Economic Zone","potentialAction":[{"@type":"SearchAction","target":{"@type":"EntryPoint","urlTemplate":"https:\/\/archiwum.invest-park.com.pl\/?s={search_term_string}"},"query-input":{"@type":"PropertyValueSpecification","valueRequired":true,"valueName":"search_term_string"}}],"inLanguage":"en-US"}]}},"_links":{"self":[{"href":"https:\/\/archiwum.invest-park.com.pl\/en\/wp-json\/wp\/v2\/pages\/3790","targetHints":{"allow":["GET"]}}],"collection":[{"href":"https:\/\/archiwum.invest-park.com.pl\/en\/wp-json\/wp\/v2\/pages"}],"about":[{"href":"https:\/\/archiwum.invest-park.com.pl\/en\/wp-json\/wp\/v2\/types\/page"}],"author":[{"embeddable":true,"href":"https:\/\/archiwum.invest-park.com.pl\/en\/wp-json\/wp\/v2\/users\/1"}],"replies":[{"embeddable":true,"href":"https:\/\/archiwum.invest-park.com.pl\/en\/wp-json\/wp\/v2\/comments?post=3790"}],"version-history":[{"count":2,"href":"https:\/\/archiwum.invest-park.com.pl\/en\/wp-json\/wp\/v2\/pages\/3790\/revisions"}],"predecessor-version":[{"id":11959,"href":"https:\/\/archiwum.invest-park.com.pl\/en\/wp-json\/wp\/v2\/pages\/3790\/revisions\/11959"}],"wp:attachment":[{"href":"https:\/\/archiwum.invest-park.com.pl\/en\/wp-json\/wp\/v2\/media?parent=3790"}],"curies":[{"name":"wp","href":"https:\/\/api.w.org\/{rel}","templated":true}]}}