{"id":18607,"date":"2021-05-28T14:49:13","date_gmt":"2021-05-28T12:49:13","guid":{"rendered":"https:\/\/invest-park.com.pl\/?page_id=18607"},"modified":"2021-06-01T09:17:12","modified_gmt":"2021-06-01T07:17:12","slug":"tax-exemptions-2","status":"publish","type":"page","link":"https:\/\/archiwum.invest-park.com.pl\/en\/tax-exemptions-2\/","title":{"rendered":"Tax Exemptions"},"content":{"rendered":"<p>While operating a business activity on the territory of a special economic zone, the entrepreneur granted the permit can count on income tax exemptions (Polish CIT or PIT depending on the form of a running business).<br \/>\n<a href=\"https:\/\/archiwum.invest-park.com.pl\/wp-content\/uploads\/2018\/11\/ulgiEN_POPR.png\"><img loading=\"lazy\" decoding=\"async\" class=\"alignnone wp-image-617 size-full\" src=\"https:\/\/archiwum.invest-park.com.pl\/wp-content\/uploads\/2018\/11\/ulgiEN_POPR.png\" alt=\"infografika\" width=\"600\" height=\"420\" \/><\/a><br \/>\nThe amount of public aid is counted as a percentage of:<\/p>\n<ul>\n<li>costs related to the new investment<\/li>\n<li>cost related to creation of new jobs<\/li>\n<\/ul>\n<p>&nbsp;<\/p>\n<p><strong>As eligible costs that are allowed as associated to the new investment one can take:<\/strong><\/p>\n<ul>\n<li>purchase of land or the perpetual usufruct right,<\/li>\n<li>purchase or creation by one\u2019s self tangible assets under the condition that they will be incorporated to company\u2019s assets,<\/li>\n<li>development or modernization of already owned tangible assets,<\/li>\n<li>obtaining intangible assets related to transfer of technology (patents, licences, know-how, not patented technical knowledge),<\/li>\n<li>costs related to rent or lease of lands, buildings and structures under the condition that the rent or lease lasts at least 5 years (large enterprise) or 3 years (SME) from planned date of finishing the new investment,<\/li>\n<li>financial leasing of assets other than lands, buildings and structures under the condition that they are bought once the day of rent or lease expires.<\/li>\n<\/ul>\n<p>The entrepreneur is obliged to maintain the investment in the region for at least <strong>5<\/strong> years (large enterprise) or <strong>3<\/strong> years (SME). In addition all purchased assets must be maintained for 5\/3 years from entering them into the records of tangible and intangible assets. The only exception is replacement of equipment due to fast technological development.<\/p>\n<p>Fixed assets purchased by large enterprises must be new. Small and medium enterprises can buy second-hand fixed assets.<\/p>\n<p><strong>As expenses related to creating new jobs<\/strong> one should understand two-year-period costs of newly hired employees (after the permit is granted) in connection with the investment. The expenses cover gross costs of employment extended by compulsory social insurance contributions. In addition newly created jobs must be maintained for 5 years (large enterprise) or 3(SME).<\/p>\n<p><strong>Minimum value of an investment in a special economic zone is 100 thous. EUR according to NBP exchange rate published on the day that the permit was granted. <\/strong><\/p>\n<p>The status of an enterprise influences the amount of public aid. The smaller the enterprise, the bigger the percentage of provided aid can be.<\/p>\n<table>\n<thead>\n<tr>\n<th style=\"text-align: left\">Size of enterprise<\/th>\n<th style=\"text-align: left\">Lubuskie and Opolskie Province<\/th>\n<th style=\"text-align: left\">Dolno\u015bl\u0105skie and Wielkopolskie Province<\/th>\n<\/tr>\n<\/thead>\n<tbody>\n<tr>\n<td>large<\/td>\n<td>up to 35%<\/td>\n<td>up to 25%<\/td>\n<\/tr>\n<tr>\n<td>medium<\/td>\n<td>up to 45%<\/td>\n<td>up to 35%<\/td>\n<\/tr>\n<tr>\n<td>small and micro<\/td>\n<td>up to 55%<\/td>\n<td>up to 45%<\/td>\n<\/tr>\n<\/tbody>\n<\/table>\n<p><strong>Description:<\/strong> the chart presents the level of regional public aid for provinces in which Wa\u0142brzych Economic Zone operates.<\/p>\n<ul>\n<li><a href=\"\" class=\"permalink-shortcode\" title=\"\">Check the level of income tax exemption for your enterprise<\/a><\/li>\n<li><a href=\"https:\/\/archiwum.invest-park.com.pl\/en\/how-to-evaluate-the-size-of-an-enterprise\/\" class=\"permalink-shortcode\" title=\"Size of an enterprise\">Validate the size of your enterprise<\/a><\/li>\n<\/ul>\n<p>&nbsp;<\/p>\n<p>In one investment project the entrepreneur can use different sources of public aid, not only the income tax exemption but amongst others also European donations, government grants, co-financing the creation of new jobs, real estate tax exemptions.<\/p>\n<ul>\n<li><a href=\"https:\/\/archiwum.invest-park.com.pl\/en\/accumulation-of-public-aid\/\" class=\"permalink-shortcode\" title=\"Accumulation of public aid\">Accumulation of public aid<\/a><\/li>\n<\/ul>\n","protected":false},"excerpt":{"rendered":"<p>While operating a business activity on the territory of a special economic zone, the entrepreneur granted the permit can count on income tax exemptions (Polish CIT or PIT depending on the form of a running business). The amount of public aid is counted as a percentage of: costs related to the new investment cost related <\/p>\n<p class=\"text-right\"><a class=\"btn btn-secondary understrap-read-more-link\" href=\"https:\/\/archiwum.invest-park.com.pl\/en\/tax-exemptions-2\/\">Read More&#8230;<\/a><\/p>\n","protected":false},"author":334,"featured_media":0,"parent":0,"menu_order":0,"comment_status":"closed","ping_status":"closed","template":"","meta":{"_acf_changed":false,"footnotes":""},"class_list":["post-18607","page","type-page","status-publish","hentry"],"acf":[],"yoast_head":"<!-- This site is optimized with the Yoast SEO plugin v27.4 - https:\/\/yoast.com\/product\/yoast-seo-wordpress\/ -->\n<title>Tax Exemptions - WSSE &quot;INVEST-PARK&quot;. Wa\u0142brzyska Specjalna Strefa Ekonomiczna &quot;INVEST-PARK&quot;.<\/title>\n<meta name=\"robots\" content=\"index, follow, max-snippet:-1, max-image-preview:large, max-video-preview:-1\" \/>\n<link rel=\"canonical\" href=\"https:\/\/archiwum.invest-park.com.pl\/en\/tax-exemptions-2\/\" \/>\n<meta property=\"og:locale\" content=\"en_US\" \/>\n<meta property=\"og:type\" content=\"article\" \/>\n<meta property=\"og:title\" content=\"Tax Exemptions - WSSE &quot;INVEST-PARK&quot;. Wa\u0142brzyska Specjalna Strefa Ekonomiczna &quot;INVEST-PARK&quot;.\" \/>\n<meta property=\"og:description\" content=\"While operating a business activity on the territory of a special economic zone, the entrepreneur granted the permit can count on income tax exemptions (Polish CIT or PIT depending on the form of a running business). The amount of public aid is counted as a percentage of: costs related to the new investment cost related Read More...\" \/>\n<meta property=\"og:url\" content=\"https:\/\/archiwum.invest-park.com.pl\/en\/tax-exemptions-2\/\" \/>\n<meta property=\"og:site_name\" content=\"WSSE &quot;INVEST-PARK&quot;. Wa\u0142brzyska Specjalna Strefa Ekonomiczna &quot;INVEST-PARK&quot;.\" \/>\n<meta property=\"article:modified_time\" content=\"2021-06-01T07:17:12+00:00\" \/>\n<meta property=\"og:image\" content=\"https:\/\/archiwum.invest-park.com.pl\/wp-content\/uploads\/2018\/11\/ulgiEN_POPR.png\" \/>\n<meta name=\"twitter:label1\" content=\"Est. reading time\" \/>\n\t<meta name=\"twitter:data1\" content=\"3 minutes\" \/>\n<script type=\"application\/ld+json\" class=\"yoast-schema-graph\">{\"@context\":\"https:\\\/\\\/schema.org\",\"@graph\":[{\"@type\":\"WebPage\",\"@id\":\"https:\\\/\\\/archiwum.invest-park.com.pl\\\/en\\\/tax-exemptions-2\\\/\",\"url\":\"https:\\\/\\\/archiwum.invest-park.com.pl\\\/en\\\/tax-exemptions-2\\\/\",\"name\":\"Tax Exemptions - WSSE &quot;INVEST-PARK&quot;. Wa\u0142brzyska Specjalna Strefa Ekonomiczna &quot;INVEST-PARK&quot;.\",\"isPartOf\":{\"@id\":\"https:\\\/\\\/archiwum.invest-park.com.pl\\\/#website\"},\"primaryImageOfPage\":{\"@id\":\"https:\\\/\\\/archiwum.invest-park.com.pl\\\/en\\\/tax-exemptions-2\\\/#primaryimage\"},\"image\":{\"@id\":\"https:\\\/\\\/archiwum.invest-park.com.pl\\\/en\\\/tax-exemptions-2\\\/#primaryimage\"},\"thumbnailUrl\":\"https:\\\/\\\/archiwum.invest-park.com.pl\\\/wp-content\\\/uploads\\\/2018\\\/11\\\/ulgiEN_POPR.png\",\"datePublished\":\"2021-05-28T12:49:13+00:00\",\"dateModified\":\"2021-06-01T07:17:12+00:00\",\"breadcrumb\":{\"@id\":\"https:\\\/\\\/archiwum.invest-park.com.pl\\\/en\\\/tax-exemptions-2\\\/#breadcrumb\"},\"inLanguage\":\"en-US\",\"potentialAction\":[{\"@type\":\"ReadAction\",\"target\":[\"https:\\\/\\\/archiwum.invest-park.com.pl\\\/en\\\/tax-exemptions-2\\\/\"]}]},{\"@type\":\"ImageObject\",\"inLanguage\":\"en-US\",\"@id\":\"https:\\\/\\\/archiwum.invest-park.com.pl\\\/en\\\/tax-exemptions-2\\\/#primaryimage\",\"url\":\"https:\\\/\\\/archiwum.invest-park.com.pl\\\/wp-content\\\/uploads\\\/2018\\\/11\\\/ulgiEN_POPR.png\",\"contentUrl\":\"https:\\\/\\\/archiwum.invest-park.com.pl\\\/wp-content\\\/uploads\\\/2018\\\/11\\\/ulgiEN_POPR.png\"},{\"@type\":\"BreadcrumbList\",\"@id\":\"https:\\\/\\\/archiwum.invest-park.com.pl\\\/en\\\/tax-exemptions-2\\\/#breadcrumb\",\"itemListElement\":[{\"@type\":\"ListItem\",\"position\":1,\"name\":\"Strona g\u0142\u00f3wna\",\"item\":\"https:\\\/\\\/archiwum.invest-park.com.pl\\\/en\\\/\"},{\"@type\":\"ListItem\",\"position\":2,\"name\":\"Tax Exemptions\"}]},{\"@type\":\"WebSite\",\"@id\":\"https:\\\/\\\/archiwum.invest-park.com.pl\\\/#website\",\"url\":\"https:\\\/\\\/archiwum.invest-park.com.pl\\\/\",\"name\":\"WSSE &quot;INVEST-PARK&quot;. Wa\u0142brzyska Specjalna Strefa Ekonomiczna &quot;INVEST-PARK&quot;.\",\"description\":\"Wa\u0142brzyska Specjalna Strefa Ekonomiczna to jedna z najwi\u0119kszych i najdynamiczniej rozwijaj\u0105cych si\u0119 stref ekonomicznych w Polsce | Znajd\u017a tereny inwestycyjne z ulgami podatkowymi | Dzia\u0142ki inwestycyjne | Tereny inwestycyjne | Strefy ekonomiczne w Polsce | Invest in Poland in Special Economic Zone\",\"potentialAction\":[{\"@type\":\"SearchAction\",\"target\":{\"@type\":\"EntryPoint\",\"urlTemplate\":\"https:\\\/\\\/archiwum.invest-park.com.pl\\\/?s={search_term_string}\"},\"query-input\":{\"@type\":\"PropertyValueSpecification\",\"valueRequired\":true,\"valueName\":\"search_term_string\"}}],\"inLanguage\":\"en-US\"}]}<\/script>\n<!-- \/ Yoast SEO plugin. -->","yoast_head_json":{"title":"Tax Exemptions - WSSE &quot;INVEST-PARK&quot;. Wa\u0142brzyska Specjalna Strefa Ekonomiczna &quot;INVEST-PARK&quot;.","robots":{"index":"index","follow":"follow","max-snippet":"max-snippet:-1","max-image-preview":"max-image-preview:large","max-video-preview":"max-video-preview:-1"},"canonical":"https:\/\/archiwum.invest-park.com.pl\/en\/tax-exemptions-2\/","og_locale":"en_US","og_type":"article","og_title":"Tax Exemptions - WSSE &quot;INVEST-PARK&quot;. Wa\u0142brzyska Specjalna Strefa Ekonomiczna &quot;INVEST-PARK&quot;.","og_description":"While operating a business activity on the territory of a special economic zone, the entrepreneur granted the permit can count on income tax exemptions (Polish CIT or PIT depending on the form of a running business). The amount of public aid is counted as a percentage of: costs related to the new investment cost related Read More...","og_url":"https:\/\/archiwum.invest-park.com.pl\/en\/tax-exemptions-2\/","og_site_name":"WSSE &quot;INVEST-PARK&quot;. Wa\u0142brzyska Specjalna Strefa Ekonomiczna &quot;INVEST-PARK&quot;.","article_modified_time":"2021-06-01T07:17:12+00:00","og_image":[{"url":"https:\/\/archiwum.invest-park.com.pl\/wp-content\/uploads\/2018\/11\/ulgiEN_POPR.png","type":"","width":"","height":""}],"twitter_misc":{"Est. reading time":"3 minutes"},"schema":{"@context":"https:\/\/schema.org","@graph":[{"@type":"WebPage","@id":"https:\/\/archiwum.invest-park.com.pl\/en\/tax-exemptions-2\/","url":"https:\/\/archiwum.invest-park.com.pl\/en\/tax-exemptions-2\/","name":"Tax Exemptions - WSSE &quot;INVEST-PARK&quot;. Wa\u0142brzyska Specjalna Strefa Ekonomiczna &quot;INVEST-PARK&quot;.","isPartOf":{"@id":"https:\/\/archiwum.invest-park.com.pl\/#website"},"primaryImageOfPage":{"@id":"https:\/\/archiwum.invest-park.com.pl\/en\/tax-exemptions-2\/#primaryimage"},"image":{"@id":"https:\/\/archiwum.invest-park.com.pl\/en\/tax-exemptions-2\/#primaryimage"},"thumbnailUrl":"https:\/\/archiwum.invest-park.com.pl\/wp-content\/uploads\/2018\/11\/ulgiEN_POPR.png","datePublished":"2021-05-28T12:49:13+00:00","dateModified":"2021-06-01T07:17:12+00:00","breadcrumb":{"@id":"https:\/\/archiwum.invest-park.com.pl\/en\/tax-exemptions-2\/#breadcrumb"},"inLanguage":"en-US","potentialAction":[{"@type":"ReadAction","target":["https:\/\/archiwum.invest-park.com.pl\/en\/tax-exemptions-2\/"]}]},{"@type":"ImageObject","inLanguage":"en-US","@id":"https:\/\/archiwum.invest-park.com.pl\/en\/tax-exemptions-2\/#primaryimage","url":"https:\/\/archiwum.invest-park.com.pl\/wp-content\/uploads\/2018\/11\/ulgiEN_POPR.png","contentUrl":"https:\/\/archiwum.invest-park.com.pl\/wp-content\/uploads\/2018\/11\/ulgiEN_POPR.png"},{"@type":"BreadcrumbList","@id":"https:\/\/archiwum.invest-park.com.pl\/en\/tax-exemptions-2\/#breadcrumb","itemListElement":[{"@type":"ListItem","position":1,"name":"Strona g\u0142\u00f3wna","item":"https:\/\/archiwum.invest-park.com.pl\/en\/"},{"@type":"ListItem","position":2,"name":"Tax Exemptions"}]},{"@type":"WebSite","@id":"https:\/\/archiwum.invest-park.com.pl\/#website","url":"https:\/\/archiwum.invest-park.com.pl\/","name":"WSSE &quot;INVEST-PARK&quot;. Wa\u0142brzyska Specjalna Strefa Ekonomiczna &quot;INVEST-PARK&quot;.","description":"Wa\u0142brzyska Specjalna Strefa Ekonomiczna to jedna z najwi\u0119kszych i najdynamiczniej rozwijaj\u0105cych si\u0119 stref ekonomicznych w Polsce | Znajd\u017a tereny inwestycyjne z ulgami podatkowymi | Dzia\u0142ki inwestycyjne | Tereny inwestycyjne | Strefy ekonomiczne w Polsce | Invest in Poland in Special Economic Zone","potentialAction":[{"@type":"SearchAction","target":{"@type":"EntryPoint","urlTemplate":"https:\/\/archiwum.invest-park.com.pl\/?s={search_term_string}"},"query-input":{"@type":"PropertyValueSpecification","valueRequired":true,"valueName":"search_term_string"}}],"inLanguage":"en-US"}]}},"_links":{"self":[{"href":"https:\/\/archiwum.invest-park.com.pl\/en\/wp-json\/wp\/v2\/pages\/18607","targetHints":{"allow":["GET"]}}],"collection":[{"href":"https:\/\/archiwum.invest-park.com.pl\/en\/wp-json\/wp\/v2\/pages"}],"about":[{"href":"https:\/\/archiwum.invest-park.com.pl\/en\/wp-json\/wp\/v2\/types\/page"}],"author":[{"embeddable":true,"href":"https:\/\/archiwum.invest-park.com.pl\/en\/wp-json\/wp\/v2\/users\/334"}],"replies":[{"embeddable":true,"href":"https:\/\/archiwum.invest-park.com.pl\/en\/wp-json\/wp\/v2\/comments?post=18607"}],"version-history":[{"count":1,"href":"https:\/\/archiwum.invest-park.com.pl\/en\/wp-json\/wp\/v2\/pages\/18607\/revisions"}],"predecessor-version":[{"id":18608,"href":"https:\/\/archiwum.invest-park.com.pl\/en\/wp-json\/wp\/v2\/pages\/18607\/revisions\/18608"}],"wp:attachment":[{"href":"https:\/\/archiwum.invest-park.com.pl\/en\/wp-json\/wp\/v2\/media?parent=18607"}],"curies":[{"name":"wp","href":"https:\/\/api.w.org\/{rel}","templated":true}]}}