{"id":18272,"date":"2021-05-17T08:36:50","date_gmt":"2021-05-17T06:36:50","guid":{"rendered":"https:\/\/invest-park.com.pl\/?page_id=18272"},"modified":"2021-05-17T08:36:50","modified_gmt":"2021-05-17T06:36:50","slug":"services","status":"publish","type":"page","link":"https:\/\/archiwum.invest-park.com.pl\/en\/services\/","title":{"rendered":"Services"},"content":{"rendered":"<p><strong><b>Entrepreneurs functioning in the Wa\u0142brzych Special Economic Zone &#8220;INVEST-PARK&#8221; are provided with post-investment care, which includes the following activities:<\/b><\/strong><\/p>\n<p><strong><b>Training for entrepreneurs <\/b><\/strong>The training offer for entrepreneurs is conducted in two parallel directions:<\/p>\n<p><strong><b>Public webinars &#8211; <\/b><\/strong>due to the uncertain situation caused by COVID-19, trainings in 2021 will be organized mostly in the online formula. The thematic scope of the courses will cover the areas of accounting and tax, HR, OHS and environmental protection.<\/p>\n<p><strong><b>The WSEZ Academy Premium Service &#8211; <\/b><\/strong>training programs tailored to the needs of investors operating in the area managed by the Company, who have signed a contract for the provision of services or for an administration fee. Top quality services will be provided in the form of lectures within selected modules (e.g. Leadership Academy, Management Academy, Engineering Academy, Accounting Academy) taught by well-known and experienced academic lecturers and practitioners in a given area. The inclusion of the Academy formula in the training platform will contribute to the development of services offered to entrepreneurs by the Company. What is more, it will strengthen the image and brand of the Company, which in the future will lead to the development of this area towards commercial, paid training services.<\/p>\n<p><strong><b>Bulk purchase group &#8211; <\/b><\/strong>the group was set up in order to decrease the rates for utilities, which translates into a tangible reduction in the costs of running a business. Within the group, electricity and gas rates are negotiated. In 2021, promotional and informational activities will be continued in order to increase the number of partners and organize training on how to optimize energy costs. It is also planned to expand the range of services that could be purchased collectively.<\/p>\n<p><strong><b>Export officer &#8211; <\/b><\/strong>performs<strong><b>\u00a0<\/b><\/strong>activities intended to support our tenants in the area of export. The support consists mainly in informational activities concerning funds and subsidies that can be obtained to support exports, as well as the organization of workshops in this area. At a later stage, it is planned to organise trips abroad aimed at promoting Polish companies operating in the zone.<\/p>\n<p><strong><b>Regular meetings &#8211; <\/b><\/strong>meetings with tenants conducted as part of post-investment care, aimed at updating information about their individual situation, identifying their needs and plans. This activity constitutes a significant portion of the work of the Investor Service Department.<\/p>\n<p><strong><b>Educational Cluster &#8211; <\/b><\/strong>in 2015, the Wa\u0142brzych zone established the &#8220;INVEST in EDU&#8221; Educational Cluster, whose main goal is to combine economic, educational and scientific potential by adapting education to the needs of the economy and the local labor market. The cluster also focuses on increasing the innovativeness of enterprises by fostering cooperation between science and business, as well as by a transfer of knowledge and human capital between these areas. An important aspect of the cluster&#8217;s functioning is to increase the knowledge and competences of future employees and promote vocational education among secondary school students, their parents or guardians. The project is being conducted under the honorary patronage of the Ministry of National Education.<\/p>\n<p>Currently, the &#8220;INVEST in EDU&#8221; Educational Cluster gathers more than 120 entities, including entrepreneurs, primary, secondary, professional and technical schools, as well as universities, support institutions and business-related organizations.<\/p>\n","protected":false},"excerpt":{"rendered":"<p>Entrepreneurs functioning in the Wa\u0142brzych Special Economic Zone &#8220;INVEST-PARK&#8221; are provided with post-investment care, which includes the following activities: Training for entrepreneurs The training offer for entrepreneurs is conducted in two parallel directions: Public webinars &#8211; due to the uncertain situation caused by COVID-19, trainings in 2021 will be organized mostly in the online formula. <\/p>\n<p class=\"text-right\"><a class=\"btn btn-secondary understrap-read-more-link\" href=\"https:\/\/archiwum.invest-park.com.pl\/en\/services\/\">Read More&#8230;<\/a><\/p>\n","protected":false},"author":1,"featured_media":0,"parent":0,"menu_order":0,"comment_status":"closed","ping_status":"closed","template":"","meta":{"_acf_changed":false,"footnotes":""},"class_list":["post-18272","page","type-page","status-publish","hentry"],"acf":[],"yoast_head":"<!-- This site is optimized with the Yoast SEO plugin v27.4 - https:\/\/yoast.com\/product\/yoast-seo-wordpress\/ -->\n<title>Services - WSSE &quot;INVEST-PARK&quot;. Wa\u0142brzyska Specjalna Strefa Ekonomiczna &quot;INVEST-PARK&quot;.<\/title>\n<meta name=\"robots\" content=\"index, follow, max-snippet:-1, max-image-preview:large, max-video-preview:-1\" \/>\n<link rel=\"canonical\" href=\"https:\/\/archiwum.invest-park.com.pl\/en\/services\/\" \/>\n<meta property=\"og:locale\" content=\"en_US\" \/>\n<meta property=\"og:type\" content=\"article\" \/>\n<meta property=\"og:title\" content=\"Services - WSSE &quot;INVEST-PARK&quot;. Wa\u0142brzyska Specjalna Strefa Ekonomiczna &quot;INVEST-PARK&quot;.\" \/>\n<meta property=\"og:description\" content=\"Entrepreneurs functioning in the Wa\u0142brzych Special Economic Zone &#8220;INVEST-PARK&#8221; are provided with post-investment care, which includes the following activities: Training for entrepreneurs The training offer for entrepreneurs is conducted in two parallel directions: Public webinars &#8211; due to the uncertain situation caused by COVID-19, trainings in 2021 will be organized mostly in the online formula. Read More...\" \/>\n<meta property=\"og:url\" content=\"https:\/\/archiwum.invest-park.com.pl\/en\/services\/\" \/>\n<meta property=\"og:site_name\" content=\"WSSE &quot;INVEST-PARK&quot;. Wa\u0142brzyska Specjalna Strefa Ekonomiczna &quot;INVEST-PARK&quot;.\" \/>\n<meta name=\"twitter:label1\" content=\"Est. reading time\" \/>\n\t<meta name=\"twitter:data1\" content=\"3 minutes\" \/>\n<script type=\"application\/ld+json\" class=\"yoast-schema-graph\">{\"@context\":\"https:\\\/\\\/schema.org\",\"@graph\":[{\"@type\":\"WebPage\",\"@id\":\"https:\\\/\\\/archiwum.invest-park.com.pl\\\/en\\\/services\\\/\",\"url\":\"https:\\\/\\\/archiwum.invest-park.com.pl\\\/en\\\/services\\\/\",\"name\":\"Services - WSSE &quot;INVEST-PARK&quot;. Wa\u0142brzyska Specjalna Strefa Ekonomiczna &quot;INVEST-PARK&quot;.\",\"isPartOf\":{\"@id\":\"https:\\\/\\\/archiwum.invest-park.com.pl\\\/#website\"},\"datePublished\":\"2021-05-17T06:36:50+00:00\",\"breadcrumb\":{\"@id\":\"https:\\\/\\\/archiwum.invest-park.com.pl\\\/en\\\/services\\\/#breadcrumb\"},\"inLanguage\":\"en-US\",\"potentialAction\":[{\"@type\":\"ReadAction\",\"target\":[\"https:\\\/\\\/archiwum.invest-park.com.pl\\\/en\\\/services\\\/\"]}]},{\"@type\":\"BreadcrumbList\",\"@id\":\"https:\\\/\\\/archiwum.invest-park.com.pl\\\/en\\\/services\\\/#breadcrumb\",\"itemListElement\":[{\"@type\":\"ListItem\",\"position\":1,\"name\":\"Strona g\u0142\u00f3wna\",\"item\":\"https:\\\/\\\/archiwum.invest-park.com.pl\\\/en\\\/\"},{\"@type\":\"ListItem\",\"position\":2,\"name\":\"Services\"}]},{\"@type\":\"WebSite\",\"@id\":\"https:\\\/\\\/archiwum.invest-park.com.pl\\\/#website\",\"url\":\"https:\\\/\\\/archiwum.invest-park.com.pl\\\/\",\"name\":\"WSSE &quot;INVEST-PARK&quot;. Wa\u0142brzyska Specjalna Strefa Ekonomiczna &quot;INVEST-PARK&quot;.\",\"description\":\"Wa\u0142brzyska Specjalna Strefa Ekonomiczna to jedna z najwi\u0119kszych i najdynamiczniej rozwijaj\u0105cych si\u0119 stref ekonomicznych w Polsce | Znajd\u017a tereny inwestycyjne z ulgami podatkowymi | Dzia\u0142ki inwestycyjne | Tereny inwestycyjne | Strefy ekonomiczne w Polsce | Invest in Poland in Special Economic Zone\",\"potentialAction\":[{\"@type\":\"SearchAction\",\"target\":{\"@type\":\"EntryPoint\",\"urlTemplate\":\"https:\\\/\\\/archiwum.invest-park.com.pl\\\/?s={search_term_string}\"},\"query-input\":{\"@type\":\"PropertyValueSpecification\",\"valueRequired\":true,\"valueName\":\"search_term_string\"}}],\"inLanguage\":\"en-US\"}]}<\/script>\n<!-- \/ Yoast SEO plugin. -->","yoast_head_json":{"title":"Services - WSSE &quot;INVEST-PARK&quot;. Wa\u0142brzyska Specjalna Strefa Ekonomiczna &quot;INVEST-PARK&quot;.","robots":{"index":"index","follow":"follow","max-snippet":"max-snippet:-1","max-image-preview":"max-image-preview:large","max-video-preview":"max-video-preview:-1"},"canonical":"https:\/\/archiwum.invest-park.com.pl\/en\/services\/","og_locale":"en_US","og_type":"article","og_title":"Services - WSSE &quot;INVEST-PARK&quot;. Wa\u0142brzyska Specjalna Strefa Ekonomiczna &quot;INVEST-PARK&quot;.","og_description":"Entrepreneurs functioning in the Wa\u0142brzych Special Economic Zone &#8220;INVEST-PARK&#8221; are provided with post-investment care, which includes the following activities: Training for entrepreneurs The training offer for entrepreneurs is conducted in two parallel directions: Public webinars &#8211; due to the uncertain situation caused by COVID-19, trainings in 2021 will be organized mostly in the online formula. Read More...","og_url":"https:\/\/archiwum.invest-park.com.pl\/en\/services\/","og_site_name":"WSSE &quot;INVEST-PARK&quot;. Wa\u0142brzyska Specjalna Strefa Ekonomiczna &quot;INVEST-PARK&quot;.","twitter_misc":{"Est. reading time":"3 minutes"},"schema":{"@context":"https:\/\/schema.org","@graph":[{"@type":"WebPage","@id":"https:\/\/archiwum.invest-park.com.pl\/en\/services\/","url":"https:\/\/archiwum.invest-park.com.pl\/en\/services\/","name":"Services - WSSE &quot;INVEST-PARK&quot;. Wa\u0142brzyska Specjalna Strefa Ekonomiczna &quot;INVEST-PARK&quot;.","isPartOf":{"@id":"https:\/\/archiwum.invest-park.com.pl\/#website"},"datePublished":"2021-05-17T06:36:50+00:00","breadcrumb":{"@id":"https:\/\/archiwum.invest-park.com.pl\/en\/services\/#breadcrumb"},"inLanguage":"en-US","potentialAction":[{"@type":"ReadAction","target":["https:\/\/archiwum.invest-park.com.pl\/en\/services\/"]}]},{"@type":"BreadcrumbList","@id":"https:\/\/archiwum.invest-park.com.pl\/en\/services\/#breadcrumb","itemListElement":[{"@type":"ListItem","position":1,"name":"Strona g\u0142\u00f3wna","item":"https:\/\/archiwum.invest-park.com.pl\/en\/"},{"@type":"ListItem","position":2,"name":"Services"}]},{"@type":"WebSite","@id":"https:\/\/archiwum.invest-park.com.pl\/#website","url":"https:\/\/archiwum.invest-park.com.pl\/","name":"WSSE &quot;INVEST-PARK&quot;. Wa\u0142brzyska Specjalna Strefa Ekonomiczna &quot;INVEST-PARK&quot;.","description":"Wa\u0142brzyska Specjalna Strefa Ekonomiczna to jedna z najwi\u0119kszych i najdynamiczniej rozwijaj\u0105cych si\u0119 stref ekonomicznych w Polsce | Znajd\u017a tereny inwestycyjne z ulgami podatkowymi | Dzia\u0142ki inwestycyjne | Tereny inwestycyjne | Strefy ekonomiczne w Polsce | Invest in Poland in Special Economic Zone","potentialAction":[{"@type":"SearchAction","target":{"@type":"EntryPoint","urlTemplate":"https:\/\/archiwum.invest-park.com.pl\/?s={search_term_string}"},"query-input":{"@type":"PropertyValueSpecification","valueRequired":true,"valueName":"search_term_string"}}],"inLanguage":"en-US"}]}},"_links":{"self":[{"href":"https:\/\/archiwum.invest-park.com.pl\/en\/wp-json\/wp\/v2\/pages\/18272","targetHints":{"allow":["GET"]}}],"collection":[{"href":"https:\/\/archiwum.invest-park.com.pl\/en\/wp-json\/wp\/v2\/pages"}],"about":[{"href":"https:\/\/archiwum.invest-park.com.pl\/en\/wp-json\/wp\/v2\/types\/page"}],"author":[{"embeddable":true,"href":"https:\/\/archiwum.invest-park.com.pl\/en\/wp-json\/wp\/v2\/users\/1"}],"replies":[{"embeddable":true,"href":"https:\/\/archiwum.invest-park.com.pl\/en\/wp-json\/wp\/v2\/comments?post=18272"}],"version-history":[{"count":1,"href":"https:\/\/archiwum.invest-park.com.pl\/en\/wp-json\/wp\/v2\/pages\/18272\/revisions"}],"predecessor-version":[{"id":18273,"href":"https:\/\/archiwum.invest-park.com.pl\/en\/wp-json\/wp\/v2\/pages\/18272\/revisions\/18273"}],"wp:attachment":[{"href":"https:\/\/archiwum.invest-park.com.pl\/en\/wp-json\/wp\/v2\/media?parent=18272"}],"curies":[{"name":"wp","href":"https:\/\/api.w.org\/{rel}","templated":true}]}}