{"id":18118,"date":"2021-05-04T15:46:07","date_gmt":"2021-05-04T13:46:07","guid":{"rendered":"https:\/\/invest-park.com.pl\/?page_id=18118"},"modified":"2024-08-22T15:59:41","modified_gmt":"2024-08-22T13:59:41","slug":"management-board","status":"publish","type":"page","link":"https:\/\/archiwum.invest-park.com.pl\/en\/management-board\/","title":{"rendered":"Management Board"},"content":{"rendered":"<h4>Composition of the Management Board:<\/h4>\n<hr \/>\n<p><span class=\"ui-provider a b c d e f g h i j k l m n o p q r s t u v w x y z ab ac ae af ag ah ai aj ak\" dir=\"ltr\"><strong>Wojciech Smoli\u0144ski<\/strong> &#8211; President of the Board<\/p>\n<p>Born in Jelenia G\u00f3ra, he has been active in the Lower Silesia region his whole life. He graduated from the University of Wroc\u0142aw where he studied Administration and Marketing, and has since completed other postgraduate studies, among others, Real Estate Appraisal at Warsaw University of Technology, Understanding European Union at the Agricultural University of Wroc\u0142aw as well as Investment Law at the University of Wroc\u0142aw.<\/p>\n<p>He gained vast working experience working at Local Government Centre &#8211; Foundation of Democracy Development between 1999 and 2001 and in the Agency for Restructuring and Modernization of Agriculture &#8211; Wroc\u0142aw\u2019s regional branch between 2002 and 2006. From 2013 to 2016 he was the President of the Board of INVEST-PARK DEVELOPMENT sp. z o.o., whose majority shareholder is Wa\u0142brzych\u2019s Special Economic Zone \u2018INVEST-PARK\u2019 sp. z o.o. In the years 2014-2016 he was also a member of the board in Kamiennog\u00f3rska Special Economic Zone for Small and Medium Businesses S.A. where he learned all the aspects of the company managing the entirety of the Economic Zone. Afterward, he joined Arleg Regional Development Agency S.A. in Legnica as the Director of the team responsible for the Regional Operation Plan. From 2019 he was the Board Director of the Communal Water Service company in Bogatynia and in 2022 he became the President of the board of a Residential Partnership sp. z o.o. in Kamienna G\u00f3ra. He has great competence in managing and a broad knowledge of the economy, property management, public procurement law, and investment process.<\/span><\/p>\n<hr \/>\n<p><strong>Krzysztof Ho\u0142ub<\/strong> \u2013 Vice President of the Board<\/p>\n<p>While he was born in Koszalin, he has been active in Dolny \u015al\u0105sk for many years. He graduated from the University of Szczecin where he studied law at its Law and Administration department, and later MBA at Polish\u2013American School of Business organized by Wroc\u0142aw University of Technology and Central Connecticut State University New Britain, Connecticut, USA.<\/p>\n<p>Since 2005 he has been a legal advisor in a legal advisor partnership and has since also been appointed Vice President of Koszalin in the years 2008-2010. He was teaching at the Faculty of Management and Economics at the University of Szczecin and between 2009 and 2011 he worked as an expert in creating spin-off and spin-out companies as well as in commercializing scientific research. He was the President of the board in WKS \u015al\u0105sk Wroc\u0142aw S.A. (2013 and 2016-2017) as well as the President of Wroc\u0142awski Park Wodny S.A. partnership \u2013 Aquapark Wroc\u0142aw (2011-2019), where he managed to elevate it to the rank of the third best in Europe. In 2019 he became the Vice President of PFI FUTURE S.A., specialising in property investment and later President of TRUDO sp. z o.o., where he developed a group of companies in the construction and commercialization of office buildings. Krzysztof Ho\u0142ub has completed a number of courses, including \u2018Four pillars of manager&#8217;s proficiency\u2019 Training \u2013 Management and Development, as well as Art of Efficient Business Meetings. He is a specialist in real estate trading and has had a great deal of success in HR, where he created effective teams, recruited talented staff and supplied them with operational programs. He is skilled at operating in a dynamic and demanding business environment.<\/p>\n<hr \/>\n<p><span class=\"ui-provider a b c d e f g h i j k l m n o p q r s t u v w x y z ab ac ae af ag ah ai aj ak\" dir=\"ltr\"><strong>Teodor St\u0119pa<\/strong> \u2013 Vice President of the Board<\/p>\n<p>EMBA postgraduate with extensive experience in company management, including state-owned ones. From the beginning, he worked at managerial positions in agricultural production cooperatives to later participate in local government activities. Between 1999 and 2002 he was a member of \u015arem county\u2019s board and during the 2002-2006 period, \u015arem governor, which he later moved from to continue working in his own business. 2007-2012 was the period when he was the Vice President of Wielkopolska Agency of Enterprise Development Sp. z o.o. and the plenipotentiary of PARP in Warsaw, where he dealt in the introduction of the \u2018Innovative Economy Operational Programme\u2019 in Wielkopolska region. In 2019, after a short break, during which he was focusing on developing his own company, he returned to his previous position. He has finished a number of courses in building the team\u2019s success, savoir-vivre in business and a course for members of partnerships managing Special Economic Zones. Between 2013 and 2016 he was the Vice President of the Special Economic Zone \u2018INVEST-PARK\u2019 Sp. z o.o. in Wa\u0142brzych, thanks to which he has learned the company\u2019s profile, its inner workings, and most importantly, its mission\u00a0in\u00a0Poland.<\/span><\/p>\n<hr \/>\n<div>\n<h3><span style=\"font-size: 16px\">Management Board Secretariat:<\/span><\/h3>\n<div>\n<p>Tel. <strong>+48 74 664 91 64<\/strong><br \/>\nmail:\u00a0<a href=\"mailto:invest@invest-park.com.pl\"><strong>invest@invest-park.com.pl<\/strong><\/a><\/p>\n<\/div>\n<\/div>\n","protected":false},"excerpt":{"rendered":"<p>Composition of the Management Board: Wojciech Smoli\u0144ski &#8211; President of the Board Born in Jelenia G\u00f3ra, he has been active in the Lower Silesia region his whole life. He graduated from the University of Wroc\u0142aw where he studied Administration and Marketing, and has since completed other postgraduate studies, among others, Real Estate Appraisal at Warsaw <\/p>\n<p class=\"text-right\"><a class=\"btn btn-secondary understrap-read-more-link\" href=\"https:\/\/archiwum.invest-park.com.pl\/en\/management-board\/\">Read More&#8230;<\/a><\/p>\n","protected":false},"author":1,"featured_media":0,"parent":0,"menu_order":0,"comment_status":"open","ping_status":"closed","template":"","meta":{"_acf_changed":false,"footnotes":""},"class_list":["post-18118","page","type-page","status-publish","hentry"],"acf":[],"yoast_head":"<!-- This site is optimized with the Yoast SEO plugin v27.4 - https:\/\/yoast.com\/product\/yoast-seo-wordpress\/ -->\n<title>Management Board - WSSE &quot;INVEST-PARK&quot;. Wa\u0142brzyska Specjalna Strefa Ekonomiczna &quot;INVEST-PARK&quot;.<\/title>\n<meta name=\"robots\" content=\"index, follow, max-snippet:-1, max-image-preview:large, max-video-preview:-1\" \/>\n<link rel=\"canonical\" href=\"https:\/\/archiwum.invest-park.com.pl\/en\/management-board\/\" \/>\n<meta property=\"og:locale\" content=\"en_US\" \/>\n<meta property=\"og:type\" content=\"article\" \/>\n<meta property=\"og:title\" content=\"Management Board - WSSE &quot;INVEST-PARK&quot;. Wa\u0142brzyska Specjalna Strefa Ekonomiczna &quot;INVEST-PARK&quot;.\" \/>\n<meta property=\"og:description\" content=\"Composition of the Management Board: Wojciech Smoli\u0144ski &#8211; President of the Board Born in Jelenia G\u00f3ra, he has been active in the Lower Silesia region his whole life. He graduated from the University of Wroc\u0142aw where he studied Administration and Marketing, and has since completed other postgraduate studies, among others, Real Estate Appraisal at Warsaw Read More...\" \/>\n<meta property=\"og:url\" content=\"https:\/\/archiwum.invest-park.com.pl\/en\/management-board\/\" \/>\n<meta property=\"og:site_name\" content=\"WSSE &quot;INVEST-PARK&quot;. Wa\u0142brzyska Specjalna Strefa Ekonomiczna &quot;INVEST-PARK&quot;.\" \/>\n<meta property=\"article:modified_time\" content=\"2024-08-22T13:59:41+00:00\" \/>\n<meta name=\"twitter:label1\" content=\"Est. reading time\" \/>\n\t<meta name=\"twitter:data1\" content=\"5 minutes\" \/>\n<script type=\"application\/ld+json\" class=\"yoast-schema-graph\">{\"@context\":\"https:\\\/\\\/schema.org\",\"@graph\":[{\"@type\":\"WebPage\",\"@id\":\"https:\\\/\\\/archiwum.invest-park.com.pl\\\/en\\\/management-board\\\/\",\"url\":\"https:\\\/\\\/archiwum.invest-park.com.pl\\\/en\\\/management-board\\\/\",\"name\":\"Management Board - WSSE &quot;INVEST-PARK&quot;. Wa\u0142brzyska Specjalna Strefa Ekonomiczna &quot;INVEST-PARK&quot;.\",\"isPartOf\":{\"@id\":\"https:\\\/\\\/archiwum.invest-park.com.pl\\\/#website\"},\"datePublished\":\"2021-05-04T13:46:07+00:00\",\"dateModified\":\"2024-08-22T13:59:41+00:00\",\"breadcrumb\":{\"@id\":\"https:\\\/\\\/archiwum.invest-park.com.pl\\\/en\\\/management-board\\\/#breadcrumb\"},\"inLanguage\":\"en-US\",\"potentialAction\":[{\"@type\":\"ReadAction\",\"target\":[\"https:\\\/\\\/archiwum.invest-park.com.pl\\\/en\\\/management-board\\\/\"]}]},{\"@type\":\"BreadcrumbList\",\"@id\":\"https:\\\/\\\/archiwum.invest-park.com.pl\\\/en\\\/management-board\\\/#breadcrumb\",\"itemListElement\":[{\"@type\":\"ListItem\",\"position\":1,\"name\":\"Strona g\u0142\u00f3wna\",\"item\":\"https:\\\/\\\/archiwum.invest-park.com.pl\\\/en\\\/\"},{\"@type\":\"ListItem\",\"position\":2,\"name\":\"Management Board\"}]},{\"@type\":\"WebSite\",\"@id\":\"https:\\\/\\\/archiwum.invest-park.com.pl\\\/#website\",\"url\":\"https:\\\/\\\/archiwum.invest-park.com.pl\\\/\",\"name\":\"WSSE &quot;INVEST-PARK&quot;. Wa\u0142brzyska Specjalna Strefa Ekonomiczna &quot;INVEST-PARK&quot;.\",\"description\":\"Wa\u0142brzyska Specjalna Strefa Ekonomiczna to jedna z najwi\u0119kszych i najdynamiczniej rozwijaj\u0105cych si\u0119 stref ekonomicznych w Polsce | Znajd\u017a tereny inwestycyjne z ulgami podatkowymi | Dzia\u0142ki inwestycyjne | Tereny inwestycyjne | Strefy ekonomiczne w Polsce | Invest in Poland in Special Economic Zone\",\"potentialAction\":[{\"@type\":\"SearchAction\",\"target\":{\"@type\":\"EntryPoint\",\"urlTemplate\":\"https:\\\/\\\/archiwum.invest-park.com.pl\\\/?s={search_term_string}\"},\"query-input\":{\"@type\":\"PropertyValueSpecification\",\"valueRequired\":true,\"valueName\":\"search_term_string\"}}],\"inLanguage\":\"en-US\"}]}<\/script>\n<!-- \/ Yoast SEO plugin. -->","yoast_head_json":{"title":"Management Board - WSSE &quot;INVEST-PARK&quot;. Wa\u0142brzyska Specjalna Strefa Ekonomiczna &quot;INVEST-PARK&quot;.","robots":{"index":"index","follow":"follow","max-snippet":"max-snippet:-1","max-image-preview":"max-image-preview:large","max-video-preview":"max-video-preview:-1"},"canonical":"https:\/\/archiwum.invest-park.com.pl\/en\/management-board\/","og_locale":"en_US","og_type":"article","og_title":"Management Board - WSSE &quot;INVEST-PARK&quot;. Wa\u0142brzyska Specjalna Strefa Ekonomiczna &quot;INVEST-PARK&quot;.","og_description":"Composition of the Management Board: Wojciech Smoli\u0144ski &#8211; President of the Board Born in Jelenia G\u00f3ra, he has been active in the Lower Silesia region his whole life. He graduated from the University of Wroc\u0142aw where he studied Administration and Marketing, and has since completed other postgraduate studies, among others, Real Estate Appraisal at Warsaw Read More...","og_url":"https:\/\/archiwum.invest-park.com.pl\/en\/management-board\/","og_site_name":"WSSE &quot;INVEST-PARK&quot;. Wa\u0142brzyska Specjalna Strefa Ekonomiczna &quot;INVEST-PARK&quot;.","article_modified_time":"2024-08-22T13:59:41+00:00","twitter_misc":{"Est. reading time":"5 minutes"},"schema":{"@context":"https:\/\/schema.org","@graph":[{"@type":"WebPage","@id":"https:\/\/archiwum.invest-park.com.pl\/en\/management-board\/","url":"https:\/\/archiwum.invest-park.com.pl\/en\/management-board\/","name":"Management Board - WSSE &quot;INVEST-PARK&quot;. Wa\u0142brzyska Specjalna Strefa Ekonomiczna &quot;INVEST-PARK&quot;.","isPartOf":{"@id":"https:\/\/archiwum.invest-park.com.pl\/#website"},"datePublished":"2021-05-04T13:46:07+00:00","dateModified":"2024-08-22T13:59:41+00:00","breadcrumb":{"@id":"https:\/\/archiwum.invest-park.com.pl\/en\/management-board\/#breadcrumb"},"inLanguage":"en-US","potentialAction":[{"@type":"ReadAction","target":["https:\/\/archiwum.invest-park.com.pl\/en\/management-board\/"]}]},{"@type":"BreadcrumbList","@id":"https:\/\/archiwum.invest-park.com.pl\/en\/management-board\/#breadcrumb","itemListElement":[{"@type":"ListItem","position":1,"name":"Strona g\u0142\u00f3wna","item":"https:\/\/archiwum.invest-park.com.pl\/en\/"},{"@type":"ListItem","position":2,"name":"Management Board"}]},{"@type":"WebSite","@id":"https:\/\/archiwum.invest-park.com.pl\/#website","url":"https:\/\/archiwum.invest-park.com.pl\/","name":"WSSE &quot;INVEST-PARK&quot;. Wa\u0142brzyska Specjalna Strefa Ekonomiczna &quot;INVEST-PARK&quot;.","description":"Wa\u0142brzyska Specjalna Strefa Ekonomiczna to jedna z najwi\u0119kszych i najdynamiczniej rozwijaj\u0105cych si\u0119 stref ekonomicznych w Polsce | Znajd\u017a tereny inwestycyjne z ulgami podatkowymi | Dzia\u0142ki inwestycyjne | Tereny inwestycyjne | Strefy ekonomiczne w Polsce | Invest in Poland in Special Economic Zone","potentialAction":[{"@type":"SearchAction","target":{"@type":"EntryPoint","urlTemplate":"https:\/\/archiwum.invest-park.com.pl\/?s={search_term_string}"},"query-input":{"@type":"PropertyValueSpecification","valueRequired":true,"valueName":"search_term_string"}}],"inLanguage":"en-US"}]}},"_links":{"self":[{"href":"https:\/\/archiwum.invest-park.com.pl\/en\/wp-json\/wp\/v2\/pages\/18118","targetHints":{"allow":["GET"]}}],"collection":[{"href":"https:\/\/archiwum.invest-park.com.pl\/en\/wp-json\/wp\/v2\/pages"}],"about":[{"href":"https:\/\/archiwum.invest-park.com.pl\/en\/wp-json\/wp\/v2\/types\/page"}],"author":[{"embeddable":true,"href":"https:\/\/archiwum.invest-park.com.pl\/en\/wp-json\/wp\/v2\/users\/1"}],"replies":[{"embeddable":true,"href":"https:\/\/archiwum.invest-park.com.pl\/en\/wp-json\/wp\/v2\/comments?post=18118"}],"version-history":[{"count":7,"href":"https:\/\/archiwum.invest-park.com.pl\/en\/wp-json\/wp\/v2\/pages\/18118\/revisions"}],"predecessor-version":[{"id":29580,"href":"https:\/\/archiwum.invest-park.com.pl\/en\/wp-json\/wp\/v2\/pages\/18118\/revisions\/29580"}],"wp:attachment":[{"href":"https:\/\/archiwum.invest-park.com.pl\/en\/wp-json\/wp\/v2\/media?parent=18118"}],"curies":[{"name":"wp","href":"https:\/\/api.w.org\/{rel}","templated":true}]}}