{"id":18080,"date":"2021-05-04T11:32:05","date_gmt":"2021-05-04T09:32:05","guid":{"rendered":"https:\/\/invest-park.com.pl\/?page_id=18080"},"modified":"2021-05-04T11:42:10","modified_gmt":"2021-05-04T09:42:10","slug":"faq","status":"publish","type":"page","link":"https:\/\/archiwum.invest-park.com.pl\/en\/faq\/","title":{"rendered":"FAQ"},"content":{"rendered":"<p><strong>Frequently asked questions<\/strong><\/p>\n<div id=\"accordion-1\" class=\"accordion no-js\"><\/p>\n<p>\n\t\t\t\t\t<h2 class=\"accordion-title\">\n\t\t\t\t<button id=\"1\" class=\"js-accordion-controller\" aria-controls=\"content-1\" aria-expanded=\"false\"  data-initialstate=\"closed\">\n\t\t\t\t\tIs a natural person conducting business activity eligible for income tax exemption?\t\t\t\t<\/button>\n\t\t\t<\/h2>\n\t\t\n\t\t<div id=\"content-1\" class=\"accordion-content\" aria-hidden=\"true\">\n\t\t\t<\/p>\n<p>In accordance with the Income Tax Act, individuals who run a sole proprietorship are eligible for tax exemption, alongside:<\/p>\n<ul>\n<li>companies in succession management,<\/li>\n<li>partners in a civil partnership,<\/li>\n<li>partners in a general partnership,<\/li>\n<li>partners in a partner company,<\/li>\n<li>partners in a limited partnership<\/li>\n<\/ul>\n<p>\u2013 whose income from economic activity is taxable in line with general principles, according to the tax scale, or with a uniform 19% income tax, according to the principles set out in Article 30(c) of the Income Tax Act (the so-called flat tax).<\/p>\n<p>\t\t<\/div>\n\n\t\t<\/p>\n<p>\n\t\t\t\t\t<h2 class=\"accordion-title\">\n\t\t\t\t<button id=\"2\" class=\"js-accordion-controller\" aria-controls=\"content-2\" aria-expanded=\"false\"  data-initialstate=\"closed\">\n\t\t\t\t\tCan state aid in the form of income tax exemption be granted only to a Polish company?\t\t\t\t<\/button>\n\t\t\t<\/h2>\n\t\t\n\t\t<div id=\"content-2\" class=\"accordion-content\" aria-hidden=\"true\">\n\t\t\t<\/p>\n<p>The entities eligible for tax exemption may be taxpayers who are Polish tax residents. The exemption may also apply to taxpayers whose seat, registered office or management board is abroad (non-residents), who obtain income from economic activity conducted in the territory of the Republic of Poland through a foreign establishment, provided that the foreign company is carrying out a new investment project for which they have obtained a decision on support. Therefore, the taxpayer may benefit from the exemption if the taxpayer\u2019s income generated from business activity as specified in the decision on support is subject to income tax in Poland.<\/p>\n<p>\t\t<\/div>\n\n\t\t<\/p>\n<p>\n\t\t\t\t\t<h2 class=\"accordion-title\">\n\t\t\t\t<button id=\"3\" class=\"js-accordion-controller\" aria-controls=\"content-3\" aria-expanded=\"false\"  data-initialstate=\"closed\">\n\t\t\t\t\tAre replacement investments eligible for income tax exemption?\t\t\t\t<\/button>\n\t\t\t<\/h2>\n\t\t\n\t\t<div id=\"content-3\" class=\"accordion-content\" aria-hidden=\"true\">\n\t\t\t<\/p>\n<p>State aid cannot be granted to a project that is purely a replacement investment. Simple replacement of individual assets is not covered by the scope of regional investment aid under Commission Regulation (EU) no. 651\/2014, as such investments do not lead to any fundamental changes to the entire production (service) process. This also applies to equipment replaced with newer, more effective machines, unless such replacement leads to a fundamental change in the entire production (service) process.<\/p>\n<p>\t\t<\/div>\n\n\t\t<\/p>\n<p>\n\t\t\t\t\t<h2 class=\"accordion-title\">\n\t\t\t\t<button id=\"4\" class=\"js-accordion-controller\" aria-controls=\"content-4\" aria-expanded=\"false\"  data-initialstate=\"closed\">\n\t\t\t\t\tWhat is the scope of activities that can be specified in the application for a decision on support?\t\t\t\t<\/button>\n\t\t\t<\/h2>\n\t\t\n\t\t<div id=\"content-4\" class=\"accordion-content\" aria-hidden=\"true\">\n\t\t\t<\/p>\n<p>In the application, the entrepreneur indicates the types of activities (in accordance with the Polish Classification of Goods and Services [PKWiU]) in which the new investment project is carried out. The decision on support should therefore specify the type of activity that only applies to the new investment in a specific area.<\/p>\n<p>\t\t<\/div>\n\n\t\t<\/p>\n<p>\n\t\t\t\t\t<h2 class=\"accordion-title\">\n\t\t\t\t<button id=\"5\" class=\"js-accordion-controller\" aria-controls=\"content-5\" aria-expanded=\"false\"  data-initialstate=\"closed\">\n\t\t\t\t\tIn the case of having obtained several decisions on support, should state aid be settled simultaneously for each decision?\t\t\t\t<\/button>\n\t\t\t<\/h2>\n\t\t\n\t\t<div id=\"content-5\" class=\"accordion-content\" aria-hidden=\"true\">\n\t\t\t<\/p>\n<p>Pursuant to Article 13(6) of the Act on Support for New Investments, if the economic entity has at least two decisions on support, the settlement of public aid takes place in accordance with the order of issuance of the decisions on support.<\/p>\n<p>\t\t<\/div>\n\n\t\t<\/p>\n<p>\n\t\t\t\t\t<h2 class=\"accordion-title\">\n\t\t\t\t<button id=\"6\" class=\"js-accordion-controller\" aria-controls=\"content-6\" aria-expanded=\"false\"  data-initialstate=\"closed\">\n\t\t\t\t\tCan I start the investment before submitting the application for the decision on support?\t\t\t\t<\/button>\n\t\t\t<\/h2>\n\t\t\n\t\t<div id=\"content-6\" class=\"accordion-content\" aria-hidden=\"true\">\n\t\t\t<\/p>\n<p>The investment project must not begin before submitting the application for the decision on support. The commencement of the investment process is defined as activities such as the beginning of construction works, the first legally binding obligation to order equipment, or other obligation that makes the investment irreversible. Purchasing the land or carrying out preparatory work in the form of obtaining permits or conducting feasibility studies are not considered as the commencement of the investment.<\/p>\n<p>\t\t<\/div>\n\n\t\t<\/p>\n<p>\n\t\t\t\t\t<h2 class=\"accordion-title\">\n\t\t\t\t<button id=\"7\" class=\"js-accordion-controller\" aria-controls=\"content-7\" aria-expanded=\"false\"  data-initialstate=\"closed\">\n\t\t\t\t\tCan I use machines, devices, buildings or structures that I currently own to carry out a new investment project?\t\t\t\t<\/button>\n\t\t\t<\/h2>\n\t\t\n\t\t<div id=\"content-7\" class=\"accordion-content\" aria-hidden=\"true\">\n\t\t\t<\/p>\n<p>It is possible to use assets owned by a company before the date of issuing the decision on support that are not covered by support in the form of state aid. In practice, the goal of creating a new investment may be achieved with the use of a group of acquired assets, or assets already existing in the enterprise, as long as it is indispensable for the successful implementation of the new investment project.<\/p>\n<p>\t\t<\/div>\n\n\t\t<\/p>\n<p>\n\t\t\t\t\t<h2 class=\"accordion-title\">\n\t\t\t\t<button id=\"8\" class=\"js-accordion-controller\" aria-controls=\"content-8\" aria-expanded=\"false\"  data-initialstate=\"closed\">\n\t\t\t\t\tIn the case of the expansion of an existing enterprise, is the cost of assets existing before the issuance of the decision on support included in the calculation of income?\t\t\t\t<\/button>\n\t\t\t<\/h2>\n\t\t\n\t\t<div id=\"content-8\" class=\"accordion-content\" aria-hidden=\"true\">\n\t\t\t<\/p>\n<p>If the new investment is carried out in a way that involves the use of assets already owned, and when the new investment is a functional element that is dependent on an already existing group of assets (close connections), the amount of tax-exempt income includes the cost of the assets existing before the issuance of the decision on support. This situation is possible when the method of integrating the new investment and the existing investment, located in the same area, makes it impossible to determine the income (revenue) generated only by the new investment, without taking into account the whole or part of the existing investment integrated with it. In this case, the income cannot be separated due to the strict economic and functional connections between the existing investment and the new one.<\/p>\n<p>\t\t<\/div>\n\n\t\t<\/p>\n<p>\n\t\t\t\t\t<h2 class=\"accordion-title\">\n\t\t\t\t<button id=\"9\" class=\"js-accordion-controller\" aria-controls=\"content-9\" aria-expanded=\"false\"  data-initialstate=\"closed\">\n\t\t\t\t\tIn the case of incurring a loss on an activity for which support in the form of income tax exemption was granted, can the loss be carried forward to the following years?\t\t\t\t<\/button>\n\t\t\t<\/h2>\n\t\t\n\t\t<div id=\"content-9\" class=\"accordion-content\" aria-hidden=\"true\">\n\t\t\t<\/p>\n<p>Calculating the amount of a loss does not include the revenue, or cost of obtaining revenue, from sources of revenues that are not subject to income tax or are tax-free. Therefore, the provisions of the CIT Act and the PIT Act do not allow for including losses incurred on sources of revenue where the revenue is tax-free in the tax settlement. A loss that can be carried forward in subsequent tax years must be a tax loss in the sense that it is incurred on a taxable activity.<\/p>\n<p>\t\t<\/div>\n\n\t\t<\/p>\n<p>\n\t\t\t\t\t<h2 class=\"accordion-title\">\n\t\t\t\t<button id=\"10\" class=\"js-accordion-controller\" aria-controls=\"content-10\" aria-expanded=\"false\"  data-initialstate=\"closed\">\n\t\t\t\t\tHow should the activities supported by income tax exemption be separated from activities carried out elsewhere, which are not covered by the aid?\t\t\t\t<\/button>\n\t\t\t<\/h2>\n\t\t\n\t\t<div id=\"content-10\" class=\"accordion-content\" aria-hidden=\"true\">\n\t\t\t<\/p>\n<p>In the case of conducting business activity outside the area specified in the decision on support, the activities carried out in the area specified in the decision on support are separated organizationally, and the amount of the exemption is determined based on the revenues and costs of obtaining revenues of the organizational unit conducting the activities that are specified in the decision. The organizational separation of activities conducted in the area specified in the decision on support means:<\/p>\n<ol type=\"a\">\n<li>\u00a0separation for accounting purposes &#8211; i.e. separation of revenues and costs in the books of accounts (e.g. off-balance sheet records or an appropriate chart of accounts; alternatively, tagging entries assigned to a given activity);<\/li>\n<li>separation of fixed assets &#8211; e.g. into fixed assets assigned to activities benefiting from income tax exemption or to taxable activities.<\/li>\n<\/ol>\n<p>The purpose of organizational separation is to correctly calculate the taxable income exempt from CIT and PIT generated by a new investment carried out on the basis of a decision on support in the area covered by this decision. Importantly, &#8220;organizational separation&#8221; does not mean the need to formally establish a branch that will prepare its own financial statements. However, it is necessary to modify the accounting and tax records system in such a way as to provide all the information necessary to properly document the scope of the tax exemption in question.<\/p>\n<p>\t\t<\/div>\n\n\t\t<\/p>\n<p><\/div>\n<p>&nbsp;<\/p>\n<hr \/>\n<p>The information on this website is general, abstract and simplified. WSSE \u201cINVEST-PARK\u201d sp. z o.o. is not entitled to issue legally binding interpretations, explanations or opinions. Therefore, WSSE \u201cINVEST-PARK\u201d sp. z o.o. is not responsible for decisions made on the basis of the information above. Legally binding interpretations regarding the tax consequences of planned projects may only be issued by the competent tax authorities pursuant to the Act on Tax Ordinance.<\/p>\n","protected":false},"excerpt":{"rendered":"<p>Frequently asked questions &nbsp; The information on this website is general, abstract and simplified. WSSE \u201cINVEST-PARK\u201d sp. z o.o. is not entitled to issue legally binding interpretations, explanations or opinions. Therefore, WSSE \u201cINVEST-PARK\u201d sp. z o.o. is not responsible for decisions made on the basis of the information above. Legally binding interpretations regarding the tax <\/p>\n<p class=\"text-right\"><a class=\"btn btn-secondary understrap-read-more-link\" href=\"https:\/\/archiwum.invest-park.com.pl\/en\/faq\/\">Read More&#8230;<\/a><\/p>\n","protected":false},"author":1,"featured_media":0,"parent":0,"menu_order":0,"comment_status":"closed","ping_status":"closed","template":"","meta":{"_acf_changed":false,"footnotes":""},"class_list":["post-18080","page","type-page","status-publish","hentry"],"acf":[],"yoast_head":"<!-- This site is optimized with the Yoast SEO plugin v27.5 - https:\/\/yoast.com\/product\/yoast-seo-wordpress\/ -->\n<title>FAQ - WSSE &quot;INVEST-PARK&quot;. Wa\u0142brzyska Specjalna Strefa Ekonomiczna &quot;INVEST-PARK&quot;.<\/title>\n<meta name=\"robots\" content=\"index, follow, max-snippet:-1, max-image-preview:large, max-video-preview:-1\" \/>\n<link rel=\"canonical\" href=\"https:\/\/archiwum.invest-park.com.pl\/en\/faq\/\" \/>\n<meta property=\"og:locale\" content=\"en_US\" \/>\n<meta property=\"og:type\" content=\"article\" \/>\n<meta property=\"og:title\" content=\"FAQ - WSSE &quot;INVEST-PARK&quot;. Wa\u0142brzyska Specjalna Strefa Ekonomiczna &quot;INVEST-PARK&quot;.\" \/>\n<meta property=\"og:description\" content=\"Frequently asked questions &nbsp; The information on this website is general, abstract and simplified. WSSE \u201cINVEST-PARK\u201d sp. z o.o. is not entitled to issue legally binding interpretations, explanations or opinions. Therefore, WSSE \u201cINVEST-PARK\u201d sp. z o.o. is not responsible for decisions made on the basis of the information above. Legally binding interpretations regarding the tax Read More...\" \/>\n<meta property=\"og:url\" content=\"https:\/\/archiwum.invest-park.com.pl\/en\/faq\/\" \/>\n<meta property=\"og:site_name\" content=\"WSSE &quot;INVEST-PARK&quot;. Wa\u0142brzyska Specjalna Strefa Ekonomiczna &quot;INVEST-PARK&quot;.\" \/>\n<meta property=\"article:modified_time\" content=\"2021-05-04T09:42:10+00:00\" \/>\n<meta name=\"twitter:label1\" content=\"Est. reading time\" \/>\n\t<meta name=\"twitter:data1\" content=\"6 minutes\" \/>\n<script type=\"application\/ld+json\" class=\"yoast-schema-graph\">{\"@context\":\"https:\\\/\\\/schema.org\",\"@graph\":[{\"@type\":\"WebPage\",\"@id\":\"https:\\\/\\\/archiwum.invest-park.com.pl\\\/en\\\/faq\\\/\",\"url\":\"https:\\\/\\\/archiwum.invest-park.com.pl\\\/en\\\/faq\\\/\",\"name\":\"FAQ - WSSE &quot;INVEST-PARK&quot;. Wa\u0142brzyska Specjalna Strefa Ekonomiczna &quot;INVEST-PARK&quot;.\",\"isPartOf\":{\"@id\":\"https:\\\/\\\/archiwum.invest-park.com.pl\\\/#website\"},\"datePublished\":\"2021-05-04T09:32:05+00:00\",\"dateModified\":\"2021-05-04T09:42:10+00:00\",\"breadcrumb\":{\"@id\":\"https:\\\/\\\/archiwum.invest-park.com.pl\\\/en\\\/faq\\\/#breadcrumb\"},\"inLanguage\":\"en-US\",\"potentialAction\":[{\"@type\":\"ReadAction\",\"target\":[\"https:\\\/\\\/archiwum.invest-park.com.pl\\\/en\\\/faq\\\/\"]}]},{\"@type\":\"BreadcrumbList\",\"@id\":\"https:\\\/\\\/archiwum.invest-park.com.pl\\\/en\\\/faq\\\/#breadcrumb\",\"itemListElement\":[{\"@type\":\"ListItem\",\"position\":1,\"name\":\"Strona g\u0142\u00f3wna\",\"item\":\"https:\\\/\\\/archiwum.invest-park.com.pl\\\/en\\\/\"},{\"@type\":\"ListItem\",\"position\":2,\"name\":\"FAQ\"}]},{\"@type\":\"WebSite\",\"@id\":\"https:\\\/\\\/archiwum.invest-park.com.pl\\\/#website\",\"url\":\"https:\\\/\\\/archiwum.invest-park.com.pl\\\/\",\"name\":\"WSSE &quot;INVEST-PARK&quot;. Wa\u0142brzyska Specjalna Strefa Ekonomiczna &quot;INVEST-PARK&quot;.\",\"description\":\"Wa\u0142brzyska Specjalna Strefa Ekonomiczna to jedna z najwi\u0119kszych i najdynamiczniej rozwijaj\u0105cych si\u0119 stref ekonomicznych w Polsce | Znajd\u017a tereny inwestycyjne z ulgami podatkowymi | Dzia\u0142ki inwestycyjne | Tereny inwestycyjne | Strefy ekonomiczne w Polsce | Invest in Poland in Special Economic Zone\",\"potentialAction\":[{\"@type\":\"SearchAction\",\"target\":{\"@type\":\"EntryPoint\",\"urlTemplate\":\"https:\\\/\\\/archiwum.invest-park.com.pl\\\/?s={search_term_string}\"},\"query-input\":{\"@type\":\"PropertyValueSpecification\",\"valueRequired\":true,\"valueName\":\"search_term_string\"}}],\"inLanguage\":\"en-US\"}]}<\/script>\n<!-- \/ Yoast SEO plugin. -->","yoast_head_json":{"title":"FAQ - WSSE &quot;INVEST-PARK&quot;. Wa\u0142brzyska Specjalna Strefa Ekonomiczna &quot;INVEST-PARK&quot;.","robots":{"index":"index","follow":"follow","max-snippet":"max-snippet:-1","max-image-preview":"max-image-preview:large","max-video-preview":"max-video-preview:-1"},"canonical":"https:\/\/archiwum.invest-park.com.pl\/en\/faq\/","og_locale":"en_US","og_type":"article","og_title":"FAQ - WSSE &quot;INVEST-PARK&quot;. Wa\u0142brzyska Specjalna Strefa Ekonomiczna &quot;INVEST-PARK&quot;.","og_description":"Frequently asked questions &nbsp; The information on this website is general, abstract and simplified. WSSE \u201cINVEST-PARK\u201d sp. z o.o. is not entitled to issue legally binding interpretations, explanations or opinions. Therefore, WSSE \u201cINVEST-PARK\u201d sp. z o.o. is not responsible for decisions made on the basis of the information above. Legally binding interpretations regarding the tax Read More...","og_url":"https:\/\/archiwum.invest-park.com.pl\/en\/faq\/","og_site_name":"WSSE &quot;INVEST-PARK&quot;. Wa\u0142brzyska Specjalna Strefa Ekonomiczna &quot;INVEST-PARK&quot;.","article_modified_time":"2021-05-04T09:42:10+00:00","twitter_misc":{"Est. reading time":"6 minutes"},"schema":{"@context":"https:\/\/schema.org","@graph":[{"@type":"WebPage","@id":"https:\/\/archiwum.invest-park.com.pl\/en\/faq\/","url":"https:\/\/archiwum.invest-park.com.pl\/en\/faq\/","name":"FAQ - WSSE &quot;INVEST-PARK&quot;. Wa\u0142brzyska Specjalna Strefa Ekonomiczna &quot;INVEST-PARK&quot;.","isPartOf":{"@id":"https:\/\/archiwum.invest-park.com.pl\/#website"},"datePublished":"2021-05-04T09:32:05+00:00","dateModified":"2021-05-04T09:42:10+00:00","breadcrumb":{"@id":"https:\/\/archiwum.invest-park.com.pl\/en\/faq\/#breadcrumb"},"inLanguage":"en-US","potentialAction":[{"@type":"ReadAction","target":["https:\/\/archiwum.invest-park.com.pl\/en\/faq\/"]}]},{"@type":"BreadcrumbList","@id":"https:\/\/archiwum.invest-park.com.pl\/en\/faq\/#breadcrumb","itemListElement":[{"@type":"ListItem","position":1,"name":"Strona g\u0142\u00f3wna","item":"https:\/\/archiwum.invest-park.com.pl\/en\/"},{"@type":"ListItem","position":2,"name":"FAQ"}]},{"@type":"WebSite","@id":"https:\/\/archiwum.invest-park.com.pl\/#website","url":"https:\/\/archiwum.invest-park.com.pl\/","name":"WSSE &quot;INVEST-PARK&quot;. Wa\u0142brzyska Specjalna Strefa Ekonomiczna &quot;INVEST-PARK&quot;.","description":"Wa\u0142brzyska Specjalna Strefa Ekonomiczna to jedna z najwi\u0119kszych i najdynamiczniej rozwijaj\u0105cych si\u0119 stref ekonomicznych w Polsce | Znajd\u017a tereny inwestycyjne z ulgami podatkowymi | Dzia\u0142ki inwestycyjne | Tereny inwestycyjne | Strefy ekonomiczne w Polsce | Invest in Poland in Special Economic Zone","potentialAction":[{"@type":"SearchAction","target":{"@type":"EntryPoint","urlTemplate":"https:\/\/archiwum.invest-park.com.pl\/?s={search_term_string}"},"query-input":{"@type":"PropertyValueSpecification","valueRequired":true,"valueName":"search_term_string"}}],"inLanguage":"en-US"}]}},"_links":{"self":[{"href":"https:\/\/archiwum.invest-park.com.pl\/en\/wp-json\/wp\/v2\/pages\/18080","targetHints":{"allow":["GET"]}}],"collection":[{"href":"https:\/\/archiwum.invest-park.com.pl\/en\/wp-json\/wp\/v2\/pages"}],"about":[{"href":"https:\/\/archiwum.invest-park.com.pl\/en\/wp-json\/wp\/v2\/types\/page"}],"author":[{"embeddable":true,"href":"https:\/\/archiwum.invest-park.com.pl\/en\/wp-json\/wp\/v2\/users\/1"}],"replies":[{"embeddable":true,"href":"https:\/\/archiwum.invest-park.com.pl\/en\/wp-json\/wp\/v2\/comments?post=18080"}],"version-history":[{"count":4,"href":"https:\/\/archiwum.invest-park.com.pl\/en\/wp-json\/wp\/v2\/pages\/18080\/revisions"}],"predecessor-version":[{"id":18089,"href":"https:\/\/archiwum.invest-park.com.pl\/en\/wp-json\/wp\/v2\/pages\/18080\/revisions\/18089"}],"wp:attachment":[{"href":"https:\/\/archiwum.invest-park.com.pl\/en\/wp-json\/wp\/v2\/media?parent=18080"}],"curies":[{"name":"wp","href":"https:\/\/api.w.org\/{rel}","templated":true}]}}