{"id":1714,"date":"2015-01-08T12:39:37","date_gmt":"2015-01-08T11:39:37","guid":{"rendered":"https:\/\/invest-park.com.pl\/?page_id=1714"},"modified":"2021-05-04T15:54:18","modified_gmt":"2021-05-04T13:54:18","slug":"shareholders","status":"publish","type":"page","link":"https:\/\/archiwum.invest-park.com.pl\/en\/shareholders\/","title":{"rendered":"Shareholders"},"content":{"rendered":"<p class=\"p2\">The company&#8217;s governing bodies include: the Management Board, the Supervisory Board and the Shareholders&#8217; Meeting.<\/p>\n<p class=\"p3\">The largest shareholder in the company is the State Treasury with a stake of 63.10%. The remaining shares belong to 16 entities listed below according to their equity stake:<\/p>\n<ul>\n<li class=\"p3\">Agencja Nieruchomo\u015bci Rolnych \u2013 23,14 %<\/li>\n<li class=\"p3\">Opolskie Province \u2013 3,00 %<\/li>\n<li class=\"p3\">ARP S.A.- 2,85 %<\/li>\n<li class=\"p3\">Dzier\u017coni\u00f3w municipal commune \u2013 1,84 %<\/li>\n<li class=\"p3\">Jelcz-Laskowice municipal commune \u2013 1,35 %<\/li>\n<li class=\"p3\">Wa\u0142brzych commune \u2013 1,10 %<\/li>\n<li class=\"p3\">Wielkopolskie Province \u2013 0,80 %<\/li>\n<li class=\"p3\">O\u0142awa municipal commune \u2013 0,48%<\/li>\n<li class=\"p3\">\u015awidnica municipal commune \u2013 0,46 %<\/li>\n<li class=\"p3\">\u017bar\u00f3w commune \u2013 0,46 %<\/li>\n<li class=\"p3\">Nowa Ruda municipal commune \u2013 0,42 %<\/li>\n<li class=\"p3\">K\u0142odzko municipal commune \u2013 0,28%<\/li>\n<li class=\"p3\">Bank Zachodni WBK S.A. \u2013 0,28%<\/li>\n<li class=\"p3\">NEPTUN investment found \u2013 0,28%<\/li>\n<li class=\"p3\">Strzelin commune \u2013 0,03 %<\/li>\n<li class=\"p3\">Nysa municipal commune \u2013 0,01 %<\/li>\n<li class=\"p3\">SRK S.A. \u2013 0,12 % (shares redeemed out of net profit)<\/li>\n<\/ul>\n","protected":false},"excerpt":{"rendered":"<p>The company&#8217;s governing bodies include: the Management Board, the Supervisory Board and the Shareholders&#8217; Meeting. The largest shareholder in the company is the State Treasury with a stake of 63.10%. The remaining shares belong to 16 entities listed below according to their equity stake: Agencja Nieruchomo\u015bci Rolnych \u2013 23,14 % Opolskie Province \u2013 3,00 % <\/p>\n<p class=\"text-right\"><a class=\"btn btn-secondary understrap-read-more-link\" href=\"https:\/\/archiwum.invest-park.com.pl\/en\/shareholders\/\">Read More&#8230;<\/a><\/p>\n","protected":false},"author":1,"featured_media":0,"parent":0,"menu_order":0,"comment_status":"open","ping_status":"closed","template":"","meta":{"_acf_changed":false,"footnotes":""},"class_list":["post-1714","page","type-page","status-publish","hentry"],"acf":[],"yoast_head":"<!-- This site is optimized with the Yoast SEO plugin v27.4 - https:\/\/yoast.com\/product\/yoast-seo-wordpress\/ -->\n<title>Shareholders - WSSE &quot;INVEST-PARK&quot;. Wa\u0142brzyska Specjalna Strefa Ekonomiczna &quot;INVEST-PARK&quot;.<\/title>\n<meta name=\"robots\" content=\"index, follow, max-snippet:-1, max-image-preview:large, max-video-preview:-1\" \/>\n<link rel=\"canonical\" href=\"https:\/\/archiwum.invest-park.com.pl\/en\/shareholders\/\" \/>\n<meta property=\"og:locale\" content=\"en_US\" \/>\n<meta property=\"og:type\" content=\"article\" \/>\n<meta property=\"og:title\" content=\"Shareholders - WSSE &quot;INVEST-PARK&quot;. Wa\u0142brzyska Specjalna Strefa Ekonomiczna &quot;INVEST-PARK&quot;.\" \/>\n<meta property=\"og:description\" content=\"The company&#8217;s governing bodies include: the Management Board, the Supervisory Board and the Shareholders&#8217; Meeting. The largest shareholder in the company is the State Treasury with a stake of 63.10%. The remaining shares belong to 16 entities listed below according to their equity stake: Agencja Nieruchomo\u015bci Rolnych \u2013 23,14 % Opolskie Province \u2013 3,00 % Read More...\" \/>\n<meta property=\"og:url\" content=\"https:\/\/archiwum.invest-park.com.pl\/en\/shareholders\/\" \/>\n<meta property=\"og:site_name\" content=\"WSSE &quot;INVEST-PARK&quot;. Wa\u0142brzyska Specjalna Strefa Ekonomiczna &quot;INVEST-PARK&quot;.\" \/>\n<meta property=\"article:modified_time\" content=\"2021-05-04T13:54:18+00:00\" \/>\n<meta name=\"twitter:label1\" content=\"Est. reading time\" \/>\n\t<meta name=\"twitter:data1\" content=\"1 minute\" \/>\n<script type=\"application\/ld+json\" class=\"yoast-schema-graph\">{\"@context\":\"https:\\\/\\\/schema.org\",\"@graph\":[{\"@type\":\"WebPage\",\"@id\":\"https:\\\/\\\/archiwum.invest-park.com.pl\\\/en\\\/shareholders\\\/\",\"url\":\"https:\\\/\\\/archiwum.invest-park.com.pl\\\/en\\\/shareholders\\\/\",\"name\":\"Shareholders - WSSE &quot;INVEST-PARK&quot;. Wa\u0142brzyska Specjalna Strefa Ekonomiczna &quot;INVEST-PARK&quot;.\",\"isPartOf\":{\"@id\":\"https:\\\/\\\/archiwum.invest-park.com.pl\\\/#website\"},\"datePublished\":\"2015-01-08T11:39:37+00:00\",\"dateModified\":\"2021-05-04T13:54:18+00:00\",\"breadcrumb\":{\"@id\":\"https:\\\/\\\/archiwum.invest-park.com.pl\\\/en\\\/shareholders\\\/#breadcrumb\"},\"inLanguage\":\"en-US\",\"potentialAction\":[{\"@type\":\"ReadAction\",\"target\":[\"https:\\\/\\\/archiwum.invest-park.com.pl\\\/en\\\/shareholders\\\/\"]}]},{\"@type\":\"BreadcrumbList\",\"@id\":\"https:\\\/\\\/archiwum.invest-park.com.pl\\\/en\\\/shareholders\\\/#breadcrumb\",\"itemListElement\":[{\"@type\":\"ListItem\",\"position\":1,\"name\":\"Strona g\u0142\u00f3wna\",\"item\":\"https:\\\/\\\/archiwum.invest-park.com.pl\\\/en\\\/\"},{\"@type\":\"ListItem\",\"position\":2,\"name\":\"Shareholders\"}]},{\"@type\":\"WebSite\",\"@id\":\"https:\\\/\\\/archiwum.invest-park.com.pl\\\/#website\",\"url\":\"https:\\\/\\\/archiwum.invest-park.com.pl\\\/\",\"name\":\"WSSE &quot;INVEST-PARK&quot;. Wa\u0142brzyska Specjalna Strefa Ekonomiczna &quot;INVEST-PARK&quot;.\",\"description\":\"Wa\u0142brzyska Specjalna Strefa Ekonomiczna to jedna z najwi\u0119kszych i najdynamiczniej rozwijaj\u0105cych si\u0119 stref ekonomicznych w Polsce | Znajd\u017a tereny inwestycyjne z ulgami podatkowymi | Dzia\u0142ki inwestycyjne | Tereny inwestycyjne | Strefy ekonomiczne w Polsce | Invest in Poland in Special Economic Zone\",\"potentialAction\":[{\"@type\":\"SearchAction\",\"target\":{\"@type\":\"EntryPoint\",\"urlTemplate\":\"https:\\\/\\\/archiwum.invest-park.com.pl\\\/?s={search_term_string}\"},\"query-input\":{\"@type\":\"PropertyValueSpecification\",\"valueRequired\":true,\"valueName\":\"search_term_string\"}}],\"inLanguage\":\"en-US\"}]}<\/script>\n<!-- \/ Yoast SEO plugin. -->","yoast_head_json":{"title":"Shareholders - WSSE &quot;INVEST-PARK&quot;. Wa\u0142brzyska Specjalna Strefa Ekonomiczna &quot;INVEST-PARK&quot;.","robots":{"index":"index","follow":"follow","max-snippet":"max-snippet:-1","max-image-preview":"max-image-preview:large","max-video-preview":"max-video-preview:-1"},"canonical":"https:\/\/archiwum.invest-park.com.pl\/en\/shareholders\/","og_locale":"en_US","og_type":"article","og_title":"Shareholders - WSSE &quot;INVEST-PARK&quot;. Wa\u0142brzyska Specjalna Strefa Ekonomiczna &quot;INVEST-PARK&quot;.","og_description":"The company&#8217;s governing bodies include: the Management Board, the Supervisory Board and the Shareholders&#8217; Meeting. The largest shareholder in the company is the State Treasury with a stake of 63.10%. The remaining shares belong to 16 entities listed below according to their equity stake: Agencja Nieruchomo\u015bci Rolnych \u2013 23,14 % Opolskie Province \u2013 3,00 % Read More...","og_url":"https:\/\/archiwum.invest-park.com.pl\/en\/shareholders\/","og_site_name":"WSSE &quot;INVEST-PARK&quot;. Wa\u0142brzyska Specjalna Strefa Ekonomiczna &quot;INVEST-PARK&quot;.","article_modified_time":"2021-05-04T13:54:18+00:00","twitter_misc":{"Est. reading time":"1 minute"},"schema":{"@context":"https:\/\/schema.org","@graph":[{"@type":"WebPage","@id":"https:\/\/archiwum.invest-park.com.pl\/en\/shareholders\/","url":"https:\/\/archiwum.invest-park.com.pl\/en\/shareholders\/","name":"Shareholders - WSSE &quot;INVEST-PARK&quot;. Wa\u0142brzyska Specjalna Strefa Ekonomiczna &quot;INVEST-PARK&quot;.","isPartOf":{"@id":"https:\/\/archiwum.invest-park.com.pl\/#website"},"datePublished":"2015-01-08T11:39:37+00:00","dateModified":"2021-05-04T13:54:18+00:00","breadcrumb":{"@id":"https:\/\/archiwum.invest-park.com.pl\/en\/shareholders\/#breadcrumb"},"inLanguage":"en-US","potentialAction":[{"@type":"ReadAction","target":["https:\/\/archiwum.invest-park.com.pl\/en\/shareholders\/"]}]},{"@type":"BreadcrumbList","@id":"https:\/\/archiwum.invest-park.com.pl\/en\/shareholders\/#breadcrumb","itemListElement":[{"@type":"ListItem","position":1,"name":"Strona g\u0142\u00f3wna","item":"https:\/\/archiwum.invest-park.com.pl\/en\/"},{"@type":"ListItem","position":2,"name":"Shareholders"}]},{"@type":"WebSite","@id":"https:\/\/archiwum.invest-park.com.pl\/#website","url":"https:\/\/archiwum.invest-park.com.pl\/","name":"WSSE &quot;INVEST-PARK&quot;. Wa\u0142brzyska Specjalna Strefa Ekonomiczna &quot;INVEST-PARK&quot;.","description":"Wa\u0142brzyska Specjalna Strefa Ekonomiczna to jedna z najwi\u0119kszych i najdynamiczniej rozwijaj\u0105cych si\u0119 stref ekonomicznych w Polsce | Znajd\u017a tereny inwestycyjne z ulgami podatkowymi | Dzia\u0142ki inwestycyjne | Tereny inwestycyjne | Strefy ekonomiczne w Polsce | Invest in Poland in Special Economic Zone","potentialAction":[{"@type":"SearchAction","target":{"@type":"EntryPoint","urlTemplate":"https:\/\/archiwum.invest-park.com.pl\/?s={search_term_string}"},"query-input":{"@type":"PropertyValueSpecification","valueRequired":true,"valueName":"search_term_string"}}],"inLanguage":"en-US"}]}},"_links":{"self":[{"href":"https:\/\/archiwum.invest-park.com.pl\/en\/wp-json\/wp\/v2\/pages\/1714","targetHints":{"allow":["GET"]}}],"collection":[{"href":"https:\/\/archiwum.invest-park.com.pl\/en\/wp-json\/wp\/v2\/pages"}],"about":[{"href":"https:\/\/archiwum.invest-park.com.pl\/en\/wp-json\/wp\/v2\/types\/page"}],"author":[{"embeddable":true,"href":"https:\/\/archiwum.invest-park.com.pl\/en\/wp-json\/wp\/v2\/users\/1"}],"replies":[{"embeddable":true,"href":"https:\/\/archiwum.invest-park.com.pl\/en\/wp-json\/wp\/v2\/comments?post=1714"}],"version-history":[{"count":5,"href":"https:\/\/archiwum.invest-park.com.pl\/en\/wp-json\/wp\/v2\/pages\/1714\/revisions"}],"predecessor-version":[{"id":18125,"href":"https:\/\/archiwum.invest-park.com.pl\/en\/wp-json\/wp\/v2\/pages\/1714\/revisions\/18125"}],"wp:attachment":[{"href":"https:\/\/archiwum.invest-park.com.pl\/en\/wp-json\/wp\/v2\/media?parent=1714"}],"curies":[{"name":"wp","href":"https:\/\/api.w.org\/{rel}","templated":true}]}}