{"id":1697,"date":"2015-01-08T12:20:03","date_gmt":"2015-01-08T11:20:03","guid":{"rendered":"https:\/\/invest-park.com.pl\/?page_id=1697"},"modified":"2017-10-05T09:26:06","modified_gmt":"2017-10-05T07:26:06","slug":"invest-park-center-2","status":"publish","type":"page","link":"https:\/\/archiwum.invest-park.com.pl\/en\/invest-park-center-2\/","title":{"rendered":"INVEST-PARK CENTER"},"content":{"rendered":"<p>It is a modern building with offices and <a href=\"https:\/\/archiwum.invest-park.com.pl\/en\/conference-venues-for-rent\/\" class=\"permalink-shortcode\" title=\"Conference venues for rent\">conference rooms and venues<\/a>. Renting of such spaces allows one to use <a href=\"https:\/\/archiwum.invest-park.com.pl\/en\/tax-exemptions\/\" class=\"permalink-shortcode\" title=\"Poland Investment Zone (PIZ)\">tax exemptions<\/a>. The facility has monitoring and security all day and night long. Amongst others it hosts the headquarters of Wa\u0142brzych Special Economic Zone.<\/p>\n<p><a href=\"http:\/\/goo.gl\/maps\/CIBQQ\" target=\"_blank\">See it on the map<\/a><\/p>\n<p><a href=\"https:\/\/archiwum.invest-park.com.pl\/wp-content\/uploads\/2014\/12\/WSSE_siedziba4mala.jpg\"><img loading=\"lazy\" decoding=\"async\" class=\"alignnone wp-image-7948 size-large\" src=\"https:\/\/archiwum.invest-park.com.pl\/wp-content\/uploads\/2014\/12\/WSSE_siedziba4mala-1024x754.jpg\" alt=\"WSSE_siedziba4mala\" width=\"1024\" height=\"754\" \/><\/a><\/p>\n<p>Contact:<\/p>\n<p>Investment Department:<\/p>\n<p><strong><a href=\"mailto:di@invest-park.com.pl\">di@invest-park.com.pl<\/a><\/strong><br \/>\nIreneusz Szcze\u015bniak<br \/>\ntel.: 74 664 91 65<br \/>\ne-mail:<strong> <a href=\"mailto:i.szczesniak@invest-park.com.pl\">i.szczesniak@invest-park.com.pl<\/a><\/strong><\/p>\n<p>&nbsp;<\/p>\n    <style>      #bwg_container1_0 #bwg_container2_0 .bwg_standart_thumbnails_0 * {        -moz-box-sizing: border-box;        box-sizing: border-box;      }      #bwg_container1_0 #bwg_container2_0 .bwg_standart_thumb_spun1_0 {        -moz-box-sizing: content-box;        box-sizing: content-box;        background-color: #FFFFFF;        display: inline-block;        height: 90px;        margin: 4px;        padding: 0px;        opacity: 1.00;        filter: Alpha(opacity=100);        text-align: center;        vertical-align: middle;        transition: all 0.3s ease 0s;-webkit-transition: all 0.3s ease 0s;        width: 180px;        z-index: 100;      }      #bwg_container1_0 #bwg_container2_0 .bwg_standart_thumb_spun1_0:hover {        -ms-transform: scale(1.1);        -webkit-transform: scale(1.1);        backface-visibility: hidden;        -webkit-backface-visibility: hidden;        -moz-backface-visibility: hidden;        -ms-backface-visibility: hidden;        opacity: 1;        filter: Alpha(opacity=100);        transform: scale(1.1);        z-index: 102;        position: relative;      }      #bwg_container1_0 #bwg_container2_0 .bwg_standart_thumb_spun2_0 {        border: 0px none #CCCCCC;        border-radius: 0;        box-shadow: 0px 0px 0px #888888;        display: inline-block;        height: 90px;        overflow: hidden;        width: 180px;      }      #bwg_container1_0 #bwg_container2_0 .bwg_standart_thumbnails_0 {        background-color: rgba(255, 255, 255, 0.00);        display: inline-block;        font-size: 0;        max-width: 960px;        text-align: center;      }      #bwg_container1_0 #bwg_container2_0 .bwg_standart_thumbnails_0 a {        cursor: pointer;        text-decoration: none;      }      #bwg_container1_0 #bwg_container2_0 .bwg_standart_thumb_0 {        display: inline-block;        text-align: center;      }            #bwg_container1_0 #bwg_container2_0 .bwg_standart_thumb_spun1_0:hover .bwg_title_spun1_0 {        left: 0px;        top: 0px;        opacity: 1;        filter: Alpha(opacity=100);      }      #bwg_container1_0 #bwg_container2_0 .bwg_title_spun2_0 {        color: #CCCCCC;        display: table-cell;        font-family: segoe ui;        font-size: 16px;        font-weight: bold;        height: inherit;        padding: 2px;        text-shadow: 0px 0px 0px #888888;        vertical-align: middle;        width: inherit;        word-wrap: break-word;      }      \/*pagination styles*\/      #bwg_container1_0 #bwg_container2_0 .tablenav-pages_0 {        text-align: center;        font-size: 12px;        font-family: segoe ui;        font-weight: bold;        color: #666666;        margin: 6px 0 4px;        display: block;        height: 30px;        line-height: 30px;      }      @media only screen and (max-width : 320px) {        #bwg_container1_0 #bwg_container2_0 .displaying-num_0 {          display: none;        }      }      #bwg_container1_0 #bwg_container2_0 .displaying-num_0 {        font-size: 12px;        font-family: segoe ui;        font-weight: bold;        color: #666666;        margin-right: 10px;        vertical-align: middle;      }      #bwg_container1_0 #bwg_container2_0 .paging-input_0 {        font-size: 12px;        font-family: segoe ui;        font-weight: bold;        color: #666666;        vertical-align: middle;      }      #bwg_container1_0 #bwg_container2_0 .tablenav-pages_0 a.disabled,      #bwg_container1_0 #bwg_container2_0 .tablenav-pages_0 a.disabled:hover,      #bwg_container1_0 #bwg_container2_0 .tablenav-pages_0 a.disabled:focus {        cursor: default;        color: rgba(102, 102, 102, 0.5);      }      #bwg_container1_0 #bwg_container2_0 .tablenav-pages_0 a {        cursor: pointer;        font-size: 12px;        font-family: segoe ui;        font-weight: bold;        color: #666666;        text-decoration: none;        padding: 3px 6px;        margin: 0;        border-radius: 0;        border-style: solid;        border-width: 1px;        border-color: #E3E3E3;        background-color: #FFFFFF;        opacity: 1.00;        filter: Alpha(opacity=100);        box-shadow: 0;        transition: all 0.3s ease 0s;-webkit-transition: all 0.3s ease 0s;      }      #bwg_container1_0 #bwg_container2_0 .bwg_back_0 {        background-color: rgba(0, 0, 0, 0);        color: #000000 !important;        cursor: pointer;        display: block;        font-family: segoe ui;        font-size: 16px;        font-weight: bold;        text-decoration: none;        padding: 0;      }      #bwg_container1_0 #bwg_container2_0 #spider_popup_overlay_0 {        background-color: #000000;        opacity: 0.70;        filter: Alpha(opacity=70);      }           .bwg_play_icon_spun_0\t {        width: inherit;        height: inherit;        display: table;        position: absolute;      }\t      .bwg_play_icon_0 {        color: #CCCCCC;        font-size: 32px;        vertical-align: middle;        display: table-cell !important;        z-index: 1;        text-align: center;        margin: 0 auto;      }    <\/style>    <div id=\"bwg_container1_0\">      <div id=\"bwg_container2_0\">        <form id=\"gal_front_form_0\" method=\"post\" action=\"#\">                    <div class=\"bwg_back_0\"><\/div>          <div style=\"background-color:rgba(0, 0, 0, 0); text-align: center; width:100%; position: relative;\">            <div id=\"ajax_loading_0\" style=\"position:absolute;width: 100%; z-index: 115; text-align: center; height: 100%; vertical-align: middle; display:none;\">              <div style=\"display: table; vertical-align: middle; width: 100%; height: 100%; background-color: #FFFFFF; opacity: 0.7; filter: Alpha(opacity=70);\">                <div style=\"display: table-cell; text-align: center; position: relative; vertical-align: middle;\" >                  <div id=\"loading_div_0\" style=\"display: inline-block; text-align:center; position:relative; vertical-align: middle;\">                    <img decoding=\"async\" src=\"https:\/\/archiwum.invest-park.com.pl\/wp-content\/plugins\/photo-gallery\/images\/ajax_loader.png\" class=\"spider_ajax_loading\" alt=\"loading\" style=\"float: none; width:50px;\">                  <\/div>                <\/div>              <\/div>            <\/div>                        <div id=\"bwg_standart_thumbnails_0\" class=\"bwg_standart_thumbnails_0\">                              <a style=\"font-size: 0;\" onclick=\"spider_createpopup('https:\/\/archiwum.invest-park.com.pl\/wp-admin\/admin-ajax.php?tag_id=0&amp;action=GalleryBox&amp;current_view=0&amp;image_id=16&amp;gallery_id=3&amp;theme_id=1&amp;thumb_width=180&amp;thumb_height=90&amp;open_with_fullscreen=0&amp;open_with_autoplay=0&amp;image_width=800&amp;image_height=500&amp;image_effect=fade&amp;sort_by=order&amp;order_by= asc &amp;enable_image_filmstrip=1&amp;image_filmstrip_height=70&amp;enable_image_ctrl_btn=1&amp;enable_image_fullscreen=1&amp;popup_enable_info=1&amp;popup_info_always_show=0&amp;popup_info_full_width=0&amp;popup_hit_counter=0&amp;popup_enable_rate=0&amp;slideshow_interval=5&amp;enable_comment_social=1&amp;enable_image_facebook=1&amp;enable_image_twitter=1&amp;enable_image_google=1&amp;enable_image_pinterest=0&amp;enable_image_tumblr=0&amp;watermark_type=none&amp;current_url', 0, 800, 500, 1, 'testpopup', 5); return false;\">                  <span class=\"bwg_standart_thumb_0\">                                        <span class=\"bwg_standart_thumb_spun1_0\">                      <span class=\"bwg_standart_thumb_spun2_0\">                        \t\t\t<img decoding=\"async\" class=\"bwg_standart_thumb_img_0\" style=\"max-height: none !important;  max-width: none !important; padding: 0 !important; width:180px; height:109.2px; margin-left: 0px; margin-top: -9.6px;\" id=\"16\" src=\"https:\/\/archiwum.invest-park.com.pl\/wp-content\/uploads\/photo-gallery\/thumb\/plan.jpg\" alt=\"plan\" \/>                      <\/span>                    <\/span>                                      <\/span>                <\/a>                                <a style=\"font-size: 0;\" onclick=\"spider_createpopup('https:\/\/archiwum.invest-park.com.pl\/wp-admin\/admin-ajax.php?tag_id=0&amp;action=GalleryBox&amp;current_view=0&amp;image_id=15&amp;gallery_id=3&amp;theme_id=1&amp;thumb_width=180&amp;thumb_height=90&amp;open_with_fullscreen=0&amp;open_with_autoplay=0&amp;image_width=800&amp;image_height=500&amp;image_effect=fade&amp;sort_by=order&amp;order_by= asc &amp;enable_image_filmstrip=1&amp;image_filmstrip_height=70&amp;enable_image_ctrl_btn=1&amp;enable_image_fullscreen=1&amp;popup_enable_info=1&amp;popup_info_always_show=0&amp;popup_info_full_width=0&amp;popup_hit_counter=0&amp;popup_enable_rate=0&amp;slideshow_interval=5&amp;enable_comment_social=1&amp;enable_image_facebook=1&amp;enable_image_twitter=1&amp;enable_image_google=1&amp;enable_image_pinterest=0&amp;enable_image_tumblr=0&amp;watermark_type=none&amp;current_url', 0, 800, 500, 1, 'testpopup', 5); return false;\">                  <span class=\"bwg_standart_thumb_0\">                                        <span class=\"bwg_standart_thumb_spun1_0\">                      <span class=\"bwg_standart_thumb_spun2_0\">                        \t\t\t<img decoding=\"async\" class=\"bwg_standart_thumb_img_0\" style=\"max-height: none !important;  max-width: none !important; padding: 0 !important; width:180px; height:119.4px; margin-left: 0px; margin-top: -14.7px;\" id=\"15\" src=\"https:\/\/archiwum.invest-park.com.pl\/wp-content\/uploads\/photo-gallery\/thumb\/siedziba3.jpg\" alt=\"siedziba3\" \/>                      <\/span>                    <\/span>                                      <\/span>                <\/a>                                <a style=\"font-size: 0;\" onclick=\"spider_createpopup('https:\/\/archiwum.invest-park.com.pl\/wp-admin\/admin-ajax.php?tag_id=0&amp;action=GalleryBox&amp;current_view=0&amp;image_id=14&amp;gallery_id=3&amp;theme_id=1&amp;thumb_width=180&amp;thumb_height=90&amp;open_with_fullscreen=0&amp;open_with_autoplay=0&amp;image_width=800&amp;image_height=500&amp;image_effect=fade&amp;sort_by=order&amp;order_by= asc &amp;enable_image_filmstrip=1&amp;image_filmstrip_height=70&amp;enable_image_ctrl_btn=1&amp;enable_image_fullscreen=1&amp;popup_enable_info=1&amp;popup_info_always_show=0&amp;popup_info_full_width=0&amp;popup_hit_counter=0&amp;popup_enable_rate=0&amp;slideshow_interval=5&amp;enable_comment_social=1&amp;enable_image_facebook=1&amp;enable_image_twitter=1&amp;enable_image_google=1&amp;enable_image_pinterest=0&amp;enable_image_tumblr=0&amp;watermark_type=none&amp;current_url', 0, 800, 500, 1, 'testpopup', 5); return false;\">                  <span class=\"bwg_standart_thumb_0\">                                        <span class=\"bwg_standart_thumb_spun1_0\">                      <span class=\"bwg_standart_thumb_spun2_0\">                        \t\t\t<img decoding=\"async\" class=\"bwg_standart_thumb_img_0\" style=\"max-height: none !important;  max-width: none !important; padding: 0 !important; width:180px; height:120px; margin-left: 0px; margin-top: -15px;\" id=\"14\" src=\"https:\/\/archiwum.invest-park.com.pl\/wp-content\/uploads\/photo-gallery\/thumb\/WSSE_siedziba2.jpg\" alt=\"WSSE_siedziba2\" \/>                      <\/span>                    <\/span>                                      <\/span>                <\/a>                                <a style=\"font-size: 0;\" onclick=\"spider_createpopup('https:\/\/archiwum.invest-park.com.pl\/wp-admin\/admin-ajax.php?tag_id=0&amp;action=GalleryBox&amp;current_view=0&amp;image_id=13&amp;gallery_id=3&amp;theme_id=1&amp;thumb_width=180&amp;thumb_height=90&amp;open_with_fullscreen=0&amp;open_with_autoplay=0&amp;image_width=800&amp;image_height=500&amp;image_effect=fade&amp;sort_by=order&amp;order_by= asc &amp;enable_image_filmstrip=1&amp;image_filmstrip_height=70&amp;enable_image_ctrl_btn=1&amp;enable_image_fullscreen=1&amp;popup_enable_info=1&amp;popup_info_always_show=0&amp;popup_info_full_width=0&amp;popup_hit_counter=0&amp;popup_enable_rate=0&amp;slideshow_interval=5&amp;enable_comment_social=1&amp;enable_image_facebook=1&amp;enable_image_twitter=1&amp;enable_image_google=1&amp;enable_image_pinterest=0&amp;enable_image_tumblr=0&amp;watermark_type=none&amp;current_url', 0, 800, 500, 1, 'testpopup', 5); return false;\">                  <span class=\"bwg_standart_thumb_0\">                                        <span class=\"bwg_standart_thumb_spun1_0\">                      <span class=\"bwg_standart_thumb_spun2_0\">                        \t\t\t<img decoding=\"async\" class=\"bwg_standart_thumb_img_0\" style=\"max-height: none !important;  max-width: none !important; padding: 0 !important; width:180px; height:118.8px; margin-left: 0px; margin-top: -14.4px;\" id=\"13\" src=\"https:\/\/archiwum.invest-park.com.pl\/wp-content\/uploads\/photo-gallery\/thumb\/WSSE_siedziba1.jpg\" alt=\"WSSE_siedziba1\" \/>                      <\/span>                    <\/span>                                      <\/span>                <\/a>                            <\/div>                <script type=\"text\/javascript\">      function spider_page_0(cur, x, y) {        if (jQuery(cur).hasClass('disabled')) {          return false;        }        var items_county_0 = 1;        switch (y) {          case 1:            if (x >= items_county_0) {              document.getElementById('page_number_0').value = items_county_0;            }            else {              document.getElementById('page_number_0').value = x + 1;            }            break;          case 2:            document.getElementById('page_number_0').value = items_county_0;            break;          case -1:            if (x == 1) {              document.getElementById('page_number_0').value = 1;            }            else {              document.getElementById('page_number_0').value = x - 1;            }            break;          case -2:            document.getElementById('page_number_0').value = 1;            break;          default:            document.getElementById('page_number_0').value = 1;        }        spider_frontend_ajax('gal_front_form_0', '0', 'bwg_standart_thumbnails_0', '0', '', 'album', 0);      }    <\/script>    <div class=\"tablenav-pages_0\">            <input type=\"hidden\" id=\"page_number_0\" name=\"page_number_0\" value=\"1\" \/>    <\/div>              <\/div>        <\/form>        <div id=\"spider_popup_loading_0\" class=\"spider_popup_loading\"><\/div>        <div id=\"spider_popup_overlay_0\" class=\"spider_popup_overlay\" onclick=\"spider_destroypopup(1000)\"><\/div>      <\/div>    <\/div>    <script>      var bwg_current_url = 'https:\/\/archiwum.invest-park.com.pl\/en\/wp-json\/wp\/v2\/pages\/1697\/';    <\/script>    \n<p>&nbsp;<\/p>\n","protected":false},"excerpt":{"rendered":"<p>It is a modern building with offices and . Renting of such spaces allows one to use . The facility has monitoring and security all day and night long. Amongst others it hosts the headquarters of Wa\u0142brzych Special Economic Zone. See it on the map Contact: Investment Department: di@invest-park.com.pl Ireneusz Szcze\u015bniak tel.: 74 664 91 <\/p>\n<p class=\"text-right\"><a class=\"btn btn-secondary understrap-read-more-link\" href=\"https:\/\/archiwum.invest-park.com.pl\/en\/invest-park-center-2\/\">Read More&#8230;<\/a><\/p>\n","protected":false},"author":1,"featured_media":0,"parent":0,"menu_order":0,"comment_status":"open","ping_status":"closed","template":"","meta":{"_acf_changed":false,"footnotes":""},"class_list":["post-1697","page","type-page","status-publish","hentry"],"acf":[],"yoast_head":"<!-- This site is optimized with the Yoast SEO plugin v27.4 - https:\/\/yoast.com\/product\/yoast-seo-wordpress\/ -->\n<title>INVEST-PARK CENTER - WSSE &quot;INVEST-PARK&quot;. Wa\u0142brzyska Specjalna Strefa Ekonomiczna &quot;INVEST-PARK&quot;.<\/title>\n<meta name=\"robots\" content=\"index, follow, max-snippet:-1, max-image-preview:large, max-video-preview:-1\" \/>\n<link rel=\"canonical\" href=\"https:\/\/archiwum.invest-park.com.pl\/en\/invest-park-center-2\/\" \/>\n<meta property=\"og:locale\" content=\"en_US\" \/>\n<meta property=\"og:type\" content=\"article\" \/>\n<meta property=\"og:title\" content=\"INVEST-PARK CENTER - WSSE &quot;INVEST-PARK&quot;. Wa\u0142brzyska Specjalna Strefa Ekonomiczna &quot;INVEST-PARK&quot;.\" \/>\n<meta property=\"og:description\" content=\"It is a modern building with offices and . Renting of such spaces allows one to use . The facility has monitoring and security all day and night long. Amongst others it hosts the headquarters of Wa\u0142brzych Special Economic Zone. See it on the map Contact: Investment Department: di@invest-park.com.pl Ireneusz Szcze\u015bniak tel.: 74 664 91 Read More...\" \/>\n<meta property=\"og:url\" content=\"https:\/\/archiwum.invest-park.com.pl\/en\/invest-park-center-2\/\" \/>\n<meta property=\"og:site_name\" content=\"WSSE &quot;INVEST-PARK&quot;. Wa\u0142brzyska Specjalna Strefa Ekonomiczna &quot;INVEST-PARK&quot;.\" \/>\n<meta property=\"article:modified_time\" content=\"2017-10-05T07:26:06+00:00\" \/>\n<meta property=\"og:image\" content=\"https:\/\/archiwum.invest-park.com.pl\/wp-content\/uploads\/2014\/12\/WSSE_siedziba4mala-1024x754.jpg\" \/>\n<script type=\"application\/ld+json\" class=\"yoast-schema-graph\">{\"@context\":\"https:\\\/\\\/schema.org\",\"@graph\":[{\"@type\":\"WebPage\",\"@id\":\"https:\\\/\\\/archiwum.invest-park.com.pl\\\/en\\\/invest-park-center-2\\\/\",\"url\":\"https:\\\/\\\/archiwum.invest-park.com.pl\\\/en\\\/invest-park-center-2\\\/\",\"name\":\"INVEST-PARK CENTER - WSSE &quot;INVEST-PARK&quot;. Wa\u0142brzyska Specjalna Strefa Ekonomiczna &quot;INVEST-PARK&quot;.\",\"isPartOf\":{\"@id\":\"https:\\\/\\\/archiwum.invest-park.com.pl\\\/#website\"},\"primaryImageOfPage\":{\"@id\":\"https:\\\/\\\/archiwum.invest-park.com.pl\\\/en\\\/invest-park-center-2\\\/#primaryimage\"},\"image\":{\"@id\":\"https:\\\/\\\/archiwum.invest-park.com.pl\\\/en\\\/invest-park-center-2\\\/#primaryimage\"},\"thumbnailUrl\":\"https:\\\/\\\/archiwum.invest-park.com.pl\\\/wp-content\\\/uploads\\\/2014\\\/12\\\/WSSE_siedziba4mala-1024x754.jpg\",\"datePublished\":\"2015-01-08T11:20:03+00:00\",\"dateModified\":\"2017-10-05T07:26:06+00:00\",\"breadcrumb\":{\"@id\":\"https:\\\/\\\/archiwum.invest-park.com.pl\\\/en\\\/invest-park-center-2\\\/#breadcrumb\"},\"inLanguage\":\"en-US\",\"potentialAction\":[{\"@type\":\"ReadAction\",\"target\":[\"https:\\\/\\\/archiwum.invest-park.com.pl\\\/en\\\/invest-park-center-2\\\/\"]}]},{\"@type\":\"ImageObject\",\"inLanguage\":\"en-US\",\"@id\":\"https:\\\/\\\/archiwum.invest-park.com.pl\\\/en\\\/invest-park-center-2\\\/#primaryimage\",\"url\":\"https:\\\/\\\/archiwum.invest-park.com.pl\\\/wp-content\\\/uploads\\\/2014\\\/12\\\/WSSE_siedziba4mala-1024x754.jpg\",\"contentUrl\":\"https:\\\/\\\/archiwum.invest-park.com.pl\\\/wp-content\\\/uploads\\\/2014\\\/12\\\/WSSE_siedziba4mala-1024x754.jpg\"},{\"@type\":\"BreadcrumbList\",\"@id\":\"https:\\\/\\\/archiwum.invest-park.com.pl\\\/en\\\/invest-park-center-2\\\/#breadcrumb\",\"itemListElement\":[{\"@type\":\"ListItem\",\"position\":1,\"name\":\"Strona g\u0142\u00f3wna\",\"item\":\"https:\\\/\\\/archiwum.invest-park.com.pl\\\/en\\\/\"},{\"@type\":\"ListItem\",\"position\":2,\"name\":\"INVEST-PARK CENTER\"}]},{\"@type\":\"WebSite\",\"@id\":\"https:\\\/\\\/archiwum.invest-park.com.pl\\\/#website\",\"url\":\"https:\\\/\\\/archiwum.invest-park.com.pl\\\/\",\"name\":\"WSSE &quot;INVEST-PARK&quot;. Wa\u0142brzyska Specjalna Strefa Ekonomiczna &quot;INVEST-PARK&quot;.\",\"description\":\"Wa\u0142brzyska Specjalna Strefa Ekonomiczna to jedna z najwi\u0119kszych i najdynamiczniej rozwijaj\u0105cych si\u0119 stref ekonomicznych w Polsce | Znajd\u017a tereny inwestycyjne z ulgami podatkowymi | Dzia\u0142ki inwestycyjne | Tereny inwestycyjne | Strefy ekonomiczne w Polsce | Invest in Poland in Special Economic Zone\",\"potentialAction\":[{\"@type\":\"SearchAction\",\"target\":{\"@type\":\"EntryPoint\",\"urlTemplate\":\"https:\\\/\\\/archiwum.invest-park.com.pl\\\/?s={search_term_string}\"},\"query-input\":{\"@type\":\"PropertyValueSpecification\",\"valueRequired\":true,\"valueName\":\"search_term_string\"}}],\"inLanguage\":\"en-US\"}]}<\/script>\n<!-- \/ Yoast SEO plugin. -->","yoast_head_json":{"title":"INVEST-PARK CENTER - WSSE &quot;INVEST-PARK&quot;. Wa\u0142brzyska Specjalna Strefa Ekonomiczna &quot;INVEST-PARK&quot;.","robots":{"index":"index","follow":"follow","max-snippet":"max-snippet:-1","max-image-preview":"max-image-preview:large","max-video-preview":"max-video-preview:-1"},"canonical":"https:\/\/archiwum.invest-park.com.pl\/en\/invest-park-center-2\/","og_locale":"en_US","og_type":"article","og_title":"INVEST-PARK CENTER - WSSE &quot;INVEST-PARK&quot;. Wa\u0142brzyska Specjalna Strefa Ekonomiczna &quot;INVEST-PARK&quot;.","og_description":"It is a modern building with offices and . Renting of such spaces allows one to use . The facility has monitoring and security all day and night long. Amongst others it hosts the headquarters of Wa\u0142brzych Special Economic Zone. See it on the map Contact: Investment Department: di@invest-park.com.pl Ireneusz Szcze\u015bniak tel.: 74 664 91 Read More...","og_url":"https:\/\/archiwum.invest-park.com.pl\/en\/invest-park-center-2\/","og_site_name":"WSSE &quot;INVEST-PARK&quot;. Wa\u0142brzyska Specjalna Strefa Ekonomiczna &quot;INVEST-PARK&quot;.","article_modified_time":"2017-10-05T07:26:06+00:00","og_image":[{"url":"https:\/\/archiwum.invest-park.com.pl\/wp-content\/uploads\/2014\/12\/WSSE_siedziba4mala-1024x754.jpg","type":"","width":"","height":""}],"schema":{"@context":"https:\/\/schema.org","@graph":[{"@type":"WebPage","@id":"https:\/\/archiwum.invest-park.com.pl\/en\/invest-park-center-2\/","url":"https:\/\/archiwum.invest-park.com.pl\/en\/invest-park-center-2\/","name":"INVEST-PARK CENTER - WSSE &quot;INVEST-PARK&quot;. Wa\u0142brzyska Specjalna Strefa Ekonomiczna &quot;INVEST-PARK&quot;.","isPartOf":{"@id":"https:\/\/archiwum.invest-park.com.pl\/#website"},"primaryImageOfPage":{"@id":"https:\/\/archiwum.invest-park.com.pl\/en\/invest-park-center-2\/#primaryimage"},"image":{"@id":"https:\/\/archiwum.invest-park.com.pl\/en\/invest-park-center-2\/#primaryimage"},"thumbnailUrl":"https:\/\/archiwum.invest-park.com.pl\/wp-content\/uploads\/2014\/12\/WSSE_siedziba4mala-1024x754.jpg","datePublished":"2015-01-08T11:20:03+00:00","dateModified":"2017-10-05T07:26:06+00:00","breadcrumb":{"@id":"https:\/\/archiwum.invest-park.com.pl\/en\/invest-park-center-2\/#breadcrumb"},"inLanguage":"en-US","potentialAction":[{"@type":"ReadAction","target":["https:\/\/archiwum.invest-park.com.pl\/en\/invest-park-center-2\/"]}]},{"@type":"ImageObject","inLanguage":"en-US","@id":"https:\/\/archiwum.invest-park.com.pl\/en\/invest-park-center-2\/#primaryimage","url":"https:\/\/archiwum.invest-park.com.pl\/wp-content\/uploads\/2014\/12\/WSSE_siedziba4mala-1024x754.jpg","contentUrl":"https:\/\/archiwum.invest-park.com.pl\/wp-content\/uploads\/2014\/12\/WSSE_siedziba4mala-1024x754.jpg"},{"@type":"BreadcrumbList","@id":"https:\/\/archiwum.invest-park.com.pl\/en\/invest-park-center-2\/#breadcrumb","itemListElement":[{"@type":"ListItem","position":1,"name":"Strona g\u0142\u00f3wna","item":"https:\/\/archiwum.invest-park.com.pl\/en\/"},{"@type":"ListItem","position":2,"name":"INVEST-PARK CENTER"}]},{"@type":"WebSite","@id":"https:\/\/archiwum.invest-park.com.pl\/#website","url":"https:\/\/archiwum.invest-park.com.pl\/","name":"WSSE &quot;INVEST-PARK&quot;. Wa\u0142brzyska Specjalna Strefa Ekonomiczna &quot;INVEST-PARK&quot;.","description":"Wa\u0142brzyska Specjalna Strefa Ekonomiczna to jedna z najwi\u0119kszych i najdynamiczniej rozwijaj\u0105cych si\u0119 stref ekonomicznych w Polsce | Znajd\u017a tereny inwestycyjne z ulgami podatkowymi | Dzia\u0142ki inwestycyjne | Tereny inwestycyjne | Strefy ekonomiczne w Polsce | Invest in Poland in Special Economic Zone","potentialAction":[{"@type":"SearchAction","target":{"@type":"EntryPoint","urlTemplate":"https:\/\/archiwum.invest-park.com.pl\/?s={search_term_string}"},"query-input":{"@type":"PropertyValueSpecification","valueRequired":true,"valueName":"search_term_string"}}],"inLanguage":"en-US"}]}},"_links":{"self":[{"href":"https:\/\/archiwum.invest-park.com.pl\/en\/wp-json\/wp\/v2\/pages\/1697","targetHints":{"allow":["GET"]}}],"collection":[{"href":"https:\/\/archiwum.invest-park.com.pl\/en\/wp-json\/wp\/v2\/pages"}],"about":[{"href":"https:\/\/archiwum.invest-park.com.pl\/en\/wp-json\/wp\/v2\/types\/page"}],"author":[{"embeddable":true,"href":"https:\/\/archiwum.invest-park.com.pl\/en\/wp-json\/wp\/v2\/users\/1"}],"replies":[{"embeddable":true,"href":"https:\/\/archiwum.invest-park.com.pl\/en\/wp-json\/wp\/v2\/comments?post=1697"}],"version-history":[{"count":9,"href":"https:\/\/archiwum.invest-park.com.pl\/en\/wp-json\/wp\/v2\/pages\/1697\/revisions"}],"predecessor-version":[{"id":2035,"href":"https:\/\/archiwum.invest-park.com.pl\/en\/wp-json\/wp\/v2\/pages\/1697\/revisions\/2035"}],"wp:attachment":[{"href":"https:\/\/archiwum.invest-park.com.pl\/en\/wp-json\/wp\/v2\/media?parent=1697"}],"curies":[{"name":"wp","href":"https:\/\/api.w.org\/{rel}","templated":true}]}}