{"id":1693,"date":"2015-01-08T12:10:25","date_gmt":"2015-01-08T11:10:25","guid":{"rendered":"https:\/\/invest-park.com.pl\/?page_id=1693"},"modified":"2023-11-15T15:35:34","modified_gmt":"2023-11-15T14:35:34","slug":"industrial-halls","status":"publish","type":"page","link":"https:\/\/archiwum.invest-park.com.pl\/en\/industrial-halls\/","title":{"rendered":"Industrial halls"},"content":{"rendered":"<p>The WSEZ offers ready-made industrial halls that can be rented or leased by investors.<\/p>\n<p>A program of building new industrial and warehouse facilities is currently underway. Identical industrial halls are being built in Lower Silesia: Wa\u0142brzych, Jaworzyna \u015al\u0105ska and Z\u0105bkowice \u015al\u0105skie, in Opolskie Province: Nysa and Brzeg, and in Wrze\u015bnia in Wielkopolskie Province.<\/p>\n<p><a href=\"https:\/\/archiwum.invest-park.com.pl\/wp-content\/uploads\/2020\/03\/WSSE_hale_Wizualizacja-3.jpg\"><img loading=\"lazy\" decoding=\"async\" class=\"alignnone wp-image-12167 size-full\" src=\"https:\/\/archiwum.invest-park.com.pl\/wp-content\/uploads\/2020\/03\/WSSE_hale_Wizualizacja-3.jpg\" alt=\"Brak opisu obrazka\" width=\"3708\" height=\"648\" data-wpmf_image_lightbox=\"https:\/\/archiwum.invest-park.com.pl\/wp-content\/uploads\/2020\/03\/WSSE_hale_Wizualizacja-3-1024x179.jpg\" data-wpmf_size_lightbox=\"large\" data-wpmflightbox=\"1\" srcset=\"https:\/\/archiwum.invest-park.com.pl\/wp-content\/uploads\/2020\/03\/WSSE_hale_Wizualizacja-3.jpg 3708w, https:\/\/archiwum.invest-park.com.pl\/wp-content\/uploads\/2020\/03\/WSSE_hale_Wizualizacja-3-270x47.jpg 270w, https:\/\/archiwum.invest-park.com.pl\/wp-content\/uploads\/2020\/03\/WSSE_hale_Wizualizacja-3-300x52.jpg 300w, https:\/\/archiwum.invest-park.com.pl\/wp-content\/uploads\/2020\/03\/WSSE_hale_Wizualizacja-3-768x134.jpg 768w, https:\/\/archiwum.invest-park.com.pl\/wp-content\/uploads\/2020\/03\/WSSE_hale_Wizualizacja-3-1024x179.jpg 1024w, https:\/\/archiwum.invest-park.com.pl\/wp-content\/uploads\/2020\/03\/WSSE_hale_Wizualizacja-3-600x105.jpg 600w\" sizes=\"auto, (max-width: 3708px) 100vw, 3708px\" \/><\/a><\/p>\n<p>Parameters of the new facilities:<\/p>\n<ul>\n<li>Area: <strong><b>5,000 sq m <\/b><\/strong>with the possibility of expansion<\/li>\n<li>Possibility of using <strong><b>from 1 to 4 modules<\/b><\/strong><\/li>\n<li><strong><b>Office and social facilities <\/b><\/strong>available for each module<\/li>\n<li>Infrastructure: <strong><b>parking lots, manoeuvring areas, green area<\/b><\/strong><\/li>\n<\/ul>\n<p>Visualizations:<\/p>\n<p><a href=\"https:\/\/archiwum.invest-park.com.pl\/wp-content\/uploads\/2020\/03\/WSSE_hale_Wizualizacja-2.jpg\"><img loading=\"lazy\" decoding=\"async\" class=\"alignnone wp-image-12177 size-medium\" src=\"https:\/\/archiwum.invest-park.com.pl\/wp-content\/uploads\/2020\/03\/WSSE_hale_Wizualizacja-2-300x132.jpg\" alt=\"Brak opisu obrazka\" width=\"300\" height=\"132\" data-wpmf_image_lightbox=\"https:\/\/archiwum.invest-park.com.pl\/wp-content\/uploads\/2020\/03\/WSSE_hale_Wizualizacja-2.jpg\" data-wpmf_size_lightbox=\"full\" data-wpmflightbox=\"1\" srcset=\"https:\/\/archiwum.invest-park.com.pl\/wp-content\/uploads\/2020\/03\/WSSE_hale_Wizualizacja-2-300x132.jpg 300w, https:\/\/archiwum.invest-park.com.pl\/wp-content\/uploads\/2020\/03\/WSSE_hale_Wizualizacja-2-270x118.jpg 270w, https:\/\/archiwum.invest-park.com.pl\/wp-content\/uploads\/2020\/03\/WSSE_hale_Wizualizacja-2-768x337.jpg 768w, https:\/\/archiwum.invest-park.com.pl\/wp-content\/uploads\/2020\/03\/WSSE_hale_Wizualizacja-2-1024x449.jpg 1024w, https:\/\/archiwum.invest-park.com.pl\/wp-content\/uploads\/2020\/03\/WSSE_hale_Wizualizacja-2-600x263.jpg 600w, https:\/\/archiwum.invest-park.com.pl\/wp-content\/uploads\/2020\/03\/WSSE_hale_Wizualizacja-2.jpg 2046w\" sizes=\"auto, (max-width: 300px) 100vw, 300px\" \/><\/a> <a href=\"https:\/\/archiwum.invest-park.com.pl\/wp-content\/uploads\/2020\/03\/WSSE_hale_Wizualizacja-1.jpg\"><img loading=\"lazy\" decoding=\"async\" class=\"alignnone wp-image-12172 size-medium\" src=\"https:\/\/archiwum.invest-park.com.pl\/wp-content\/uploads\/2020\/03\/WSSE_hale_Wizualizacja-1-300x129.jpg\" alt=\"Brak opisu obrazka\" width=\"300\" height=\"129\" data-wpmf_image_lightbox=\"https:\/\/archiwum.invest-park.com.pl\/wp-content\/uploads\/2020\/03\/WSSE_hale_Wizualizacja-1.jpg\" data-wpmf_size_lightbox=\"full\" data-wpmflightbox=\"1\" srcset=\"https:\/\/archiwum.invest-park.com.pl\/wp-content\/uploads\/2020\/03\/WSSE_hale_Wizualizacja-1-300x129.jpg 300w, https:\/\/archiwum.invest-park.com.pl\/wp-content\/uploads\/2020\/03\/WSSE_hale_Wizualizacja-1-270x116.jpg 270w, https:\/\/archiwum.invest-park.com.pl\/wp-content\/uploads\/2020\/03\/WSSE_hale_Wizualizacja-1-768x329.jpg 768w, https:\/\/archiwum.invest-park.com.pl\/wp-content\/uploads\/2020\/03\/WSSE_hale_Wizualizacja-1-1024x439.jpg 1024w, https:\/\/archiwum.invest-park.com.pl\/wp-content\/uploads\/2020\/03\/WSSE_hale_Wizualizacja-1-600x257.jpg 600w, https:\/\/archiwum.invest-park.com.pl\/wp-content\/uploads\/2020\/03\/WSSE_hale_Wizualizacja-1.jpg 1754w\" sizes=\"auto, (max-width: 300px) 100vw, 300px\" \/><\/a><\/p>\n<p>More information on the availability of manufacturing and warehousing facilities:<\/p>\n<p><strong>Sales and Business Development Department<\/strong><\/p>\n<p><a class=\"mail-link\" data-enc-email=\"qzf[at]vairfg-cnex.pbz.cy\" data-wpel-link=\"ignore\"><span id=\"eeb-68454-855226\"><span id=\"eeb-169462-179663\"><span id=\"eeb-101791-777283\">drb@invest-park.com.pl<\/span><\/span><\/span><\/a><\/p>\n<p>tel. + 48 74 664 91 54<\/p>\n<p>&nbsp;<\/p>\n","protected":false},"excerpt":{"rendered":"<p>The WSEZ offers ready-made industrial halls that can be rented or leased by investors. A program of building new industrial and warehouse facilities is currently underway. Identical industrial halls are being built in Lower Silesia: Wa\u0142brzych, Jaworzyna \u015al\u0105ska and Z\u0105bkowice \u015al\u0105skie, in Opolskie Province: Nysa and Brzeg, and in Wrze\u015bnia in Wielkopolskie Province. Parameters of <\/p>\n<p class=\"text-right\"><a class=\"btn btn-secondary understrap-read-more-link\" href=\"https:\/\/archiwum.invest-park.com.pl\/en\/industrial-halls\/\">Read More&#8230;<\/a><\/p>\n","protected":false},"author":1,"featured_media":0,"parent":0,"menu_order":0,"comment_status":"open","ping_status":"closed","template":"","meta":{"_acf_changed":false,"footnotes":""},"class_list":["post-1693","page","type-page","status-publish","hentry"],"acf":[],"yoast_head":"<!-- This site is optimized with the Yoast SEO plugin v27.4 - https:\/\/yoast.com\/product\/yoast-seo-wordpress\/ -->\n<title>Industrial halls - WSSE &quot;INVEST-PARK&quot;. Wa\u0142brzyska Specjalna Strefa Ekonomiczna &quot;INVEST-PARK&quot;.<\/title>\n<meta name=\"robots\" content=\"index, follow, max-snippet:-1, max-image-preview:large, max-video-preview:-1\" \/>\n<link rel=\"canonical\" href=\"https:\/\/archiwum.invest-park.com.pl\/en\/industrial-halls\/\" \/>\n<meta property=\"og:locale\" content=\"en_US\" \/>\n<meta property=\"og:type\" content=\"article\" \/>\n<meta property=\"og:title\" content=\"Industrial halls - WSSE &quot;INVEST-PARK&quot;. Wa\u0142brzyska Specjalna Strefa Ekonomiczna &quot;INVEST-PARK&quot;.\" \/>\n<meta property=\"og:description\" content=\"The WSEZ offers ready-made industrial halls that can be rented or leased by investors. A program of building new industrial and warehouse facilities is currently underway. Identical industrial halls are being built in Lower Silesia: Wa\u0142brzych, Jaworzyna \u015al\u0105ska and Z\u0105bkowice \u015al\u0105skie, in Opolskie Province: Nysa and Brzeg, and in Wrze\u015bnia in Wielkopolskie Province. Parameters of Read More...\" \/>\n<meta property=\"og:url\" content=\"https:\/\/archiwum.invest-park.com.pl\/en\/industrial-halls\/\" \/>\n<meta property=\"og:site_name\" content=\"WSSE &quot;INVEST-PARK&quot;. Wa\u0142brzyska Specjalna Strefa Ekonomiczna &quot;INVEST-PARK&quot;.\" \/>\n<meta property=\"article:modified_time\" content=\"2023-11-15T14:35:34+00:00\" \/>\n<meta property=\"og:image\" content=\"https:\/\/archiwum.invest-park.com.pl\/wp-content\/uploads\/2020\/03\/WSSE_hale_Wizualizacja-3.jpg\" \/>\n<meta name=\"twitter:label1\" content=\"Est. reading time\" \/>\n\t<meta name=\"twitter:data1\" content=\"2 minutes\" \/>\n<script type=\"application\/ld+json\" class=\"yoast-schema-graph\">{\"@context\":\"https:\\\/\\\/schema.org\",\"@graph\":[{\"@type\":\"WebPage\",\"@id\":\"https:\\\/\\\/archiwum.invest-park.com.pl\\\/en\\\/industrial-halls\\\/\",\"url\":\"https:\\\/\\\/archiwum.invest-park.com.pl\\\/en\\\/industrial-halls\\\/\",\"name\":\"Industrial halls - WSSE &quot;INVEST-PARK&quot;. Wa\u0142brzyska Specjalna Strefa Ekonomiczna &quot;INVEST-PARK&quot;.\",\"isPartOf\":{\"@id\":\"https:\\\/\\\/archiwum.invest-park.com.pl\\\/#website\"},\"primaryImageOfPage\":{\"@id\":\"https:\\\/\\\/archiwum.invest-park.com.pl\\\/en\\\/industrial-halls\\\/#primaryimage\"},\"image\":{\"@id\":\"https:\\\/\\\/archiwum.invest-park.com.pl\\\/en\\\/industrial-halls\\\/#primaryimage\"},\"thumbnailUrl\":\"https:\\\/\\\/archiwum.invest-park.com.pl\\\/wp-content\\\/uploads\\\/2020\\\/03\\\/WSSE_hale_Wizualizacja-3.jpg\",\"datePublished\":\"2015-01-08T11:10:25+00:00\",\"dateModified\":\"2023-11-15T14:35:34+00:00\",\"breadcrumb\":{\"@id\":\"https:\\\/\\\/archiwum.invest-park.com.pl\\\/en\\\/industrial-halls\\\/#breadcrumb\"},\"inLanguage\":\"en-US\",\"potentialAction\":[{\"@type\":\"ReadAction\",\"target\":[\"https:\\\/\\\/archiwum.invest-park.com.pl\\\/en\\\/industrial-halls\\\/\"]}]},{\"@type\":\"ImageObject\",\"inLanguage\":\"en-US\",\"@id\":\"https:\\\/\\\/archiwum.invest-park.com.pl\\\/en\\\/industrial-halls\\\/#primaryimage\",\"url\":\"https:\\\/\\\/archiwum.invest-park.com.pl\\\/wp-content\\\/uploads\\\/2020\\\/03\\\/WSSE_hale_Wizualizacja-3.jpg\",\"contentUrl\":\"https:\\\/\\\/archiwum.invest-park.com.pl\\\/wp-content\\\/uploads\\\/2020\\\/03\\\/WSSE_hale_Wizualizacja-3.jpg\"},{\"@type\":\"BreadcrumbList\",\"@id\":\"https:\\\/\\\/archiwum.invest-park.com.pl\\\/en\\\/industrial-halls\\\/#breadcrumb\",\"itemListElement\":[{\"@type\":\"ListItem\",\"position\":1,\"name\":\"Strona g\u0142\u00f3wna\",\"item\":\"https:\\\/\\\/archiwum.invest-park.com.pl\\\/en\\\/\"},{\"@type\":\"ListItem\",\"position\":2,\"name\":\"Industrial halls\"}]},{\"@type\":\"WebSite\",\"@id\":\"https:\\\/\\\/archiwum.invest-park.com.pl\\\/#website\",\"url\":\"https:\\\/\\\/archiwum.invest-park.com.pl\\\/\",\"name\":\"WSSE &quot;INVEST-PARK&quot;. Wa\u0142brzyska Specjalna Strefa Ekonomiczna &quot;INVEST-PARK&quot;.\",\"description\":\"Wa\u0142brzyska Specjalna Strefa Ekonomiczna to jedna z najwi\u0119kszych i najdynamiczniej rozwijaj\u0105cych si\u0119 stref ekonomicznych w Polsce | Znajd\u017a tereny inwestycyjne z ulgami podatkowymi | Dzia\u0142ki inwestycyjne | Tereny inwestycyjne | Strefy ekonomiczne w Polsce | Invest in Poland in Special Economic Zone\",\"potentialAction\":[{\"@type\":\"SearchAction\",\"target\":{\"@type\":\"EntryPoint\",\"urlTemplate\":\"https:\\\/\\\/archiwum.invest-park.com.pl\\\/?s={search_term_string}\"},\"query-input\":{\"@type\":\"PropertyValueSpecification\",\"valueRequired\":true,\"valueName\":\"search_term_string\"}}],\"inLanguage\":\"en-US\"}]}<\/script>\n<!-- \/ Yoast SEO plugin. -->","yoast_head_json":{"title":"Industrial halls - WSSE &quot;INVEST-PARK&quot;. Wa\u0142brzyska Specjalna Strefa Ekonomiczna &quot;INVEST-PARK&quot;.","robots":{"index":"index","follow":"follow","max-snippet":"max-snippet:-1","max-image-preview":"max-image-preview:large","max-video-preview":"max-video-preview:-1"},"canonical":"https:\/\/archiwum.invest-park.com.pl\/en\/industrial-halls\/","og_locale":"en_US","og_type":"article","og_title":"Industrial halls - WSSE &quot;INVEST-PARK&quot;. Wa\u0142brzyska Specjalna Strefa Ekonomiczna &quot;INVEST-PARK&quot;.","og_description":"The WSEZ offers ready-made industrial halls that can be rented or leased by investors. A program of building new industrial and warehouse facilities is currently underway. Identical industrial halls are being built in Lower Silesia: Wa\u0142brzych, Jaworzyna \u015al\u0105ska and Z\u0105bkowice \u015al\u0105skie, in Opolskie Province: Nysa and Brzeg, and in Wrze\u015bnia in Wielkopolskie Province. Parameters of Read More...","og_url":"https:\/\/archiwum.invest-park.com.pl\/en\/industrial-halls\/","og_site_name":"WSSE &quot;INVEST-PARK&quot;. Wa\u0142brzyska Specjalna Strefa Ekonomiczna &quot;INVEST-PARK&quot;.","article_modified_time":"2023-11-15T14:35:34+00:00","og_image":[{"url":"https:\/\/archiwum.invest-park.com.pl\/wp-content\/uploads\/2020\/03\/WSSE_hale_Wizualizacja-3.jpg","type":"","width":"","height":""}],"twitter_misc":{"Est. reading time":"2 minutes"},"schema":{"@context":"https:\/\/schema.org","@graph":[{"@type":"WebPage","@id":"https:\/\/archiwum.invest-park.com.pl\/en\/industrial-halls\/","url":"https:\/\/archiwum.invest-park.com.pl\/en\/industrial-halls\/","name":"Industrial halls - WSSE &quot;INVEST-PARK&quot;. Wa\u0142brzyska Specjalna Strefa Ekonomiczna &quot;INVEST-PARK&quot;.","isPartOf":{"@id":"https:\/\/archiwum.invest-park.com.pl\/#website"},"primaryImageOfPage":{"@id":"https:\/\/archiwum.invest-park.com.pl\/en\/industrial-halls\/#primaryimage"},"image":{"@id":"https:\/\/archiwum.invest-park.com.pl\/en\/industrial-halls\/#primaryimage"},"thumbnailUrl":"https:\/\/archiwum.invest-park.com.pl\/wp-content\/uploads\/2020\/03\/WSSE_hale_Wizualizacja-3.jpg","datePublished":"2015-01-08T11:10:25+00:00","dateModified":"2023-11-15T14:35:34+00:00","breadcrumb":{"@id":"https:\/\/archiwum.invest-park.com.pl\/en\/industrial-halls\/#breadcrumb"},"inLanguage":"en-US","potentialAction":[{"@type":"ReadAction","target":["https:\/\/archiwum.invest-park.com.pl\/en\/industrial-halls\/"]}]},{"@type":"ImageObject","inLanguage":"en-US","@id":"https:\/\/archiwum.invest-park.com.pl\/en\/industrial-halls\/#primaryimage","url":"https:\/\/archiwum.invest-park.com.pl\/wp-content\/uploads\/2020\/03\/WSSE_hale_Wizualizacja-3.jpg","contentUrl":"https:\/\/archiwum.invest-park.com.pl\/wp-content\/uploads\/2020\/03\/WSSE_hale_Wizualizacja-3.jpg"},{"@type":"BreadcrumbList","@id":"https:\/\/archiwum.invest-park.com.pl\/en\/industrial-halls\/#breadcrumb","itemListElement":[{"@type":"ListItem","position":1,"name":"Strona g\u0142\u00f3wna","item":"https:\/\/archiwum.invest-park.com.pl\/en\/"},{"@type":"ListItem","position":2,"name":"Industrial halls"}]},{"@type":"WebSite","@id":"https:\/\/archiwum.invest-park.com.pl\/#website","url":"https:\/\/archiwum.invest-park.com.pl\/","name":"WSSE &quot;INVEST-PARK&quot;. Wa\u0142brzyska Specjalna Strefa Ekonomiczna &quot;INVEST-PARK&quot;.","description":"Wa\u0142brzyska Specjalna Strefa Ekonomiczna to jedna z najwi\u0119kszych i najdynamiczniej rozwijaj\u0105cych si\u0119 stref ekonomicznych w Polsce | Znajd\u017a tereny inwestycyjne z ulgami podatkowymi | Dzia\u0142ki inwestycyjne | Tereny inwestycyjne | Strefy ekonomiczne w Polsce | Invest in Poland in Special Economic Zone","potentialAction":[{"@type":"SearchAction","target":{"@type":"EntryPoint","urlTemplate":"https:\/\/archiwum.invest-park.com.pl\/?s={search_term_string}"},"query-input":{"@type":"PropertyValueSpecification","valueRequired":true,"valueName":"search_term_string"}}],"inLanguage":"en-US"}]}},"_links":{"self":[{"href":"https:\/\/archiwum.invest-park.com.pl\/en\/wp-json\/wp\/v2\/pages\/1693","targetHints":{"allow":["GET"]}}],"collection":[{"href":"https:\/\/archiwum.invest-park.com.pl\/en\/wp-json\/wp\/v2\/pages"}],"about":[{"href":"https:\/\/archiwum.invest-park.com.pl\/en\/wp-json\/wp\/v2\/types\/page"}],"author":[{"embeddable":true,"href":"https:\/\/archiwum.invest-park.com.pl\/en\/wp-json\/wp\/v2\/users\/1"}],"replies":[{"embeddable":true,"href":"https:\/\/archiwum.invest-park.com.pl\/en\/wp-json\/wp\/v2\/comments?post=1693"}],"version-history":[{"count":14,"href":"https:\/\/archiwum.invest-park.com.pl\/en\/wp-json\/wp\/v2\/pages\/1693\/revisions"}],"predecessor-version":[{"id":26896,"href":"https:\/\/archiwum.invest-park.com.pl\/en\/wp-json\/wp\/v2\/pages\/1693\/revisions\/26896"}],"wp:attachment":[{"href":"https:\/\/archiwum.invest-park.com.pl\/en\/wp-json\/wp\/v2\/media?parent=1693"}],"curies":[{"name":"wp","href":"https:\/\/api.w.org\/{rel}","templated":true}]}}