{"id":1672,"date":"2015-01-08T11:55:02","date_gmt":"2015-01-08T10:55:02","guid":{"rendered":"https:\/\/invest-park.com.pl\/?page_id=1672"},"modified":"2019-11-13T11:03:56","modified_gmt":"2019-11-13T10:03:56","slug":"examples-of-counting-the-value-of-public-aid","status":"publish","type":"page","link":"https:\/\/archiwum.invest-park.com.pl\/en\/examples-of-counting-the-value-of-public-aid\/","title":{"rendered":"Examples of counting the value of public aid"},"content":{"rendered":"<p><strong>The status of an enterprise influences the amount of public aid. The smaller the enterprise the bigger the percentage of provided aid can be granted.<\/strong><\/p>\n<table>\n<thead>\n<tr>\n<th>Size of enterprise<\/th>\n<th>Lubuskie and Opolskie Province<\/th>\n<th>Dolno\u015bl\u0105skie and Wielkopolskie  Province<\/th>\n<\/tr>\n<tbody>\n<tr>\n<td>large<\/td>\n<td>up to 35%<\/td>\n<td>up to 25%<\/td>\n<\/tr>\n<tr>\n<td>medium<\/td>\n<td>up to 45%<\/td>\n<td>up to 35%<\/td>\n<\/tr>\n<tr>\n<td>small and micro<\/td>\n<td>up to 55%<\/td>\n<td>up to 45%<\/td>\n<\/tr>\n<\/tbody>\n<\/table>\n<p>&nbsp;<\/p>\n<p><strong>Example No. 1<\/strong><\/p>\n<p>Size of enterprise: <strong>small<\/strong><\/p>\n<p>Location: <strong>Opolskie Province<\/strong><\/p>\n<p><span style=\"text-decoration: underline;\">Investment expernses:<\/span><\/p>\n<table>\n<tbody>\n<tr>\n<td>Land:<\/td>\n<td>200.000 PLN<\/td>\n<\/tr>\n<tr>\n<td>Machines, devices:<\/td>\n<td>300.000 PLN<\/td>\n<\/tr>\n<tr>\n<td>Buildings, constructions<\/td>\n<td>300.000 PLN<\/td>\n<\/tr>\n<\/tbody>\n<\/table>\n<p><strong>Total cost of new investment:  <\/strong>\u00a0 \u00a0 \u00a0 \u00a0 \u00a0 \u00a0\u00a0<strong>800.000 PLN<\/strong><\/p>\n<p><strong>Intensity of public aid:<\/strong>\u00a0 \u00a0 \u00a0 \u00a0 \u00a0 \u00a0<strong>55%<\/strong><\/p>\n<p><strong>Value of public aid granted:<\/strong><\/p>\n<p>Total cost of new investment x intensity of public aid =<br \/>\n800.000 PLN x 55% =<span style=\"text-decoration: underline;\"><strong>440.000 PLN<\/strong><\/span><\/p>\n<p><span style=\"text-decoration: underline;\"><strong>440.000 PLN<\/strong><\/span> is <strong>the value of public aid, meaning the value of not paid income tax<\/strong><\/p>\n<p><strong>Income tax rate = 19%<\/strong><\/p>\n<p><strong><em>Value of income exempt from tax:<span style=\"text-decoration: underline;\">440.000 PLN<\/span><\/em><\/strong><em> \u00a0<strong>\/ 19% =\u00a0 <span style=\"text-decoration: underline;\">2\u00a0315\u00a0789,47 z\u0142<\/span><\/strong><\/em><\/p>\n<p>&nbsp;<\/p>\n<p>&nbsp;<\/p>\n<p><strong>Example No. 2<\/strong><\/p>\n<p>Size of enterprise: <strong>medium<\/strong><\/p>\n<p>Location: <strong>Wielkopolskie Province<\/strong><\/p>\n<p><span style=\"text-decoration: underline;\">Investment expernses:<\/span><\/p>\n<table>\n<tbody>\n<tr>\n<td>Land:<\/td>\n<td>500.000 PLN<\/td>\n<\/tr>\n<tr>\n<td>Machines, devices:<\/td>\n<td>700.000 PLN<\/td>\n<\/tr>\n<tr>\n<td>Buildings, constructions<\/td>\n<td>4.000.000 PLN<\/td>\n<\/tr>\n<\/tbody>\n<\/table>\n<p><strong>Total cost of new investment:  <\/strong>\u00a0 \u00a0 \u00a0 \u00a0 \u00a0 \u00a0\u00a0<strong>5.200.000 PLN<\/strong><\/p>\n<p><strong>Intensity of public aid:<\/strong>\u00a0 \u00a0 \u00a0 \u00a0 \u00a0 \u00a0<strong>35%<\/strong><\/p>\n<p><strong>Value of public aid granted:<\/strong><\/p>\n<p>Total cost of new investment x intensity of public aid =<br \/>\n5.200.000 PLN x 35% =<span style=\"text-decoration: underline;\"><strong>1.820.000 PLN<\/strong><\/span><\/p>\n<p><span style=\"text-decoration: underline;\"><strong>1.820.000 PLN<\/strong><\/span> is <strong>the value of public aid, meaning the value of not paid income tax<\/strong><\/p>\n<p><strong>Income tax rate = 19%<\/strong><\/p>\n<p><strong><em>Value of income exempt from tax:<span style=\"text-decoration: underline;\">1 820 000 PLN<\/span><\/em><\/strong><em> \u00a0<strong>\/ 19% =\u00a0 <span style=\"text-decoration: underline;\">9 578 947,37 PLN<\/span><\/strong><\/em><\/p>\n<p>&nbsp;<\/p>\n<p>&nbsp;<\/p>\n<p><strong>Example No. 3<\/strong><\/p>\n<p>Size of enterprise: <strong>large<\/strong><\/p>\n<p>Location: <strong>Dolno\u015bl\u0105skie Province<\/strong><\/p>\n<p><span style=\"text-decoration: underline;\">Investment expernses:<\/span><\/p>\n<table>\n<tbody>\n<tr>\n<td>Land:<\/td>\n<td>2 000 000 PLN<\/td>\n<\/tr>\n<tr>\n<td>Machines, devices:<\/td>\n<td>45 000 000 PLN<\/td>\n<\/tr>\n<tr>\n<td>Buildings, constructions<\/td>\n<td>5 500 000 PLN<\/td>\n<\/tr>\n<\/tbody>\n<\/table>\n<p><strong>Total cost of new investment:  <\/strong>\u00a0 \u00a0 \u00a0 \u00a0 \u00a0 \u00a0\u00a0<strong>52 500 000 PLN<\/strong><\/p>\n<p><strong>Intensity of public aid:<\/strong>\u00a0 \u00a0 \u00a0 \u00a0 \u00a0 \u00a0<strong>25%<\/strong><\/p>\n<p><strong>Value of public aid granted:<\/strong><\/p>\n<p>Total cost of new investment x intensity of public aid =<br \/>\n52 500 000 PLN x 25% = <span style=\"text-decoration: underline;\"><strong>13 125 000 PLN<\/strong><\/span><\/p>\n<p><span style=\"text-decoration: underline;\"><strong>13 125 000 PLN<\/strong><\/span> is <strong>the value of public aid, meaning the value of not paid income tax<\/strong><\/p>\n<p><strong>Income tax rate = 19%<\/strong><\/p>\n<p><strong><em>Value of income exempt from tax:<span style=\"text-decoration: underline;\">13 125 000 PLN<\/span><\/em><\/strong><em> \u00a0<strong>\/ 19% =\u00a0 <span style=\"text-decoration: underline;\">69 078 947,40 PLN<\/span><\/strong><\/em><\/p>\n<p>&nbsp;<\/p>\n<p>&nbsp;<\/p>\n<p><strong>Example No. 4<\/strong><\/p>\n<p>Size of enterprise: <strong>small<\/strong><\/p>\n<p>Location:<strong> Opolskie Province<\/strong><\/p>\n<p><strong>\u00a0<\/strong><\/p>\n<p>Number of new employees: <strong>8<\/strong><\/p>\n<p>Average gross salary:<strong>3000 z\u0142<\/strong><\/p>\n<p>Compulsory social insurance contributions:<\/p>\n<p>Retirement contribution (9,76%): 292,8 z\u0142<\/p>\n<p>Occupational injury insurance  (1,93%): 57,9 z\u0142<\/p>\n<p>Pension contribution (6,5%): 195 z\u0142<\/p>\n<p>The Labour Fund  (2,45%): 73,5 z\u0142<\/p>\n<p>The Guaranteed Employment Benefit Fund (Polish FG\u015aP)  (0,10%): 3 z\u0142<\/p>\n<p>Total: <strong>622,2 z\u0142<\/strong><\/p>\n<p>Average monthly employment cost for 1 person:<strong>3 622,2 z\u0142<\/strong><\/p>\n<p>Total cost of employment in the period of two years:<strong>695 462,4 z\u0142<\/strong><\/p>\n<p><strong>Intensity of public aid:<\/strong>\u00a0\u00a0\u00a0\u00a0\u00a0\u00a0\u00a0\u00a0\u00a0\u00a0\u00a0\u00a0\u00a0\u00a0\u00a0\u00a0\u00a0\u00a0\u00a0\u00a0\u00a0\u00a0\u00a0 <strong>55%<\/strong><\/p>\n<p><strong>Value of public aid granted:<\/strong><\/p>\n<p>Two year costs of employment x intensity of public aid =<strong>695\u00a0462,4 z\u0142 <\/strong>x 55% = <span style=\"text-decoration: underline;\"><strong>382\u00a0504,32 z\u0142<\/strong><\/span><\/p>\n<p><span style=\"text-decoration: underline;\"><strong>382\u00a0504,32 z\u0142<\/strong><\/span> is<strong> the value of public aid, meaning the value of not paid income tax<\/strong>.<\/p>\n<p><strong>Income tax rate = 19% <\/strong><\/p>\n<p><strong>Value of income exempt from tax:<span style=\"text-decoration: underline;\">382\u00a0504,32 z\u0142<\/span><\/strong> \u00a0<strong>\/ 19% =\u00a0 <span style=\"text-decoration: underline;\">2\u00a0013\u00a0180,63 z\u0142<\/span><\/strong><\/p>\n<p><span id=\"duzy-projekt\"><\/span><\/p>\n<p><strong>Large Investment Project<\/strong><\/p>\n<p>Large Investment Project is a new investment of which eligible costs to be covered by public aid are higher than the value of 50 mln EUR according to The National Bank of Poland (NBP) exchange rate published on the day that the permit was granted.<\/p>\n<p>A new investment that is started by the same entrepreneur or another entrepreneur from the same capital group in the period of three years from the beginning of activities on another investment covered with public aid in the same subregion distinguished on level three (NTS 3) is said to be part of this same investment.<br \/>\nIn the condition of regional public aid granted to an entrepreneur for realisation of Large Investment Project the maximum amount of aid is set according to the equation:<\/p>\n<p><strong>I = R x (50 mln euro + 0,5 x B + 0 x C)<\/strong><\/p>\n<p>Where:<\/p>\n<p>I &#8211; maximum amount of public aid for a Large Investment Project,<br \/>\nR &#8211; intensity of public aid for the region where the investment will take place,<br \/>\nB &#8211; the value of public aid eligible costs exceeding 50 million EUR but not higher than 100 million EUR,<br \/>\nC- the value of public aid eligible costs exceeding 100 million EUR.<\/p>\n<p>&nbsp;<\/p>\n<p><strong>Example no.5<\/strong><\/p>\n<p>Size of enterprise: <strong>large<\/strong><\/p>\n<p>Location: <strong>Dolno\u015bl\u0105skie Province<\/strong><\/p>\n<p><strong>\u00a0<\/strong>Investment expernses:<\/p>\n<table>\n<tbody>\n<tr>\n<td>Land:<\/td>\n<td>5\u00a0000 000 EUR<\/td>\n<\/tr>\n<tr>\n<td>Machines, devices:<\/td>\n<td>90\u00a0000 000 EUR<\/td>\n<\/tr>\n<tr>\n<td>Buildings, constructions<\/td>\n<td>10 000 000 EUR<\/td>\n<\/tr>\n<\/tbody>\n<\/table>\n<p><strong>Total cost of new investment:<\/strong>\u00a0 \u00a0 \u00a0 \u00a0 \u00a0 \u00a0 \u00a0 \u00a0 \u00a0 \u00a0 \u00a0\u00a0<strong>105 000 000 EUR<\/strong><\/p>\n<p><strong>Intensity of public aid: <\/strong>\u00a0\u00a0\u00a0\u00a0\u00a0\u00a0\u00a0\u00a0\u00a0\u00a0\u00a0\u00a0\u00a0\u00a0\u00a0\u00a0\u00a0\u00a0\u00a0\u00a0\u00a0\u00a0\u00a0\u00a0\u00a0\u00a0\u00a0\u00a0\u00a0\u00a0\u00a0\u00a0\u00a0\u00a0\u00a0\u00a0\u00a0\u00a0\u00a0\u00a0\u00a0\u00a0\u00a0\u00a0\u00a0\u00a0 <strong>25%<\/strong><\/p>\n<p><strong>Value of public aid granted:<\/strong><\/p>\n<p>According to the equation for big investment projects<\/p>\n<p>25% (50\u00a0000\u00a0000 EUR + 0,5 x 50\u00a0000\u00a0000 EUR + 0 x 5\u00a0000\u00a0000 EUR) = 75\u00a0000\u00a0000 EUR x 25% = <span style=\"text-decoration: underline;\"><strong>18\u00a0750\u00a0000 EUR<\/strong><\/span><\/p>\n<p><span style=\"text-decoration: underline;\"><strong>18\u00a0750 000 EUR<\/strong><\/span> is <strong>the value of public aid, meaning the value of not paid income tax<\/strong><\/p>\n<p><strong>Income tax rate = 19% <\/strong><\/p>\n<p><strong>Value of income exempt from tax: 18\u00a0750\u00a0000 EUR<\/strong> <strong>\/ 19% = <span style=\"text-decoration: underline;\">98\u00a0684\u00a0210,53 EUR<\/span><\/strong><\/p>\n<p><strong>If an entrepreneur would like to get higher public aid for Large Investment Project with costs exceeding 100 million EUR that is the outcome of the equation he\/she needs to obtain permission from the European Commission.<\/strong><\/p>\n","protected":false},"excerpt":{"rendered":"<p>The status of an enterprise influences the amount of public aid. The smaller the enterprise the bigger the percentage of provided aid can be granted. Size of enterprise Lubuskie and Opolskie Province Dolno\u015bl\u0105skie and Wielkopolskie Province large up to 35% up to 25% medium up to 45% up to 35% small and micro up to <\/p>\n<p class=\"text-right\"><a class=\"btn btn-secondary understrap-read-more-link\" href=\"https:\/\/archiwum.invest-park.com.pl\/en\/examples-of-counting-the-value-of-public-aid\/\">Read More&#8230;<\/a><\/p>\n","protected":false},"author":1,"featured_media":0,"parent":0,"menu_order":0,"comment_status":"open","ping_status":"closed","template":"","meta":{"_acf_changed":false,"footnotes":""},"class_list":["post-1672","page","type-page","status-publish","hentry"],"acf":[],"yoast_head":"<!-- This site is optimized with the Yoast SEO plugin v27.4 - https:\/\/yoast.com\/product\/yoast-seo-wordpress\/ -->\n<title>Examples of counting the value of public aid - WSSE &quot;INVEST-PARK&quot;. Wa\u0142brzyska Specjalna Strefa Ekonomiczna &quot;INVEST-PARK&quot;.<\/title>\n<meta name=\"robots\" content=\"index, follow, max-snippet:-1, max-image-preview:large, max-video-preview:-1\" \/>\n<link rel=\"canonical\" href=\"https:\/\/archiwum.invest-park.com.pl\/en\/examples-of-counting-the-value-of-public-aid\/\" \/>\n<meta property=\"og:locale\" content=\"en_US\" \/>\n<meta property=\"og:type\" content=\"article\" \/>\n<meta property=\"og:title\" content=\"Examples of counting the value of public aid - WSSE &quot;INVEST-PARK&quot;. Wa\u0142brzyska Specjalna Strefa Ekonomiczna &quot;INVEST-PARK&quot;.\" \/>\n<meta property=\"og:description\" content=\"The status of an enterprise influences the amount of public aid. The smaller the enterprise the bigger the percentage of provided aid can be granted. Size of enterprise Lubuskie and Opolskie Province Dolno\u015bl\u0105skie and Wielkopolskie Province large up to 35% up to 25% medium up to 45% up to 35% small and micro up to Read More...\" \/>\n<meta property=\"og:url\" content=\"https:\/\/archiwum.invest-park.com.pl\/en\/examples-of-counting-the-value-of-public-aid\/\" \/>\n<meta property=\"og:site_name\" content=\"WSSE &quot;INVEST-PARK&quot;. Wa\u0142brzyska Specjalna Strefa Ekonomiczna &quot;INVEST-PARK&quot;.\" \/>\n<meta property=\"article:modified_time\" content=\"2019-11-13T10:03:56+00:00\" \/>\n<meta name=\"twitter:label1\" content=\"Est. reading time\" \/>\n\t<meta name=\"twitter:data1\" content=\"4 minutes\" \/>\n<script type=\"application\/ld+json\" class=\"yoast-schema-graph\">{\"@context\":\"https:\\\/\\\/schema.org\",\"@graph\":[{\"@type\":\"WebPage\",\"@id\":\"https:\\\/\\\/archiwum.invest-park.com.pl\\\/en\\\/examples-of-counting-the-value-of-public-aid\\\/\",\"url\":\"https:\\\/\\\/archiwum.invest-park.com.pl\\\/en\\\/examples-of-counting-the-value-of-public-aid\\\/\",\"name\":\"Examples of counting the value of public aid - WSSE &quot;INVEST-PARK&quot;. Wa\u0142brzyska Specjalna Strefa Ekonomiczna &quot;INVEST-PARK&quot;.\",\"isPartOf\":{\"@id\":\"https:\\\/\\\/archiwum.invest-park.com.pl\\\/#website\"},\"datePublished\":\"2015-01-08T10:55:02+00:00\",\"dateModified\":\"2019-11-13T10:03:56+00:00\",\"breadcrumb\":{\"@id\":\"https:\\\/\\\/archiwum.invest-park.com.pl\\\/en\\\/examples-of-counting-the-value-of-public-aid\\\/#breadcrumb\"},\"inLanguage\":\"en-US\",\"potentialAction\":[{\"@type\":\"ReadAction\",\"target\":[\"https:\\\/\\\/archiwum.invest-park.com.pl\\\/en\\\/examples-of-counting-the-value-of-public-aid\\\/\"]}]},{\"@type\":\"BreadcrumbList\",\"@id\":\"https:\\\/\\\/archiwum.invest-park.com.pl\\\/en\\\/examples-of-counting-the-value-of-public-aid\\\/#breadcrumb\",\"itemListElement\":[{\"@type\":\"ListItem\",\"position\":1,\"name\":\"Strona g\u0142\u00f3wna\",\"item\":\"https:\\\/\\\/archiwum.invest-park.com.pl\\\/en\\\/\"},{\"@type\":\"ListItem\",\"position\":2,\"name\":\"Examples of counting the value of public aid\"}]},{\"@type\":\"WebSite\",\"@id\":\"https:\\\/\\\/archiwum.invest-park.com.pl\\\/#website\",\"url\":\"https:\\\/\\\/archiwum.invest-park.com.pl\\\/\",\"name\":\"WSSE &quot;INVEST-PARK&quot;. Wa\u0142brzyska Specjalna Strefa Ekonomiczna &quot;INVEST-PARK&quot;.\",\"description\":\"Wa\u0142brzyska Specjalna Strefa Ekonomiczna to jedna z najwi\u0119kszych i najdynamiczniej rozwijaj\u0105cych si\u0119 stref ekonomicznych w Polsce | Znajd\u017a tereny inwestycyjne z ulgami podatkowymi | Dzia\u0142ki inwestycyjne | Tereny inwestycyjne | Strefy ekonomiczne w Polsce | Invest in Poland in Special Economic Zone\",\"potentialAction\":[{\"@type\":\"SearchAction\",\"target\":{\"@type\":\"EntryPoint\",\"urlTemplate\":\"https:\\\/\\\/archiwum.invest-park.com.pl\\\/?s={search_term_string}\"},\"query-input\":{\"@type\":\"PropertyValueSpecification\",\"valueRequired\":true,\"valueName\":\"search_term_string\"}}],\"inLanguage\":\"en-US\"}]}<\/script>\n<!-- \/ Yoast SEO plugin. -->","yoast_head_json":{"title":"Examples of counting the value of public aid - WSSE &quot;INVEST-PARK&quot;. Wa\u0142brzyska Specjalna Strefa Ekonomiczna &quot;INVEST-PARK&quot;.","robots":{"index":"index","follow":"follow","max-snippet":"max-snippet:-1","max-image-preview":"max-image-preview:large","max-video-preview":"max-video-preview:-1"},"canonical":"https:\/\/archiwum.invest-park.com.pl\/en\/examples-of-counting-the-value-of-public-aid\/","og_locale":"en_US","og_type":"article","og_title":"Examples of counting the value of public aid - WSSE &quot;INVEST-PARK&quot;. Wa\u0142brzyska Specjalna Strefa Ekonomiczna &quot;INVEST-PARK&quot;.","og_description":"The status of an enterprise influences the amount of public aid. The smaller the enterprise the bigger the percentage of provided aid can be granted. Size of enterprise Lubuskie and Opolskie Province Dolno\u015bl\u0105skie and Wielkopolskie Province large up to 35% up to 25% medium up to 45% up to 35% small and micro up to Read More...","og_url":"https:\/\/archiwum.invest-park.com.pl\/en\/examples-of-counting-the-value-of-public-aid\/","og_site_name":"WSSE &quot;INVEST-PARK&quot;. Wa\u0142brzyska Specjalna Strefa Ekonomiczna &quot;INVEST-PARK&quot;.","article_modified_time":"2019-11-13T10:03:56+00:00","twitter_misc":{"Est. reading time":"4 minutes"},"schema":{"@context":"https:\/\/schema.org","@graph":[{"@type":"WebPage","@id":"https:\/\/archiwum.invest-park.com.pl\/en\/examples-of-counting-the-value-of-public-aid\/","url":"https:\/\/archiwum.invest-park.com.pl\/en\/examples-of-counting-the-value-of-public-aid\/","name":"Examples of counting the value of public aid - WSSE &quot;INVEST-PARK&quot;. Wa\u0142brzyska Specjalna Strefa Ekonomiczna &quot;INVEST-PARK&quot;.","isPartOf":{"@id":"https:\/\/archiwum.invest-park.com.pl\/#website"},"datePublished":"2015-01-08T10:55:02+00:00","dateModified":"2019-11-13T10:03:56+00:00","breadcrumb":{"@id":"https:\/\/archiwum.invest-park.com.pl\/en\/examples-of-counting-the-value-of-public-aid\/#breadcrumb"},"inLanguage":"en-US","potentialAction":[{"@type":"ReadAction","target":["https:\/\/archiwum.invest-park.com.pl\/en\/examples-of-counting-the-value-of-public-aid\/"]}]},{"@type":"BreadcrumbList","@id":"https:\/\/archiwum.invest-park.com.pl\/en\/examples-of-counting-the-value-of-public-aid\/#breadcrumb","itemListElement":[{"@type":"ListItem","position":1,"name":"Strona g\u0142\u00f3wna","item":"https:\/\/archiwum.invest-park.com.pl\/en\/"},{"@type":"ListItem","position":2,"name":"Examples of counting the value of public aid"}]},{"@type":"WebSite","@id":"https:\/\/archiwum.invest-park.com.pl\/#website","url":"https:\/\/archiwum.invest-park.com.pl\/","name":"WSSE &quot;INVEST-PARK&quot;. Wa\u0142brzyska Specjalna Strefa Ekonomiczna &quot;INVEST-PARK&quot;.","description":"Wa\u0142brzyska Specjalna Strefa Ekonomiczna to jedna z najwi\u0119kszych i najdynamiczniej rozwijaj\u0105cych si\u0119 stref ekonomicznych w Polsce | Znajd\u017a tereny inwestycyjne z ulgami podatkowymi | Dzia\u0142ki inwestycyjne | Tereny inwestycyjne | Strefy ekonomiczne w Polsce | Invest in Poland in Special Economic Zone","potentialAction":[{"@type":"SearchAction","target":{"@type":"EntryPoint","urlTemplate":"https:\/\/archiwum.invest-park.com.pl\/?s={search_term_string}"},"query-input":{"@type":"PropertyValueSpecification","valueRequired":true,"valueName":"search_term_string"}}],"inLanguage":"en-US"}]}},"_links":{"self":[{"href":"https:\/\/archiwum.invest-park.com.pl\/en\/wp-json\/wp\/v2\/pages\/1672","targetHints":{"allow":["GET"]}}],"collection":[{"href":"https:\/\/archiwum.invest-park.com.pl\/en\/wp-json\/wp\/v2\/pages"}],"about":[{"href":"https:\/\/archiwum.invest-park.com.pl\/en\/wp-json\/wp\/v2\/types\/page"}],"author":[{"embeddable":true,"href":"https:\/\/archiwum.invest-park.com.pl\/en\/wp-json\/wp\/v2\/users\/1"}],"replies":[{"embeddable":true,"href":"https:\/\/archiwum.invest-park.com.pl\/en\/wp-json\/wp\/v2\/comments?post=1672"}],"version-history":[{"count":13,"href":"https:\/\/archiwum.invest-park.com.pl\/en\/wp-json\/wp\/v2\/pages\/1672\/revisions"}],"predecessor-version":[{"id":11529,"href":"https:\/\/archiwum.invest-park.com.pl\/en\/wp-json\/wp\/v2\/pages\/1672\/revisions\/11529"}],"wp:attachment":[{"href":"https:\/\/archiwum.invest-park.com.pl\/en\/wp-json\/wp\/v2\/media?parent=1672"}],"curies":[{"name":"wp","href":"https:\/\/api.w.org\/{rel}","templated":true}]}}