{"id":1669,"date":"2015-01-08T11:31:03","date_gmt":"2015-01-08T10:31:03","guid":{"rendered":"https:\/\/invest-park.com.pl\/?page_id=1669"},"modified":"2019-06-25T14:36:07","modified_gmt":"2019-06-25T12:36:07","slug":"communication-and-marketing-department","status":"publish","type":"page","link":"https:\/\/archiwum.invest-park.com.pl\/en\/communication-and-marketing-department\/","title":{"rendered":"Communication and Marketing Department"},"content":{"rendered":"<p><strong>Tasks:<\/strong> Marketing, promotion, press service, event organising (conferences, celebrations, trainings, economy missions), website administration, social media.<\/p>\n<p><strong>Officers:<\/strong><\/p>\n<p><a href=\"https:\/\/archiwum.invest-park.com.pl\/kontakt\/departament-komunikacji\/malgorzata-adamczyk\/\" rel=\"attachment wp-att-6101\"><img loading=\"lazy\" decoding=\"async\" class=\"alignnone wp-image-6101 size-thumbnail\" src=\"https:\/\/archiwum.invest-park.com.pl\/wp-content\/uploads\/2014\/12\/Malgorzata-Adamczyk-270x270.jpg\" alt=\"Malgorzata Mikolajczyk\" width=\"270\" height=\"270\" srcset=\"https:\/\/archiwum.invest-park.com.pl\/wp-content\/uploads\/2014\/12\/Malgorzata-Adamczyk-270x270.jpg 270w, https:\/\/archiwum.invest-park.com.pl\/wp-content\/uploads\/2014\/12\/Malgorzata-Adamczyk-768x768.jpg 768w, https:\/\/archiwum.invest-park.com.pl\/wp-content\/uploads\/2014\/12\/Malgorzata-Adamczyk-393x393.jpg 393w, https:\/\/archiwum.invest-park.com.pl\/wp-content\/uploads\/2014\/12\/Malgorzata-Adamczyk-300x300.jpg 300w, https:\/\/archiwum.invest-park.com.pl\/wp-content\/uploads\/2014\/12\/Malgorzata-Adamczyk-1024x1024.jpg 1024w, https:\/\/archiwum.invest-park.com.pl\/wp-content\/uploads\/2014\/12\/Malgorzata-Adamczyk-600x600.jpg 600w, https:\/\/archiwum.invest-park.com.pl\/wp-content\/uploads\/2014\/12\/Malgorzata-Adamczyk.jpg 1629w\" sizes=\"auto, (max-width: 270px) 100vw, 270px\" \/><\/a><\/p>\n<p><strong>Ma\u0142gorzata Miko\u0142ajczyk<\/strong><br \/>\n<a href=\"mailto:m.mikolajczyk.dkm@invest-park.com.pl\">m.mikolajczyk.dkm@invest-park.com.pl<\/a><br \/>\ntel.+48 74 664 91 69<\/p>\n<p>&nbsp;<\/p>\n<p><a href=\"https:\/\/archiwum.invest-park.com.pl\/wp-content\/uploads\/2014\/12\/DK_JacekSerdeczny.jpg\"><img loading=\"lazy\" decoding=\"async\" class=\"alignnone size-thumbnail wp-image-1321\" src=\"https:\/\/archiwum.invest-park.com.pl\/wp-content\/uploads\/2014\/12\/DK_JacekSerdeczny-270x270.jpg\" alt=\"DK_JacekSerdeczny\" width=\"270\" height=\"270\" srcset=\"https:\/\/archiwum.invest-park.com.pl\/wp-content\/uploads\/2014\/12\/DK_JacekSerdeczny-270x270.jpg 270w, https:\/\/archiwum.invest-park.com.pl\/wp-content\/uploads\/2014\/12\/DK_JacekSerdeczny-768x768.jpg 768w, https:\/\/archiwum.invest-park.com.pl\/wp-content\/uploads\/2014\/12\/DK_JacekSerdeczny-393x393.jpg 393w, https:\/\/archiwum.invest-park.com.pl\/wp-content\/uploads\/2014\/12\/DK_JacekSerdeczny-300x300.jpg 300w, https:\/\/archiwum.invest-park.com.pl\/wp-content\/uploads\/2014\/12\/DK_JacekSerdeczny-600x600.jpg 600w, https:\/\/archiwum.invest-park.com.pl\/wp-content\/uploads\/2014\/12\/DK_JacekSerdeczny.jpg 847w\" sizes=\"auto, (max-width: 270px) 100vw, 270px\" \/><\/a><\/p>\n<p><strong>Jacek Serdeczny<\/strong><br \/>\n<a href=\"mailto:j.serdeczny@invest-park.com.pl\">j.serdeczny@invest-park.com.pl<br \/>\n<\/a>tel. +48 74 664 91 53<\/p>\n<p>&nbsp;<\/p>\n<p><strong>Katarzyna Doszczak-Fu\u0142awka<\/strong><br \/>\n<a href=\"mailto:k.doszczak@invest-park.com.pl\">k.doszczak@invest-park.com.pl<br \/>\n<\/a>tel. +48 74 664 91 53<\/p>\n","protected":false},"excerpt":{"rendered":"<p>Tasks: Marketing, promotion, press service, event organising (conferences, celebrations, trainings, economy missions), website administration, social media. Officers: Ma\u0142gorzata Miko\u0142ajczyk m.mikolajczyk.dkm@invest-park.com.pl tel.+48 74 664 91 69 &nbsp; Jacek Serdeczny j.serdeczny@invest-park.com.pl tel. +48 74 664 91 53 &nbsp; Katarzyna Doszczak-Fu\u0142awka k.doszczak@invest-park.com.pl tel. +48 74 664 91 53 <\/p>\n<p class=\"text-right\"><a class=\"btn btn-secondary understrap-read-more-link\" href=\"https:\/\/archiwum.invest-park.com.pl\/en\/communication-and-marketing-department\/\">Read More&#8230;<\/a><\/p>\n","protected":false},"author":1,"featured_media":0,"parent":0,"menu_order":0,"comment_status":"open","ping_status":"closed","template":"page-left-sidebar.php","meta":{"_acf_changed":false,"footnotes":""},"class_list":["post-1669","page","type-page","status-publish","hentry"],"acf":[],"yoast_head":"<!-- This site is optimized with the Yoast SEO plugin v27.5 - https:\/\/yoast.com\/product\/yoast-seo-wordpress\/ -->\n<title>Communication and Marketing Department - WSSE &quot;INVEST-PARK&quot;. Wa\u0142brzyska Specjalna Strefa Ekonomiczna &quot;INVEST-PARK&quot;.<\/title>\n<meta name=\"robots\" content=\"index, follow, max-snippet:-1, max-image-preview:large, max-video-preview:-1\" \/>\n<link rel=\"canonical\" href=\"https:\/\/archiwum.invest-park.com.pl\/en\/communication-and-marketing-department\/\" \/>\n<meta property=\"og:locale\" content=\"en_US\" \/>\n<meta property=\"og:type\" content=\"article\" \/>\n<meta property=\"og:title\" content=\"Communication and Marketing Department - WSSE &quot;INVEST-PARK&quot;. Wa\u0142brzyska Specjalna Strefa Ekonomiczna &quot;INVEST-PARK&quot;.\" \/>\n<meta property=\"og:description\" content=\"Tasks: Marketing, promotion, press service, event organising (conferences, celebrations, trainings, economy missions), website administration, social media. Officers: Ma\u0142gorzata Miko\u0142ajczyk m.mikolajczyk.dkm@invest-park.com.pl tel.+48 74 664 91 69 &nbsp; Jacek Serdeczny j.serdeczny@invest-park.com.pl tel. +48 74 664 91 53 &nbsp; Katarzyna Doszczak-Fu\u0142awka k.doszczak@invest-park.com.pl tel. +48 74 664 91 53 Read More...\" \/>\n<meta property=\"og:url\" content=\"https:\/\/archiwum.invest-park.com.pl\/en\/communication-and-marketing-department\/\" \/>\n<meta property=\"og:site_name\" content=\"WSSE &quot;INVEST-PARK&quot;. Wa\u0142brzyska Specjalna Strefa Ekonomiczna &quot;INVEST-PARK&quot;.\" \/>\n<meta property=\"article:modified_time\" content=\"2019-06-25T12:36:07+00:00\" \/>\n<meta property=\"og:image\" content=\"https:\/\/archiwum.invest-park.com.pl\/wp-content\/uploads\/2014\/12\/Malgorzata-Adamczyk-270x270.jpg\" \/>\n<script type=\"application\/ld+json\" class=\"yoast-schema-graph\">{\"@context\":\"https:\\\/\\\/schema.org\",\"@graph\":[{\"@type\":\"WebPage\",\"@id\":\"https:\\\/\\\/archiwum.invest-park.com.pl\\\/en\\\/communication-and-marketing-department\\\/\",\"url\":\"https:\\\/\\\/archiwum.invest-park.com.pl\\\/en\\\/communication-and-marketing-department\\\/\",\"name\":\"Communication and Marketing Department - WSSE &quot;INVEST-PARK&quot;. Wa\u0142brzyska Specjalna Strefa Ekonomiczna &quot;INVEST-PARK&quot;.\",\"isPartOf\":{\"@id\":\"https:\\\/\\\/archiwum.invest-park.com.pl\\\/#website\"},\"primaryImageOfPage\":{\"@id\":\"https:\\\/\\\/archiwum.invest-park.com.pl\\\/en\\\/communication-and-marketing-department\\\/#primaryimage\"},\"image\":{\"@id\":\"https:\\\/\\\/archiwum.invest-park.com.pl\\\/en\\\/communication-and-marketing-department\\\/#primaryimage\"},\"thumbnailUrl\":\"https:\\\/\\\/archiwum.invest-park.com.pl\\\/wp-content\\\/uploads\\\/2014\\\/12\\\/Malgorzata-Adamczyk-270x270.jpg\",\"datePublished\":\"2015-01-08T10:31:03+00:00\",\"dateModified\":\"2019-06-25T12:36:07+00:00\",\"breadcrumb\":{\"@id\":\"https:\\\/\\\/archiwum.invest-park.com.pl\\\/en\\\/communication-and-marketing-department\\\/#breadcrumb\"},\"inLanguage\":\"en-US\",\"potentialAction\":[{\"@type\":\"ReadAction\",\"target\":[\"https:\\\/\\\/archiwum.invest-park.com.pl\\\/en\\\/communication-and-marketing-department\\\/\"]}]},{\"@type\":\"ImageObject\",\"inLanguage\":\"en-US\",\"@id\":\"https:\\\/\\\/archiwum.invest-park.com.pl\\\/en\\\/communication-and-marketing-department\\\/#primaryimage\",\"url\":\"https:\\\/\\\/archiwum.invest-park.com.pl\\\/wp-content\\\/uploads\\\/2014\\\/12\\\/Malgorzata-Adamczyk-270x270.jpg\",\"contentUrl\":\"https:\\\/\\\/archiwum.invest-park.com.pl\\\/wp-content\\\/uploads\\\/2014\\\/12\\\/Malgorzata-Adamczyk-270x270.jpg\"},{\"@type\":\"BreadcrumbList\",\"@id\":\"https:\\\/\\\/archiwum.invest-park.com.pl\\\/en\\\/communication-and-marketing-department\\\/#breadcrumb\",\"itemListElement\":[{\"@type\":\"ListItem\",\"position\":1,\"name\":\"Strona g\u0142\u00f3wna\",\"item\":\"https:\\\/\\\/archiwum.invest-park.com.pl\\\/en\\\/\"},{\"@type\":\"ListItem\",\"position\":2,\"name\":\"Communication and Marketing Department\"}]},{\"@type\":\"WebSite\",\"@id\":\"https:\\\/\\\/archiwum.invest-park.com.pl\\\/#website\",\"url\":\"https:\\\/\\\/archiwum.invest-park.com.pl\\\/\",\"name\":\"WSSE &quot;INVEST-PARK&quot;. Wa\u0142brzyska Specjalna Strefa Ekonomiczna &quot;INVEST-PARK&quot;.\",\"description\":\"Wa\u0142brzyska Specjalna Strefa Ekonomiczna to jedna z najwi\u0119kszych i najdynamiczniej rozwijaj\u0105cych si\u0119 stref ekonomicznych w Polsce | Znajd\u017a tereny inwestycyjne z ulgami podatkowymi | Dzia\u0142ki inwestycyjne | Tereny inwestycyjne | Strefy ekonomiczne w Polsce | Invest in Poland in Special Economic Zone\",\"potentialAction\":[{\"@type\":\"SearchAction\",\"target\":{\"@type\":\"EntryPoint\",\"urlTemplate\":\"https:\\\/\\\/archiwum.invest-park.com.pl\\\/?s={search_term_string}\"},\"query-input\":{\"@type\":\"PropertyValueSpecification\",\"valueRequired\":true,\"valueName\":\"search_term_string\"}}],\"inLanguage\":\"en-US\"}]}<\/script>\n<!-- \/ Yoast SEO plugin. -->","yoast_head_json":{"title":"Communication and Marketing Department - WSSE &quot;INVEST-PARK&quot;. Wa\u0142brzyska Specjalna Strefa Ekonomiczna &quot;INVEST-PARK&quot;.","robots":{"index":"index","follow":"follow","max-snippet":"max-snippet:-1","max-image-preview":"max-image-preview:large","max-video-preview":"max-video-preview:-1"},"canonical":"https:\/\/archiwum.invest-park.com.pl\/en\/communication-and-marketing-department\/","og_locale":"en_US","og_type":"article","og_title":"Communication and Marketing Department - WSSE &quot;INVEST-PARK&quot;. Wa\u0142brzyska Specjalna Strefa Ekonomiczna &quot;INVEST-PARK&quot;.","og_description":"Tasks: Marketing, promotion, press service, event organising (conferences, celebrations, trainings, economy missions), website administration, social media. Officers: Ma\u0142gorzata Miko\u0142ajczyk m.mikolajczyk.dkm@invest-park.com.pl tel.+48 74 664 91 69 &nbsp; Jacek Serdeczny j.serdeczny@invest-park.com.pl tel. +48 74 664 91 53 &nbsp; Katarzyna Doszczak-Fu\u0142awka k.doszczak@invest-park.com.pl tel. +48 74 664 91 53 Read More...","og_url":"https:\/\/archiwum.invest-park.com.pl\/en\/communication-and-marketing-department\/","og_site_name":"WSSE &quot;INVEST-PARK&quot;. Wa\u0142brzyska Specjalna Strefa Ekonomiczna &quot;INVEST-PARK&quot;.","article_modified_time":"2019-06-25T12:36:07+00:00","og_image":[{"url":"https:\/\/archiwum.invest-park.com.pl\/wp-content\/uploads\/2014\/12\/Malgorzata-Adamczyk-270x270.jpg","type":"","width":"","height":""}],"schema":{"@context":"https:\/\/schema.org","@graph":[{"@type":"WebPage","@id":"https:\/\/archiwum.invest-park.com.pl\/en\/communication-and-marketing-department\/","url":"https:\/\/archiwum.invest-park.com.pl\/en\/communication-and-marketing-department\/","name":"Communication and Marketing Department - WSSE &quot;INVEST-PARK&quot;. Wa\u0142brzyska Specjalna Strefa Ekonomiczna &quot;INVEST-PARK&quot;.","isPartOf":{"@id":"https:\/\/archiwum.invest-park.com.pl\/#website"},"primaryImageOfPage":{"@id":"https:\/\/archiwum.invest-park.com.pl\/en\/communication-and-marketing-department\/#primaryimage"},"image":{"@id":"https:\/\/archiwum.invest-park.com.pl\/en\/communication-and-marketing-department\/#primaryimage"},"thumbnailUrl":"https:\/\/archiwum.invest-park.com.pl\/wp-content\/uploads\/2014\/12\/Malgorzata-Adamczyk-270x270.jpg","datePublished":"2015-01-08T10:31:03+00:00","dateModified":"2019-06-25T12:36:07+00:00","breadcrumb":{"@id":"https:\/\/archiwum.invest-park.com.pl\/en\/communication-and-marketing-department\/#breadcrumb"},"inLanguage":"en-US","potentialAction":[{"@type":"ReadAction","target":["https:\/\/archiwum.invest-park.com.pl\/en\/communication-and-marketing-department\/"]}]},{"@type":"ImageObject","inLanguage":"en-US","@id":"https:\/\/archiwum.invest-park.com.pl\/en\/communication-and-marketing-department\/#primaryimage","url":"https:\/\/archiwum.invest-park.com.pl\/wp-content\/uploads\/2014\/12\/Malgorzata-Adamczyk-270x270.jpg","contentUrl":"https:\/\/archiwum.invest-park.com.pl\/wp-content\/uploads\/2014\/12\/Malgorzata-Adamczyk-270x270.jpg"},{"@type":"BreadcrumbList","@id":"https:\/\/archiwum.invest-park.com.pl\/en\/communication-and-marketing-department\/#breadcrumb","itemListElement":[{"@type":"ListItem","position":1,"name":"Strona g\u0142\u00f3wna","item":"https:\/\/archiwum.invest-park.com.pl\/en\/"},{"@type":"ListItem","position":2,"name":"Communication and Marketing Department"}]},{"@type":"WebSite","@id":"https:\/\/archiwum.invest-park.com.pl\/#website","url":"https:\/\/archiwum.invest-park.com.pl\/","name":"WSSE &quot;INVEST-PARK&quot;. Wa\u0142brzyska Specjalna Strefa Ekonomiczna &quot;INVEST-PARK&quot;.","description":"Wa\u0142brzyska Specjalna Strefa Ekonomiczna to jedna z najwi\u0119kszych i najdynamiczniej rozwijaj\u0105cych si\u0119 stref ekonomicznych w Polsce | Znajd\u017a tereny inwestycyjne z ulgami podatkowymi | Dzia\u0142ki inwestycyjne | Tereny inwestycyjne | Strefy ekonomiczne w Polsce | Invest in Poland in Special Economic Zone","potentialAction":[{"@type":"SearchAction","target":{"@type":"EntryPoint","urlTemplate":"https:\/\/archiwum.invest-park.com.pl\/?s={search_term_string}"},"query-input":{"@type":"PropertyValueSpecification","valueRequired":true,"valueName":"search_term_string"}}],"inLanguage":"en-US"}]}},"_links":{"self":[{"href":"https:\/\/archiwum.invest-park.com.pl\/en\/wp-json\/wp\/v2\/pages\/1669","targetHints":{"allow":["GET"]}}],"collection":[{"href":"https:\/\/archiwum.invest-park.com.pl\/en\/wp-json\/wp\/v2\/pages"}],"about":[{"href":"https:\/\/archiwum.invest-park.com.pl\/en\/wp-json\/wp\/v2\/types\/page"}],"author":[{"embeddable":true,"href":"https:\/\/archiwum.invest-park.com.pl\/en\/wp-json\/wp\/v2\/users\/1"}],"replies":[{"embeddable":true,"href":"https:\/\/archiwum.invest-park.com.pl\/en\/wp-json\/wp\/v2\/comments?post=1669"}],"version-history":[{"count":15,"href":"https:\/\/archiwum.invest-park.com.pl\/en\/wp-json\/wp\/v2\/pages\/1669\/revisions"}],"predecessor-version":[{"id":10380,"href":"https:\/\/archiwum.invest-park.com.pl\/en\/wp-json\/wp\/v2\/pages\/1669\/revisions\/10380"}],"wp:attachment":[{"href":"https:\/\/archiwum.invest-park.com.pl\/en\/wp-json\/wp\/v2\/media?parent=1669"}],"curies":[{"name":"wp","href":"https:\/\/api.w.org\/{rel}","templated":true}]}}