{"id":1663,"date":"2015-01-08T11:29:25","date_gmt":"2015-01-08T10:29:25","guid":{"rendered":"https:\/\/invest-park.com.pl\/?page_id=1663"},"modified":"2021-06-01T08:54:33","modified_gmt":"2021-06-01T06:54:33","slug":"tax-exemptions","status":"publish","type":"page","link":"https:\/\/archiwum.invest-park.com.pl\/en\/tax-exemptions\/","title":{"rendered":"Poland Investment Zone (PIZ)"},"content":{"rendered":"<p><strong>Poland Investment Zone (PIZ) is an instrument introduced in 2018 to support new investment projects carried out with the territory of the Republic of Poland.<\/strong><br \/>\n<strong>The main principle of PIZ is to cover the entire territory of Poland with a tax exemption system that was previously provided solely by special economic zones.<\/strong><\/p>\n<p>An entrepreneur who is planning a new investment project can currently apply for public aid from several sources, e.g.:<\/p>\n<ul>\n<li>government grants,<\/li>\n<li>subsidies from EU programs,<\/li>\n<li>property tax exemption,<\/li>\n<li>income tax exemption (in any location chosen by the entrepreneur).<\/li>\n<\/ul>\n<p>The companies that manage the special economic zones have been tasked with the implementation of the PIZ program within the entire territory of Poland.<\/p>\n<p>The Wa\u0142brzych Special Economic Zone \u201cINVEST-PARK\u201d (WSEZ \u201cINVEST-PARK\u201d) is one of fourteen state entities that issue decisions on investment support.<br \/>\nThe WSEZ \u201cINVEST-PARK\u201d has over 20 years of experience in locating and supporting investments, both of global corporations and medium, small and micro companies. The WSEZ \u201cINVEST-PARK\u201d supports regional development and creates a business-friendly atmosphere. Under the new investment support program, the Wa\u0142brzych Special EconomicZone \u201cINVEST-PARK\u201d manages an area located in three provinces, 29 counties, and 174 gminas (communes). An entrepreneur who is planning an investment in this area can apply for support in the form of income tax exemption only to the WSEZ \u201cINVEST-PARK\u201d.<\/p>\n<p><strong>The WSEZ \u201cINVEST-PARK\u201d implements the PIZ policy through:<\/strong><\/p>\n<ul>\n<li>granting the decision on support, which entitles an entrepreneur to an income tax exemption in the amount of <strong>25% to 55% of the eligible costs incurred for the new investment<\/strong> (the decision is granted subject to the quantitative and qualitative criteria described <span style=\"text-decoration: underline\"><a href=\"https:\/\/archiwum.invest-park.com.pl\/en\/warunki-uzyskania-zwolnienia-z-podatku-dochodowego\/\" target=\"_blank\" rel=\"noopener\">here<\/a><\/span>)<\/li>\n<li>enabling access to a greenfield area located in south-western Poland,<\/li>\n<li>enabling the purchase or rental of production, warehousing and office facilities,<\/li>\n<li>providing support in legal and organizational matters related to the new investment,<\/li>\n<li>providing other forms of assistance to entrepreneurs carrying out new investment projects,<\/li>\n<li>enabling access to well-developed markets, including automotive, household appliances, machinery, chemicals, and food processing.<\/li>\n<\/ul>\n","protected":false},"excerpt":{"rendered":"<p>Poland Investment Zone (PIZ) is an instrument introduced in 2018 to support new investment projects carried out with the territory of the Republic of Poland. The main principle of PIZ is to cover the entire territory of Poland with a tax exemption system that was previously provided solely by special economic zones. An entrepreneur who <\/p>\n<p class=\"text-right\"><a class=\"btn btn-secondary understrap-read-more-link\" href=\"https:\/\/archiwum.invest-park.com.pl\/en\/tax-exemptions\/\">Read More&#8230;<\/a><\/p>\n","protected":false},"author":1,"featured_media":0,"parent":0,"menu_order":0,"comment_status":"open","ping_status":"closed","template":"","meta":{"_acf_changed":false,"footnotes":""},"class_list":["post-1663","page","type-page","status-publish","hentry"],"acf":[],"yoast_head":"<!-- This site is optimized with the Yoast SEO plugin v27.4 - https:\/\/yoast.com\/product\/yoast-seo-wordpress\/ -->\n<title>Poland Investment Zone (PIZ) - WSSE &quot;INVEST-PARK&quot;. Wa\u0142brzyska Specjalna Strefa Ekonomiczna &quot;INVEST-PARK&quot;.<\/title>\n<meta name=\"robots\" content=\"index, follow, max-snippet:-1, max-image-preview:large, max-video-preview:-1\" \/>\n<link rel=\"canonical\" href=\"https:\/\/archiwum.invest-park.com.pl\/en\/tax-exemptions\/\" \/>\n<meta property=\"og:locale\" content=\"en_US\" \/>\n<meta property=\"og:type\" content=\"article\" \/>\n<meta property=\"og:title\" content=\"Poland Investment Zone (PIZ) - WSSE &quot;INVEST-PARK&quot;. Wa\u0142brzyska Specjalna Strefa Ekonomiczna &quot;INVEST-PARK&quot;.\" \/>\n<meta property=\"og:description\" content=\"Poland Investment Zone (PIZ) is an instrument introduced in 2018 to support new investment projects carried out with the territory of the Republic of Poland. The main principle of PIZ is to cover the entire territory of Poland with a tax exemption system that was previously provided solely by special economic zones. An entrepreneur who Read More...\" \/>\n<meta property=\"og:url\" content=\"https:\/\/archiwum.invest-park.com.pl\/en\/tax-exemptions\/\" \/>\n<meta property=\"og:site_name\" content=\"WSSE &quot;INVEST-PARK&quot;. Wa\u0142brzyska Specjalna Strefa Ekonomiczna &quot;INVEST-PARK&quot;.\" \/>\n<meta property=\"article:modified_time\" content=\"2021-06-01T06:54:33+00:00\" \/>\n<meta name=\"twitter:label1\" content=\"Est. reading time\" \/>\n\t<meta name=\"twitter:data1\" content=\"2 minutes\" \/>\n<script type=\"application\/ld+json\" class=\"yoast-schema-graph\">{\"@context\":\"https:\\\/\\\/schema.org\",\"@graph\":[{\"@type\":\"WebPage\",\"@id\":\"https:\\\/\\\/archiwum.invest-park.com.pl\\\/en\\\/tax-exemptions\\\/\",\"url\":\"https:\\\/\\\/archiwum.invest-park.com.pl\\\/en\\\/tax-exemptions\\\/\",\"name\":\"Poland Investment Zone (PIZ) - WSSE &quot;INVEST-PARK&quot;. Wa\u0142brzyska Specjalna Strefa Ekonomiczna &quot;INVEST-PARK&quot;.\",\"isPartOf\":{\"@id\":\"https:\\\/\\\/archiwum.invest-park.com.pl\\\/#website\"},\"datePublished\":\"2015-01-08T10:29:25+00:00\",\"dateModified\":\"2021-06-01T06:54:33+00:00\",\"breadcrumb\":{\"@id\":\"https:\\\/\\\/archiwum.invest-park.com.pl\\\/en\\\/tax-exemptions\\\/#breadcrumb\"},\"inLanguage\":\"en-US\",\"potentialAction\":[{\"@type\":\"ReadAction\",\"target\":[\"https:\\\/\\\/archiwum.invest-park.com.pl\\\/en\\\/tax-exemptions\\\/\"]}]},{\"@type\":\"BreadcrumbList\",\"@id\":\"https:\\\/\\\/archiwum.invest-park.com.pl\\\/en\\\/tax-exemptions\\\/#breadcrumb\",\"itemListElement\":[{\"@type\":\"ListItem\",\"position\":1,\"name\":\"Strona g\u0142\u00f3wna\",\"item\":\"https:\\\/\\\/archiwum.invest-park.com.pl\\\/en\\\/\"},{\"@type\":\"ListItem\",\"position\":2,\"name\":\"Poland Investment Zone (PIZ)\"}]},{\"@type\":\"WebSite\",\"@id\":\"https:\\\/\\\/archiwum.invest-park.com.pl\\\/#website\",\"url\":\"https:\\\/\\\/archiwum.invest-park.com.pl\\\/\",\"name\":\"WSSE &quot;INVEST-PARK&quot;. Wa\u0142brzyska Specjalna Strefa Ekonomiczna &quot;INVEST-PARK&quot;.\",\"description\":\"Wa\u0142brzyska Specjalna Strefa Ekonomiczna to jedna z najwi\u0119kszych i najdynamiczniej rozwijaj\u0105cych si\u0119 stref ekonomicznych w Polsce | Znajd\u017a tereny inwestycyjne z ulgami podatkowymi | Dzia\u0142ki inwestycyjne | Tereny inwestycyjne | Strefy ekonomiczne w Polsce | Invest in Poland in Special Economic Zone\",\"potentialAction\":[{\"@type\":\"SearchAction\",\"target\":{\"@type\":\"EntryPoint\",\"urlTemplate\":\"https:\\\/\\\/archiwum.invest-park.com.pl\\\/?s={search_term_string}\"},\"query-input\":{\"@type\":\"PropertyValueSpecification\",\"valueRequired\":true,\"valueName\":\"search_term_string\"}}],\"inLanguage\":\"en-US\"}]}<\/script>\n<!-- \/ Yoast SEO plugin. -->","yoast_head_json":{"title":"Poland Investment Zone (PIZ) - WSSE &quot;INVEST-PARK&quot;. Wa\u0142brzyska Specjalna Strefa Ekonomiczna &quot;INVEST-PARK&quot;.","robots":{"index":"index","follow":"follow","max-snippet":"max-snippet:-1","max-image-preview":"max-image-preview:large","max-video-preview":"max-video-preview:-1"},"canonical":"https:\/\/archiwum.invest-park.com.pl\/en\/tax-exemptions\/","og_locale":"en_US","og_type":"article","og_title":"Poland Investment Zone (PIZ) - WSSE &quot;INVEST-PARK&quot;. Wa\u0142brzyska Specjalna Strefa Ekonomiczna &quot;INVEST-PARK&quot;.","og_description":"Poland Investment Zone (PIZ) is an instrument introduced in 2018 to support new investment projects carried out with the territory of the Republic of Poland. The main principle of PIZ is to cover the entire territory of Poland with a tax exemption system that was previously provided solely by special economic zones. An entrepreneur who Read More...","og_url":"https:\/\/archiwum.invest-park.com.pl\/en\/tax-exemptions\/","og_site_name":"WSSE &quot;INVEST-PARK&quot;. Wa\u0142brzyska Specjalna Strefa Ekonomiczna &quot;INVEST-PARK&quot;.","article_modified_time":"2021-06-01T06:54:33+00:00","twitter_misc":{"Est. reading time":"2 minutes"},"schema":{"@context":"https:\/\/schema.org","@graph":[{"@type":"WebPage","@id":"https:\/\/archiwum.invest-park.com.pl\/en\/tax-exemptions\/","url":"https:\/\/archiwum.invest-park.com.pl\/en\/tax-exemptions\/","name":"Poland Investment Zone (PIZ) - WSSE &quot;INVEST-PARK&quot;. Wa\u0142brzyska Specjalna Strefa Ekonomiczna &quot;INVEST-PARK&quot;.","isPartOf":{"@id":"https:\/\/archiwum.invest-park.com.pl\/#website"},"datePublished":"2015-01-08T10:29:25+00:00","dateModified":"2021-06-01T06:54:33+00:00","breadcrumb":{"@id":"https:\/\/archiwum.invest-park.com.pl\/en\/tax-exemptions\/#breadcrumb"},"inLanguage":"en-US","potentialAction":[{"@type":"ReadAction","target":["https:\/\/archiwum.invest-park.com.pl\/en\/tax-exemptions\/"]}]},{"@type":"BreadcrumbList","@id":"https:\/\/archiwum.invest-park.com.pl\/en\/tax-exemptions\/#breadcrumb","itemListElement":[{"@type":"ListItem","position":1,"name":"Strona g\u0142\u00f3wna","item":"https:\/\/archiwum.invest-park.com.pl\/en\/"},{"@type":"ListItem","position":2,"name":"Poland Investment Zone (PIZ)"}]},{"@type":"WebSite","@id":"https:\/\/archiwum.invest-park.com.pl\/#website","url":"https:\/\/archiwum.invest-park.com.pl\/","name":"WSSE &quot;INVEST-PARK&quot;. Wa\u0142brzyska Specjalna Strefa Ekonomiczna &quot;INVEST-PARK&quot;.","description":"Wa\u0142brzyska Specjalna Strefa Ekonomiczna to jedna z najwi\u0119kszych i najdynamiczniej rozwijaj\u0105cych si\u0119 stref ekonomicznych w Polsce | Znajd\u017a tereny inwestycyjne z ulgami podatkowymi | Dzia\u0142ki inwestycyjne | Tereny inwestycyjne | Strefy ekonomiczne w Polsce | Invest in Poland in Special Economic Zone","potentialAction":[{"@type":"SearchAction","target":{"@type":"EntryPoint","urlTemplate":"https:\/\/archiwum.invest-park.com.pl\/?s={search_term_string}"},"query-input":{"@type":"PropertyValueSpecification","valueRequired":true,"valueName":"search_term_string"}}],"inLanguage":"en-US"}]}},"_links":{"self":[{"href":"https:\/\/archiwum.invest-park.com.pl\/en\/wp-json\/wp\/v2\/pages\/1663","targetHints":{"allow":["GET"]}}],"collection":[{"href":"https:\/\/archiwum.invest-park.com.pl\/en\/wp-json\/wp\/v2\/pages"}],"about":[{"href":"https:\/\/archiwum.invest-park.com.pl\/en\/wp-json\/wp\/v2\/types\/page"}],"author":[{"embeddable":true,"href":"https:\/\/archiwum.invest-park.com.pl\/en\/wp-json\/wp\/v2\/users\/1"}],"replies":[{"embeddable":true,"href":"https:\/\/archiwum.invest-park.com.pl\/en\/wp-json\/wp\/v2\/comments?post=1663"}],"version-history":[{"count":19,"href":"https:\/\/archiwum.invest-park.com.pl\/en\/wp-json\/wp\/v2\/pages\/1663\/revisions"}],"predecessor-version":[{"id":18669,"href":"https:\/\/archiwum.invest-park.com.pl\/en\/wp-json\/wp\/v2\/pages\/1663\/revisions\/18669"}],"wp:attachment":[{"href":"https:\/\/archiwum.invest-park.com.pl\/en\/wp-json\/wp\/v2\/media?parent=1663"}],"curies":[{"name":"wp","href":"https:\/\/api.w.org\/{rel}","templated":true}]}}