{"id":11483,"date":"2019-11-13T09:52:20","date_gmt":"2019-11-13T08:52:20","guid":{"rendered":"https:\/\/invest-park.com.pl\/?page_id=11483"},"modified":"2023-11-06T14:11:28","modified_gmt":"2023-11-06T13:11:28","slug":"contact","status":"publish","type":"page","link":"https:\/\/archiwum.invest-park.com.pl\/en\/contact\/","title":{"rendered":"Contact"},"content":{"rendered":"<div id=\"accordion-1\" class=\"accordion no-js\"> \n\t\t\t\t\t<h2 class=\"accordion-title\">\n\t\t\t\t<button id=\"sek\" class=\"js-accordion-controller\" aria-controls=\"content-sek\" aria-expanded=\"false\"  data-initialstate=\"closed\">\n\t\t\t\t\tFront desk\t\t\t\t<\/button>\n\t\t\t<\/h2>\n\t\t\n\t\t<div id=\"content-sek\" class=\"accordion-content\" aria-hidden=\"true\">\n\t\t\t<\/p>\n<p>Tel. <strong>+48 74 664 91 64<\/strong><br \/>\nmail:\u00a0<a href=\"mailto:invest@invest-park.com.pl\"><strong>invest@invest-park.com.pl<\/strong><\/a><br \/>\nOpen: <strong>7:30 &#8211; 15:30 (Mon-Fri)<\/strong><\/p>\n<p>\t\t<\/div>\n\n\t\t<\/p>\n<p>\n\t\t\t\t\t<h2 class=\"accordion-title\">\n\t\t\t\t<button id=\"z\" class=\"js-accordion-controller\" aria-controls=\"content-z\" aria-expanded=\"false\"  data-initialstate=\"closed\">\n\t\t\t\t\tManagement Board\t\t\t\t<\/button>\n\t\t\t<\/h2>\n\t\t\n\t\t<div id=\"content-z\" class=\"accordion-content\" aria-hidden=\"true\">\n\t\t\t<\/p>\n<h3><span style=\"color: #003366\">Management Board:<\/span><\/h3>\n<hr \/>\n<div class=\"col-lg-5\"><img loading=\"lazy\" decoding=\"async\" class=\"alignnone wp-image-19754\" src=\"https:\/\/archiwum.invest-park.com.pl\/wp-content\/uploads\/2021\/10\/b2d1d5de-6bcc-4df1-9ca3-3fe91a695999-200x300.jpg\" alt=\"Brak opisu obrazka\" width=\"300\" height=\"450\" srcset=\"https:\/\/archiwum.invest-park.com.pl\/wp-content\/uploads\/2021\/10\/b2d1d5de-6bcc-4df1-9ca3-3fe91a695999-200x300.jpg 200w, https:\/\/archiwum.invest-park.com.pl\/wp-content\/uploads\/2021\/10\/b2d1d5de-6bcc-4df1-9ca3-3fe91a695999-180x270.jpg 180w, https:\/\/archiwum.invest-park.com.pl\/wp-content\/uploads\/2021\/10\/b2d1d5de-6bcc-4df1-9ca3-3fe91a695999-600x900.jpg 600w, https:\/\/archiwum.invest-park.com.pl\/wp-content\/uploads\/2021\/10\/b2d1d5de-6bcc-4df1-9ca3-3fe91a695999.jpg 683w\" sizes=\"auto, (max-width: 300px) 100vw, 300px\" \/><\/div>\n<div class=\"col-lg-6\">\n<pre><\/pre>\n<p><strong>Piotr Wojtyczka, President of the Management Board<\/strong><\/p>\n<p>Graduate of postgraduate studies &#8211; Master of Business Administration, as well as an experienced expert in the field of human resources management, image communication and Public Affairs.<\/p>\n<p>In 2015-2016 he was Marketing Director at Lotniczy Dworzec Towarowy Cargo. Since 2012, he has been associated with the industry of new technologies and IT. Initially as a consultant, then as a manager, Vice President of the Management Board and proxy of an IT company, where he was responsible for planning international product campaigns and the marketing department, as well as increasing sales results. From 2016, as part of his own business, he conducted ongoing strategic consulting in the field of Public Relations and Public Affairs. From March 2017, he was the Managing Director and President of the Management Board in the integrated communication agency &#8211; Prospect sp.z o.o. sp. k., where he was responsible for day-to-day supervision over the company&#8217;s work and development strategy, as well as for shaping company&#8217;s business model. From February 2019 to October 2021, he was the Vice President of the Management Board of the Legnica Special Economic Zone.<\/p>\n<\/div>\n<p>&nbsp;<\/p>\n<p>&nbsp;<\/p>\n<p>&nbsp;<\/p>\n<div class=\"col-lg-5\"><img loading=\"lazy\" decoding=\"async\" class=\"alignnone wp-image-25122\" src=\"https:\/\/archiwum.invest-park.com.pl\/wp-content\/uploads\/2023\/04\/wb2-200x300.jpg\" alt=\"Brak opisu obrazka\" width=\"310\" height=\"465\" data-wpmflightbox=\"0\" data-wpmf_image_lightbox=\"https:\/\/archiwum.invest-park.com.pl\/wp-content\/uploads\/2023\/04\/wb2.jpg\" srcset=\"https:\/\/archiwum.invest-park.com.pl\/wp-content\/uploads\/2023\/04\/wb2-200x300.jpg 200w, https:\/\/archiwum.invest-park.com.pl\/wp-content\/uploads\/2023\/04\/wb2-683x1024.jpg 683w, https:\/\/archiwum.invest-park.com.pl\/wp-content\/uploads\/2023\/04\/wb2-180x270.jpg 180w, https:\/\/archiwum.invest-park.com.pl\/wp-content\/uploads\/2023\/04\/wb2-768x1152.jpg 768w, https:\/\/archiwum.invest-park.com.pl\/wp-content\/uploads\/2023\/04\/wb2-600x900.jpg 600w, https:\/\/archiwum.invest-park.com.pl\/wp-content\/uploads\/2023\/04\/wb2-1024x1536.jpg 1024w, https:\/\/archiwum.invest-park.com.pl\/wp-content\/uploads\/2023\/04\/wb2.jpg 1250w\" sizes=\"auto, (max-width: 310px) 100vw, 310px\" \/><\/div>\n<div class=\"col-lg-6\">\n<pre><\/pre>\n<p><strong>Waldemar Brykalski, Vice-President of the Management Board<\/strong><br \/>\nExpert in project management and specialist in econometrics. Graduate of computer science at the Wroc\u0142aw University of Economics. He holds a Master of Business Administration and a Doctor of Business Administration from Apsley Business School in London. He has gained extensive professional experience in the private sector (e.g., as the owner of a company specializing in designing and maintaining computer networks) and in the public sector (coordinating crisis management tasks and supervising development and investment processes in local government units). As Manager of the Municipal Economy in the Municipality of Jawor, he was responsible for the comprehensive preparation and implementation of the free public transport system. In recent years, as Director of the Organisational Division, he supervised the implementation of tasks in the IT and PZP areas and the commercialization of the Wroc\u0142awskie Mieszkania company\u2019s offer. As Deputy Chief Commandant of OHP, he was responsible for supervising the Information and Consultation Centre and the development of the Electronic Youth Activation Centre.<\/p>\n<\/div>\n<hr \/>\n<h3><span style=\"color: #003366\">Secretariat of the Board:<\/span><\/h3>\n<p>Tel. <strong>+48 74 664 91 64<\/strong><br \/>\nmail:\u00a0<a href=\"mailto:invest@invest-park.com.pl\"><strong>invest@invest-park.com.pl<\/strong><\/a><br \/>\nOpen: <strong>\u00a07:30 \u2013 15:30 (Mon\u2013Fri)<\/strong><\/p>\n<p>\t\t<\/div>\n\n\t\t<\/p>\n<p>\n\t\t\t\t\t<h2 class=\"accordion-title\">\n\t\t\t\t<button id=\"doi\" class=\"js-accordion-controller\" aria-controls=\"content-doi\" aria-expanded=\"false\"  data-initialstate=\"closed\">\n\t\t\t\t\tInvestor Service Department\t\t\t\t<\/button>\n\t\t\t<\/h2>\n\t\t\n\t\t<div id=\"content-doi\" class=\"accordion-content\" aria-hidden=\"true\">\n\t\t\t Tasks: contacting and supporting the investor at every stage of the investment process, coordinating the procedure connected with the issuance of the decision on the support of a new investment project, conducting negotiations and tenders for the sale of land, renting industrial facilities, providing information on public aid, organizing training courses, conferences and seminars for entrepreneurs operating in the Wa\u0142brzych Special Economic Zone or covered by the Polish Investment Zone program.<\/p>\n<p>\t\t<\/div>\n\n\t\t<\/p>\n<p>\n\t\t\t\t\t<h2 class=\"accordion-title\">\n\t\t\t\t<button id=\"dkim\" class=\"js-accordion-controller\" aria-controls=\"content-dkim\" aria-expanded=\"false\"  data-initialstate=\"closed\">\n\t\t\t\t\tCommunication and Marketing Department\t\t\t\t<\/button>\n\t\t\t<\/h2>\n\t\t\n\t\t<div id=\"content-dkim\" class=\"accordion-content\" aria-hidden=\"true\">\n\t\t\tTasks: marketing, promotion, press service, organization (conferences, events, training sessions, economic missions), website administration, social media.<\/p>\n<div class=\"row\">\n<div class=\"col-lg-5\">\n<p>* Please send press inquiries to the following address: <a href=\"mailto:dkm@invest-park.com.pl\">dkm@invest-park.com.pl<\/a><\/p>\n<\/div>\n<\/div>\n<p>\t\t<\/div>\n\n\t\t<br \/>\n<\/div>\n","protected":false},"excerpt":{"rendered":"\n<p class=\"text-right\"><a class=\"btn btn-secondary understrap-read-more-link\" href=\"https:\/\/archiwum.invest-park.com.pl\/en\/contact\/\">Read More&#8230;<\/a><\/p>\n","protected":false},"author":294,"featured_media":0,"parent":0,"menu_order":0,"comment_status":"open","ping_status":"closed","template":"","meta":{"_acf_changed":false,"footnotes":""},"class_list":["post-11483","page","type-page","status-publish","hentry"],"acf":[],"yoast_head":"<!-- This site is optimized with the Yoast SEO plugin v27.4 - https:\/\/yoast.com\/product\/yoast-seo-wordpress\/ -->\n<title>Contact - WSSE &quot;INVEST-PARK&quot;. Wa\u0142brzyska Specjalna Strefa Ekonomiczna &quot;INVEST-PARK&quot;.<\/title>\n<meta name=\"robots\" content=\"index, follow, max-snippet:-1, max-image-preview:large, max-video-preview:-1\" \/>\n<link rel=\"canonical\" href=\"https:\/\/archiwum.invest-park.com.pl\/en\/contact\/\" \/>\n<meta property=\"og:locale\" content=\"en_US\" \/>\n<meta property=\"og:type\" content=\"article\" \/>\n<meta property=\"og:title\" content=\"Contact - WSSE &quot;INVEST-PARK&quot;. Wa\u0142brzyska Specjalna Strefa Ekonomiczna &quot;INVEST-PARK&quot;.\" \/>\n<meta property=\"og:description\" content=\"Read More...\" \/>\n<meta property=\"og:url\" content=\"https:\/\/archiwum.invest-park.com.pl\/en\/contact\/\" \/>\n<meta property=\"og:site_name\" content=\"WSSE &quot;INVEST-PARK&quot;. Wa\u0142brzyska Specjalna Strefa Ekonomiczna &quot;INVEST-PARK&quot;.\" \/>\n<meta property=\"article:modified_time\" content=\"2023-11-06T13:11:28+00:00\" \/>\n<meta property=\"og:image\" content=\"https:\/\/archiwum.invest-park.com.pl\/wp-content\/uploads\/2021\/10\/b2d1d5de-6bcc-4df1-9ca3-3fe91a695999-200x300.jpg\" \/>\n<meta name=\"twitter:label1\" content=\"Est. reading time\" \/>\n\t<meta name=\"twitter:data1\" content=\"4 minutes\" \/>\n<script type=\"application\/ld+json\" class=\"yoast-schema-graph\">{\"@context\":\"https:\\\/\\\/schema.org\",\"@graph\":[{\"@type\":\"WebPage\",\"@id\":\"https:\\\/\\\/archiwum.invest-park.com.pl\\\/en\\\/contact\\\/\",\"url\":\"https:\\\/\\\/archiwum.invest-park.com.pl\\\/en\\\/contact\\\/\",\"name\":\"Contact - WSSE &quot;INVEST-PARK&quot;. Wa\u0142brzyska Specjalna Strefa Ekonomiczna &quot;INVEST-PARK&quot;.\",\"isPartOf\":{\"@id\":\"https:\\\/\\\/archiwum.invest-park.com.pl\\\/#website\"},\"primaryImageOfPage\":{\"@id\":\"https:\\\/\\\/archiwum.invest-park.com.pl\\\/en\\\/contact\\\/#primaryimage\"},\"image\":{\"@id\":\"https:\\\/\\\/archiwum.invest-park.com.pl\\\/en\\\/contact\\\/#primaryimage\"},\"thumbnailUrl\":\"https:\\\/\\\/archiwum.invest-park.com.pl\\\/wp-content\\\/uploads\\\/2021\\\/10\\\/b2d1d5de-6bcc-4df1-9ca3-3fe91a695999-200x300.jpg\",\"datePublished\":\"2019-11-13T08:52:20+00:00\",\"dateModified\":\"2023-11-06T13:11:28+00:00\",\"breadcrumb\":{\"@id\":\"https:\\\/\\\/archiwum.invest-park.com.pl\\\/en\\\/contact\\\/#breadcrumb\"},\"inLanguage\":\"en-US\",\"potentialAction\":[{\"@type\":\"ReadAction\",\"target\":[\"https:\\\/\\\/archiwum.invest-park.com.pl\\\/en\\\/contact\\\/\"]}]},{\"@type\":\"ImageObject\",\"inLanguage\":\"en-US\",\"@id\":\"https:\\\/\\\/archiwum.invest-park.com.pl\\\/en\\\/contact\\\/#primaryimage\",\"url\":\"https:\\\/\\\/archiwum.invest-park.com.pl\\\/wp-content\\\/uploads\\\/2021\\\/10\\\/b2d1d5de-6bcc-4df1-9ca3-3fe91a695999-200x300.jpg\",\"contentUrl\":\"https:\\\/\\\/archiwum.invest-park.com.pl\\\/wp-content\\\/uploads\\\/2021\\\/10\\\/b2d1d5de-6bcc-4df1-9ca3-3fe91a695999-200x300.jpg\"},{\"@type\":\"BreadcrumbList\",\"@id\":\"https:\\\/\\\/archiwum.invest-park.com.pl\\\/en\\\/contact\\\/#breadcrumb\",\"itemListElement\":[{\"@type\":\"ListItem\",\"position\":1,\"name\":\"Strona g\u0142\u00f3wna\",\"item\":\"https:\\\/\\\/archiwum.invest-park.com.pl\\\/en\\\/\"},{\"@type\":\"ListItem\",\"position\":2,\"name\":\"Contact\"}]},{\"@type\":\"WebSite\",\"@id\":\"https:\\\/\\\/archiwum.invest-park.com.pl\\\/#website\",\"url\":\"https:\\\/\\\/archiwum.invest-park.com.pl\\\/\",\"name\":\"WSSE &quot;INVEST-PARK&quot;. Wa\u0142brzyska Specjalna Strefa Ekonomiczna &quot;INVEST-PARK&quot;.\",\"description\":\"Wa\u0142brzyska Specjalna Strefa Ekonomiczna to jedna z najwi\u0119kszych i najdynamiczniej rozwijaj\u0105cych si\u0119 stref ekonomicznych w Polsce | Znajd\u017a tereny inwestycyjne z ulgami podatkowymi | Dzia\u0142ki inwestycyjne | Tereny inwestycyjne | Strefy ekonomiczne w Polsce | Invest in Poland in Special Economic Zone\",\"potentialAction\":[{\"@type\":\"SearchAction\",\"target\":{\"@type\":\"EntryPoint\",\"urlTemplate\":\"https:\\\/\\\/archiwum.invest-park.com.pl\\\/?s={search_term_string}\"},\"query-input\":{\"@type\":\"PropertyValueSpecification\",\"valueRequired\":true,\"valueName\":\"search_term_string\"}}],\"inLanguage\":\"en-US\"}]}<\/script>\n<!-- \/ Yoast SEO plugin. -->","yoast_head_json":{"title":"Contact - WSSE &quot;INVEST-PARK&quot;. Wa\u0142brzyska Specjalna Strefa Ekonomiczna &quot;INVEST-PARK&quot;.","robots":{"index":"index","follow":"follow","max-snippet":"max-snippet:-1","max-image-preview":"max-image-preview:large","max-video-preview":"max-video-preview:-1"},"canonical":"https:\/\/archiwum.invest-park.com.pl\/en\/contact\/","og_locale":"en_US","og_type":"article","og_title":"Contact - WSSE &quot;INVEST-PARK&quot;. Wa\u0142brzyska Specjalna Strefa Ekonomiczna &quot;INVEST-PARK&quot;.","og_description":"Read More...","og_url":"https:\/\/archiwum.invest-park.com.pl\/en\/contact\/","og_site_name":"WSSE &quot;INVEST-PARK&quot;. Wa\u0142brzyska Specjalna Strefa Ekonomiczna &quot;INVEST-PARK&quot;.","article_modified_time":"2023-11-06T13:11:28+00:00","og_image":[{"url":"https:\/\/archiwum.invest-park.com.pl\/wp-content\/uploads\/2021\/10\/b2d1d5de-6bcc-4df1-9ca3-3fe91a695999-200x300.jpg","type":"","width":"","height":""}],"twitter_misc":{"Est. reading time":"4 minutes"},"schema":{"@context":"https:\/\/schema.org","@graph":[{"@type":"WebPage","@id":"https:\/\/archiwum.invest-park.com.pl\/en\/contact\/","url":"https:\/\/archiwum.invest-park.com.pl\/en\/contact\/","name":"Contact - WSSE &quot;INVEST-PARK&quot;. Wa\u0142brzyska Specjalna Strefa Ekonomiczna &quot;INVEST-PARK&quot;.","isPartOf":{"@id":"https:\/\/archiwum.invest-park.com.pl\/#website"},"primaryImageOfPage":{"@id":"https:\/\/archiwum.invest-park.com.pl\/en\/contact\/#primaryimage"},"image":{"@id":"https:\/\/archiwum.invest-park.com.pl\/en\/contact\/#primaryimage"},"thumbnailUrl":"https:\/\/archiwum.invest-park.com.pl\/wp-content\/uploads\/2021\/10\/b2d1d5de-6bcc-4df1-9ca3-3fe91a695999-200x300.jpg","datePublished":"2019-11-13T08:52:20+00:00","dateModified":"2023-11-06T13:11:28+00:00","breadcrumb":{"@id":"https:\/\/archiwum.invest-park.com.pl\/en\/contact\/#breadcrumb"},"inLanguage":"en-US","potentialAction":[{"@type":"ReadAction","target":["https:\/\/archiwum.invest-park.com.pl\/en\/contact\/"]}]},{"@type":"ImageObject","inLanguage":"en-US","@id":"https:\/\/archiwum.invest-park.com.pl\/en\/contact\/#primaryimage","url":"https:\/\/archiwum.invest-park.com.pl\/wp-content\/uploads\/2021\/10\/b2d1d5de-6bcc-4df1-9ca3-3fe91a695999-200x300.jpg","contentUrl":"https:\/\/archiwum.invest-park.com.pl\/wp-content\/uploads\/2021\/10\/b2d1d5de-6bcc-4df1-9ca3-3fe91a695999-200x300.jpg"},{"@type":"BreadcrumbList","@id":"https:\/\/archiwum.invest-park.com.pl\/en\/contact\/#breadcrumb","itemListElement":[{"@type":"ListItem","position":1,"name":"Strona g\u0142\u00f3wna","item":"https:\/\/archiwum.invest-park.com.pl\/en\/"},{"@type":"ListItem","position":2,"name":"Contact"}]},{"@type":"WebSite","@id":"https:\/\/archiwum.invest-park.com.pl\/#website","url":"https:\/\/archiwum.invest-park.com.pl\/","name":"WSSE &quot;INVEST-PARK&quot;. Wa\u0142brzyska Specjalna Strefa Ekonomiczna &quot;INVEST-PARK&quot;.","description":"Wa\u0142brzyska Specjalna Strefa Ekonomiczna to jedna z najwi\u0119kszych i najdynamiczniej rozwijaj\u0105cych si\u0119 stref ekonomicznych w Polsce | Znajd\u017a tereny inwestycyjne z ulgami podatkowymi | Dzia\u0142ki inwestycyjne | Tereny inwestycyjne | Strefy ekonomiczne w Polsce | Invest in Poland in Special Economic Zone","potentialAction":[{"@type":"SearchAction","target":{"@type":"EntryPoint","urlTemplate":"https:\/\/archiwum.invest-park.com.pl\/?s={search_term_string}"},"query-input":{"@type":"PropertyValueSpecification","valueRequired":true,"valueName":"search_term_string"}}],"inLanguage":"en-US"}]}},"_links":{"self":[{"href":"https:\/\/archiwum.invest-park.com.pl\/en\/wp-json\/wp\/v2\/pages\/11483","targetHints":{"allow":["GET"]}}],"collection":[{"href":"https:\/\/archiwum.invest-park.com.pl\/en\/wp-json\/wp\/v2\/pages"}],"about":[{"href":"https:\/\/archiwum.invest-park.com.pl\/en\/wp-json\/wp\/v2\/types\/page"}],"author":[{"embeddable":true,"href":"https:\/\/archiwum.invest-park.com.pl\/en\/wp-json\/wp\/v2\/users\/294"}],"replies":[{"embeddable":true,"href":"https:\/\/archiwum.invest-park.com.pl\/en\/wp-json\/wp\/v2\/comments?post=11483"}],"version-history":[{"count":27,"href":"https:\/\/archiwum.invest-park.com.pl\/en\/wp-json\/wp\/v2\/pages\/11483\/revisions"}],"predecessor-version":[{"id":26688,"href":"https:\/\/archiwum.invest-park.com.pl\/en\/wp-json\/wp\/v2\/pages\/11483\/revisions\/26688"}],"wp:attachment":[{"href":"https:\/\/archiwum.invest-park.com.pl\/en\/wp-json\/wp\/v2\/media?parent=11483"}],"curies":[{"name":"wp","href":"https:\/\/api.w.org\/{rel}","templated":true}]}}